{"id":63451,"date":"2022-06-10T16:05:13","date_gmt":"2022-06-10T16:05:14","guid":{"rendered":"https:\/\/minorpostcards.fi\/?post_type=product&#038;p=63451"},"modified":"2024-11-01T14:45:17","modified_gmt":"2024-11-01T12:45:17","slug":"tallinnan-vanhakaupunki","status":"publish","type":"product","link":"https:\/\/minorpostcards.fi\/fi\/tuote\/kortit\/tallinnan-vanhakaupunki\/","title":{"rendered":"Tallinnan vanhakaupunki"},"content":{"rendered":"<p>Tallinnan kaupunki sijaitsee Virossa Suomenlahden toisella puolella ja sinne on matkaa Helsingist\u00e4 noin 80 km. Tallinna on perustettu jo 1150-luvun puoliv\u00e4liss\u00e4 ja se on kuulunut Virolle, Tanskalle, Saksalle, Ruotsille ja Ven\u00e4j\u00e4lle. Viro oli itsen\u00e4inen valtio 1918-1940 v\u00e4lisen ajan, jonka j\u00e4lkeen se oli Neuvostoliiton alainen sosialistinen neuvostotasavalta. Viro uudelleenitsen\u00e4istyi syksyll\u00e4 1991 ja Tallinnasta tuli sen p\u00e4\u00e4kaupunki.<\/p>\n<p>Tallinnan vanhakaupunki, Tallinna vanalinn, hyv\u00e4ksyttiin Unescon maailmanperint\u00f6luetteloon 1997. Siell\u00e4 on monia suosittuja n\u00e4ht\u00e4vyyksi\u00e4 kuten Tallinnan raatihuone, Niguliste kirkko, Olevisten kirkko, Tallinnan tuomiokirkko ja Viron historianmuseo. Valokuva on otettu Kohtuotsa-n\u00e4k\u00f6alatasanteelta ja siin\u00e4 n\u00e4kyy vanhan kaupunginosan punatiilikattoisia rakennuksia sek\u00e4 pilkahdus Suomenlahtea kuvan taka-alalla.<\/p>\n<p>T\u00e4ss\u00e4 kortissa on tavallisuudesta poikkeava mattapinnoite. Sen ansiosta kortin pinta tuntuu pehme\u00e4lle, melkein kankaiselle, ja sit\u00e4 voi hypistell\u00e4 vapaasti koska pintaan ei j\u00e4\u00e4 sormenj\u00e4lki\u00e4!<\/p>\n","protected":false},"excerpt":{"rendered":"<p>Postikortti.<\/p>\n","protected":false},"featured_media":63678,"template":"","meta":[],"product_brand":[],"product_cat":[19],"product_tag":[161],"class_list":{"0":"post-63451","1":"product","2":"type-product","3":"status-publish","4":"has-post-thumbnail","6":"product_cat-kortit","7":"product_tag-unesco-2","8":"product_shipping_class-cards","10":"first","11":"instock","12":"taxable","13":"shipping-taxable","14":"purchasable","15":"product-type-simple"},"_links":{"self":[{"href":"https:\/\/minorpostcards.fi\/fi\/wp-json\/wp\/v2\/product\/63451","targetHints":{"allow":["GET"]}}],"collection":[{"href":"https:\/\/minorpostcards.fi\/fi\/wp-json\/wp\/v2\/product"}],"about":[{"href":"https:\/\/minorpostcards.fi\/fi\/wp-json\/wp\/v2\/types\/product"}],"wp:featuredmedia":[{"embeddable":true,"href":"https:\/\/minorpostcards.fi\/fi\/wp-json\/wp\/v2\/media\/63678"}],"wp:attachment":[{"href":"https:\/\/minorpostcards.fi\/fi\/wp-json\/wp\/v2\/media?parent=63451"}],"wp:term":[{"taxonomy":"product_brand","embeddable":true,"href":"https:\/\/minorpostcards.fi\/fi\/wp-json\/wp\/v2\/product_brand?post=63451"},{"taxonomy":"product_cat","embeddable":true,"href":"https:\/\/minorpostcards.fi\/fi\/wp-json\/wp\/v2\/product_cat?post=63451"},{"taxonomy":"product_tag","embeddable":true,"href":"https:\/\/minorpostcards.fi\/fi\/wp-json\/wp\/v2\/product_tag?post=63451"}],"curies":[{"name":"wp","href":"https:\/\/api.w.org\/{rel}","templated":true}]}}