{"id":63455,"date":"2022-06-10T16:10:07","date_gmt":"2022-06-10T16:10:07","guid":{"rendered":"https:\/\/minorpostcards.fi\/?post_type=product&#038;p=63455"},"modified":"2026-04-20T14:29:02","modified_gmt":"2026-04-20T11:29:02","slug":"finnish-national-dish-rye-bread","status":"publish","type":"product","link":"https:\/\/minorpostcards.fi\/fi\/tuote\/kortit\/finnish-national-dish-rye-bread\/","title":{"rendered":"Finnish national dish Rye bread"},"content":{"rendered":"<p><strong>T\u00e4ss\u00e4 kortissa ohje on englanniksi!<\/strong><\/p>\n<p>Ruisleip\u00e4 on suomalaisten suosituin leip\u00e4 ja sy\u00f6mme sit\u00e4 eniten maailmassa. Se onkin valittu \u00e4\u00e4nestyksess\u00e4 Suomen kansallisruoaksi. Ruisleiv\u00e4n leipominen vie aikaa ja teko-ohje on pitk\u00e4, siksi korttejakin on kaksi eri versiota, suomenkielinen ja englanniksi k\u00e4\u00e4nnetty&#8230;. eik\u00e4 siltik\u00e4\u00e4n ohjeeseen saatu mahtumaan juuren tekemisen ohjetta, joten t\u00e4st\u00e4 se l\u00f6ytyy!<b><\/b><\/p>\n<p><strong>Juuri p\u00e4iv\u00e4 1 ilta:<\/strong><br \/>\n20 g valmista\u00a0<span class=\"il\">ruisleip\u00e4<\/span>\u00e4 (ilman kuoria)<br \/>\n1 dl haaleaa vett\u00e4<br \/>\n0,75 dl ruisjauhoja<\/p>\n<div>\n<p>Murenna leip\u00e4 kulhoon, lis\u00e4\u00e4 vesi ja vatkaa joukkoon ruisjauhot. J\u00e4t\u00e4 astian kansi raolleen ja anna seist\u00e4 huoneenl\u00e4mm\u00f6ss\u00e4 y\u00f6n yli.<\/p>\n<\/div>\n<div><b>Juuri p\u00e4iv\u00e4 2 aamu:<br \/>\n<\/b>0,75 dl haaleaa vett\u00e4<br \/>\n0,75 dl ruisjauhojaLis\u00e4\u00e4 kulhoon vesi ja vatkaa jauhot joukkoon. Anna seist\u00e4 seuraavaan aamuun ilmavasti kannella peitettyn\u00e4. Valmis juuri kuplii ja tuoksuu happamalle. Jatkossa juuri otetaan valmiista taikinasta, jolloin sen maku kehittyy. Juuren voi pakastaa, j\u00e4\u00e4kaapissa se s\u00e4ilyy pari viikkoa.<\/div>\n","protected":false},"excerpt":{"rendered":"<p>Postikortti.<\/p>\n","protected":false},"featured_media":63409,"template":"","meta":[],"product_brand":[],"product_cat":[19],"product_tag":[128,194,137,115],"class_list":{"0":"post-63455","1":"product","2":"type-product","3":"status-publish","4":"has-post-thumbnail","6":"product_cat-kortit","7":"product_tag-nostalgia","8":"product_tag-reseptit","9":"product_tag-ruoka","10":"product_tag-suomi","11":"product_shipping_class-cards","13":"first","14":"instock","15":"taxable","16":"shipping-taxable","17":"purchasable","18":"product-type-simple"},"_links":{"self":[{"href":"https:\/\/minorpostcards.fi\/fi\/wp-json\/wp\/v2\/product\/63455","targetHints":{"allow":["GET"]}}],"collection":[{"href":"https:\/\/minorpostcards.fi\/fi\/wp-json\/wp\/v2\/product"}],"about":[{"href":"https:\/\/minorpostcards.fi\/fi\/wp-json\/wp\/v2\/types\/product"}],"wp:featuredmedia":[{"embeddable":true,"href":"https:\/\/minorpostcards.fi\/fi\/wp-json\/wp\/v2\/media\/63409"}],"wp:attachment":[{"href":"https:\/\/minorpostcards.fi\/fi\/wp-json\/wp\/v2\/media?parent=63455"}],"wp:term":[{"taxonomy":"product_brand","embeddable":true,"href":"https:\/\/minorpostcards.fi\/fi\/wp-json\/wp\/v2\/product_brand?post=63455"},{"taxonomy":"product_cat","embeddable":true,"href":"https:\/\/minorpostcards.fi\/fi\/wp-json\/wp\/v2\/product_cat?post=63455"},{"taxonomy":"product_tag","embeddable":true,"href":"https:\/\/minorpostcards.fi\/fi\/wp-json\/wp\/v2\/product_tag?post=63455"}],"curies":[{"name":"wp","href":"https:\/\/api.w.org\/{rel}","templated":true}]}}