{"id":66276,"date":"2025-07-02T10:27:26","date_gmt":"2022-08-26T10:27:26","guid":{"rendered":"https:\/\/minorpostcards.fi\/?post_type=product&#038;p=66276"},"modified":"2026-04-06T17:39:46","modified_gmt":"2026-04-06T14:39:46","slug":"world-postcard-day-varikas-tarra-arkki","status":"publish","type":"product","link":"https:\/\/minorpostcards.fi\/fi\/tuote\/tarrat\/world-postcard-day-varikas-tarra-arkki\/","title":{"rendered":"World Postcard Day v\u00e4rik\u00e4s tarra-arkki"},"content":{"rendered":"<p>Onko lokakuun ensimm\u00e4isen\u00e4 p\u00e4iv\u00e4n\u00e4 vietett\u00e4v\u00e4 <a href=\"https:\/\/worldpostcardday.com\/\" target=\"_blank\" rel=\"noopener\">World Postcard Day<\/a> jo sinulle tuttu? Sen juhliminen on aloitettu vuonna 2019, jolloin postikortti t\u00e4ytti 150 vuotta. Liity hauskuuteen ja l\u00e4het\u00e4 kortteja, ja tietysti juhlap\u00e4iv\u00e4\u00e4n sopivilla tarroilla koristeltuna.<\/p>\n<p>&nbsp;<\/p>\n<p>Tarramateriaali on kiilt\u00e4v\u00e4pintainen ja muotoonleikattujen tarrojen koko sopii t\u00e4ydellisesti korttien ja kirjekuorien koristeluun!<\/p>\n<p>Arkin koko on 9,5 cm x 12,5 cm ja siin\u00e4 on 23 tarraa.<\/p>\n","protected":false},"excerpt":{"rendered":"<p>Tarra-arkki.<\/p>\n","protected":false},"featured_media":80635,"template":"","meta":[],"product_brand":[],"product_cat":[173],"product_tag":[275,305,245],"class_list":{"0":"post-66276","1":"product","2":"type-product","3":"status-publish","4":"has-post-thumbnail","6":"product_cat-tarrat","7":"product_tag-postcrossing-fi","8":"product_tag-sekalaiset","9":"product_tag-tarrat","10":"product_shipping_class-cards","12":"first","13":"instock","14":"taxable","15":"shipping-taxable","16":"purchasable","17":"product-type-simple"},"_links":{"self":[{"href":"https:\/\/minorpostcards.fi\/fi\/wp-json\/wp\/v2\/product\/66276","targetHints":{"allow":["GET"]}}],"collection":[{"href":"https:\/\/minorpostcards.fi\/fi\/wp-json\/wp\/v2\/product"}],"about":[{"href":"https:\/\/minorpostcards.fi\/fi\/wp-json\/wp\/v2\/types\/product"}],"wp:featuredmedia":[{"embeddable":true,"href":"https:\/\/minorpostcards.fi\/fi\/wp-json\/wp\/v2\/media\/80635"}],"wp:attachment":[{"href":"https:\/\/minorpostcards.fi\/fi\/wp-json\/wp\/v2\/media?parent=66276"}],"wp:term":[{"taxonomy":"product_brand","embeddable":true,"href":"https:\/\/minorpostcards.fi\/fi\/wp-json\/wp\/v2\/product_brand?post=66276"},{"taxonomy":"product_cat","embeddable":true,"href":"https:\/\/minorpostcards.fi\/fi\/wp-json\/wp\/v2\/product_cat?post=66276"},{"taxonomy":"product_tag","embeddable":true,"href":"https:\/\/minorpostcards.fi\/fi\/wp-json\/wp\/v2\/product_tag?post=66276"}],"curies":[{"name":"wp","href":"https:\/\/api.w.org\/{rel}","templated":true}]}}