{"id":678,"date":"2012-07-19T18:43:22","date_gmt":"2012-08-14T10:34:56","guid":{"rendered":"http:\/\/minorpostcards.fi\/product\/kuvia-suomesta\/breather-lepohetki\/"},"modified":"2012-08-14T19:24:07","modified_gmt":"2012-08-14T19:24:07","slug":"breather-lepohetki","status":"publish","type":"product","link":"https:\/\/minorpostcards.fi\/fi\/tuote\/korttikirjat\/kuvia-suomesta\/breather-lepohetki\/","title":{"rendered":"Breather &#8211; Lepohetki"},"content":{"rendered":"<p>Joskus on paikallaan pieni lepohetki kuten t\u00e4ss\u00e4 sudenkorennolla. Sitten taas jaksaa jatkaa matkaa.<\/p>\n<p>T\u00e4m\u00e4 kortti l\u00f6ytyy\u00a0<a title=\"Kuvia Suomesta\" href=\"https:\/\/minorpostcards.fi\/fi\/product\/kuvia-suomesta\/pictures-from-finland-kuvia-suomesta\/\">Kuvia Suomesta<\/a>-korttikirjasta, jossa on 21 korttia. Kirjan hinta on 16 euroa.<\/p>\n<p class=\"product woocommerce add_to_cart_inline \" style=\"border:4px solid #ccc; padding: 12px;\"><del aria-hidden=\"true\"><span class=\"woocommerce-Price-amount amount\"><bdi>16.00&nbsp;<span class=\"woocommerce-Price-currencySymbol\">&euro;<\/span><\/bdi><\/span><\/del> <span class=\"screen-reader-text\">Alkuper\u00e4inen hinta oli: 16.00&nbsp;&euro;.<\/span><ins aria-hidden=\"true\"><span class=\"woocommerce-Price-amount amount\"><bdi>8.00&nbsp;<span class=\"woocommerce-Price-currencySymbol\">&euro;<\/span><\/bdi><\/span><\/ins><span class=\"screen-reader-text\">Nykyinen hinta on: 8.00&nbsp;&euro;.<\/span> <small class=\"woocommerce-price-suffix\">(ei alv. rek)<\/small><a href=\"https:\/\/minorpostcards.fi\/fi\/?post_type=product&#038;p=689\" aria-describedby=\"woocommerce_loop_add_to_cart_link_describedby_689\" data-quantity=\"1\" class=\"button product_type_simple\" data-product_id=\"689\" data-product_sku=\"K01A\" aria-label=\"Lue lis\u00e4\u00e4 &ldquo;Pictures from Finland - Kuvia Suomesta&rdquo; asiasta\" rel=\"nofollow\" data-success_message=\"\">Lue lis\u00e4\u00e4<\/a>\t<span id=\"woocommerce_loop_add_to_cart_link_describedby_689\" class=\"screen-reader-text\">\n\t\t\t<\/span>\n<\/p>\n<p>Klikkaamalla alla olevaa kuvaa p\u00e4\u00e4set katsomaan kaikkia korttikirjassa olevia kortteja.<\/p>\n<p><a href=\"https:\/\/minorpostcards.fi\/fi\/products\/kaikki\/korttikirjat\/kuvia-suomesta\/\"><img loading=\"lazy\" decoding=\"async\" class=\"alignnone  wp-image-603\" title=\"Pictures from Finland - Kuvia Suomesta\" src=\"https:\/\/minorpostcards.fi\/wp-content\/uploads\/2012\/07\/Pictures-from-Finland-Kuvia-Suomesta.jpg\" alt=\"\" width=\"300\" height=\"216\" srcset=\"https:\/\/minorpostcards.fi\/wp-content\/uploads\/2012\/07\/Pictures-from-Finland-Kuvia-Suomesta.jpg 800w, https:\/\/minorpostcards.fi\/wp-content\/uploads\/2012\/07\/Pictures-from-Finland-Kuvia-Suomesta-324x234.jpg 324w, https:\/\/minorpostcards.fi\/wp-content\/uploads\/2012\/07\/Pictures-from-Finland-Kuvia-Suomesta-416x300.jpg 416w, https:\/\/minorpostcards.fi\/wp-content\/uploads\/2012\/07\/Pictures-from-Finland-Kuvia-Suomesta-648x467.jpg 648w\" sizes=\"auto, (max-width: 300px) 100vw, 300px\" \/><\/a><\/p>\n","protected":false},"excerpt":{"rendered":"<p>Postikorttikirjasta &#8221;Kuvia Suomesta&#8221;.<\/p>\n","protected":false},"featured_media":1652,"template":"","meta":[],"product_brand":[],"product_cat":[32],"product_tag":[],"class_list":{"0":"post-678","1":"product","2":"type-product","3":"status-publish","4":"has-post-thumbnail","6":"product_cat-kuvia-suomesta","7":"product_shipping_class-cards","9":"first","10":"instock","11":"taxable","12":"shipping-taxable","13":"product-type-simple"},"_links":{"self":[{"href":"https:\/\/minorpostcards.fi\/fi\/wp-json\/wp\/v2\/product\/678","targetHints":{"allow":["GET"]}}],"collection":[{"href":"https:\/\/minorpostcards.fi\/fi\/wp-json\/wp\/v2\/product"}],"about":[{"href":"https:\/\/minorpostcards.fi\/fi\/wp-json\/wp\/v2\/types\/product"}],"wp:featuredmedia":[{"embeddable":true,"href":"https:\/\/minorpostcards.fi\/fi\/wp-json\/wp\/v2\/media\/1652"}],"wp:attachment":[{"href":"https:\/\/minorpostcards.fi\/fi\/wp-json\/wp\/v2\/media?parent=678"}],"wp:term":[{"taxonomy":"product_brand","embeddable":true,"href":"https:\/\/minorpostcards.fi\/fi\/wp-json\/wp\/v2\/product_brand?post=678"},{"taxonomy":"product_cat","embeddable":true,"href":"https:\/\/minorpostcards.fi\/fi\/wp-json\/wp\/v2\/product_cat?post=678"},{"taxonomy":"product_tag","embeddable":true,"href":"https:\/\/minorpostcards.fi\/fi\/wp-json\/wp\/v2\/product_tag?post=678"}],"curies":[{"name":"wp","href":"https:\/\/api.w.org\/{rel}","templated":true}]}}