{"id":6815,"date":"2018-05-18T19:23:28","date_gmt":"2018-05-18T19:23:28","guid":{"rendered":"https:\/\/minorpostcards.fi\/?post_type=product&#038;p=6815"},"modified":"2025-11-22T21:31:43","modified_gmt":"2025-11-22T19:31:43","slug":"sf-lippu-24-tarra-arkki","status":"publish","type":"product","link":"https:\/\/minorpostcards.fi\/fi\/tuote\/tarrat\/sf-lippu-24-tarra-arkki\/","title":{"rendered":"SF Lippu 24 tarra-arkki"},"content":{"rendered":"<p><span style=\"color: #6d6d6d\"><span style=\"font-family: 'source sans pro', HelveticaNeue-Light, 'helvetica neue light', 'helvetica neue', Helvetica, Arial, 'lucida grande', sans-serif\"><span style=\"font-size: large\">Arkki Suomen lippuja! N\u00e4yt\u00e4 mist\u00e4 olet kotoisin ja liputa l\u00e4hett\u00e4m\u00e4ss\u00e4si postissa.<\/span><\/span><\/span><\/p>\n<p><span style=\"color: #6d6d6d\"><span style=\"font-family: 'source sans pro', HelveticaNeue-Light, 'helvetica neue light', 'helvetica neue', Helvetica, Arial, 'lucida grande', sans-serif\"><span style=\"font-size: large\">Tarramateriaali on kiilt\u00e4v\u00e4pintainen ja tarrat ovat muotoonleikattuja. Erikokoiset tarrat sopivat hyvin\u00a0korttien ja kirjekuorien koristeluun!<\/span><\/span><\/span><\/p>\n<p><span style=\"color: #6d6d6d\"><span style=\"font-family: 'source sans pro', HelveticaNeue-Light, 'helvetica neue light', 'helvetica neue', Helvetica, Arial, 'lucida grande', sans-serif\"><span style=\"font-size: large\">Arkin koko on 9,5 cm x 12,5 cm ja siin\u00e4 on 26 tarraa (24lippua ja kaksi tekstitarraa)..<\/span><\/span><\/span><\/p>\n<p><span style=\"color: #6d6d6d\"><span style=\"font-family: 'source sans pro', HelveticaNeue-Light, 'helvetica neue light', 'helvetica neue', Helvetica, Arial, 'lucida grande', sans-serif\"><span style=\"font-size: large\">Sama tarramalli l\u00f6ytyy kahdelta muultakin arkilta.<\/span><\/span><\/span><\/p>\n","protected":false},"excerpt":{"rendered":"<p>Tarra-arkki.<\/p>\n","protected":false},"featured_media":6817,"template":"","meta":[],"product_brand":[],"product_cat":[173],"product_tag":[301,305,245],"class_list":{"0":"post-6815","1":"product","2":"type-product","3":"status-publish","4":"has-post-thumbnail","6":"product_cat-tarrat","7":"product_tag-liput","8":"product_tag-sekalaiset","9":"product_tag-tarrat","10":"product_shipping_class-cards","12":"first","13":"instock","14":"taxable","15":"shipping-taxable","16":"purchasable","17":"product-type-simple"},"_links":{"self":[{"href":"https:\/\/minorpostcards.fi\/fi\/wp-json\/wp\/v2\/product\/6815","targetHints":{"allow":["GET"]}}],"collection":[{"href":"https:\/\/minorpostcards.fi\/fi\/wp-json\/wp\/v2\/product"}],"about":[{"href":"https:\/\/minorpostcards.fi\/fi\/wp-json\/wp\/v2\/types\/product"}],"wp:featuredmedia":[{"embeddable":true,"href":"https:\/\/minorpostcards.fi\/fi\/wp-json\/wp\/v2\/media\/6817"}],"wp:attachment":[{"href":"https:\/\/minorpostcards.fi\/fi\/wp-json\/wp\/v2\/media?parent=6815"}],"wp:term":[{"taxonomy":"product_brand","embeddable":true,"href":"https:\/\/minorpostcards.fi\/fi\/wp-json\/wp\/v2\/product_brand?post=6815"},{"taxonomy":"product_cat","embeddable":true,"href":"https:\/\/minorpostcards.fi\/fi\/wp-json\/wp\/v2\/product_cat?post=6815"},{"taxonomy":"product_tag","embeddable":true,"href":"https:\/\/minorpostcards.fi\/fi\/wp-json\/wp\/v2\/product_tag?post=6815"}],"curies":[{"name":"wp","href":"https:\/\/api.w.org\/{rel}","templated":true}]}}