{"id":6819,"date":"2018-05-18T19:32:54","date_gmt":"2018-05-18T19:32:54","guid":{"rendered":"https:\/\/minorpostcards.fi\/?post_type=product&#038;p=6819"},"modified":"2026-02-28T07:42:35","modified_gmt":"2026-02-28T05:42:35","slug":"sf-lippu-35-tarra-arkki","status":"publish","type":"product","link":"https:\/\/minorpostcards.fi\/fi\/tuote\/tarrat\/sf-lippu-35-tarra-arkki\/","title":{"rendered":"SF Lippu 35 tarra-arkki"},"content":{"rendered":"<p><span style=\"color: #6d6d6d\"><span style=\"font-family: 'source sans pro', HelveticaNeue-Light, 'helvetica neue light', 'helvetica neue', Helvetica, Arial, 'lucida grande', sans-serif\"><span style=\"font-size: large\">Arkki Suomen lippuja! N\u00e4yt\u00e4 mist\u00e4 olet kotoisin ja liputa l\u00e4hett\u00e4m\u00e4ss\u00e4si postissa.<\/span><\/span><\/span><\/p>\n<p><span style=\"color: #6d6d6d\"><span style=\"font-family: 'source sans pro', HelveticaNeue-Light, 'helvetica neue light', 'helvetica neue', Helvetica, Arial, 'lucida grande', sans-serif\"><span style=\"font-size: large\">Tarramateriaali on kiilt\u00e4v\u00e4pintainen ja tarrat ovat muotoonleikattuja. Erikokoiset tarrat sopivat hyvin\u00a0korttien ja kirjekuorien koristeluun!<\/span><\/span><\/span><\/p>\n<p><span style=\"color: #6d6d6d\"><span style=\"font-family: 'source sans pro', HelveticaNeue-Light, 'helvetica neue light', 'helvetica neue', Helvetica, Arial, 'lucida grande', sans-serif\"><span style=\"font-size: large\">Arkin koko on 9,5 cm x 12,5 cm ja siin\u00e4 on 35 tarraa.<\/span><\/span><\/span><\/p>\n<p><span style=\"color: #6d6d6d\"><span style=\"font-family: 'source sans pro', HelveticaNeue-Light, 'helvetica neue light', 'helvetica neue', Helvetica, Arial, 'lucida grande', sans-serif\"><span style=\"font-size: large\">Sama tarramalli l\u00f6ytyy kahdelta muultakin arkilta.<\/span><\/span><\/span><\/p>\n","protected":false},"excerpt":{"rendered":"<p>Tarra-arkki.<\/p>\n","protected":false},"featured_media":6821,"template":"","meta":[],"product_brand":[],"product_cat":[173],"product_tag":[301,305,245],"class_list":{"0":"post-6819","1":"product","2":"type-product","3":"status-publish","4":"has-post-thumbnail","6":"product_cat-tarrat","7":"product_tag-liput","8":"product_tag-sekalaiset","9":"product_tag-tarrat","10":"product_shipping_class-cards","12":"first","13":"instock","14":"taxable","15":"shipping-taxable","16":"purchasable","17":"product-type-simple"},"_links":{"self":[{"href":"https:\/\/minorpostcards.fi\/fi\/wp-json\/wp\/v2\/product\/6819","targetHints":{"allow":["GET"]}}],"collection":[{"href":"https:\/\/minorpostcards.fi\/fi\/wp-json\/wp\/v2\/product"}],"about":[{"href":"https:\/\/minorpostcards.fi\/fi\/wp-json\/wp\/v2\/types\/product"}],"wp:featuredmedia":[{"embeddable":true,"href":"https:\/\/minorpostcards.fi\/fi\/wp-json\/wp\/v2\/media\/6821"}],"wp:attachment":[{"href":"https:\/\/minorpostcards.fi\/fi\/wp-json\/wp\/v2\/media?parent=6819"}],"wp:term":[{"taxonomy":"product_brand","embeddable":true,"href":"https:\/\/minorpostcards.fi\/fi\/wp-json\/wp\/v2\/product_brand?post=6819"},{"taxonomy":"product_cat","embeddable":true,"href":"https:\/\/minorpostcards.fi\/fi\/wp-json\/wp\/v2\/product_cat?post=6819"},{"taxonomy":"product_tag","embeddable":true,"href":"https:\/\/minorpostcards.fi\/fi\/wp-json\/wp\/v2\/product_tag?post=6819"}],"curies":[{"name":"wp","href":"https:\/\/api.w.org\/{rel}","templated":true}]}}