{"id":6838,"date":"2021-03-01T19:40:53","date_gmt":"2021-03-01T19:40:53","guid":{"rendered":"https:\/\/minorpostcards.fi\/?post_type=product&#038;p=6838"},"modified":"2026-02-14T11:34:33","modified_gmt":"2026-02-14T09:34:33","slug":"suolentis","status":"publish","type":"product","link":"https:\/\/minorpostcards.fi\/fi\/tuote\/kortit\/suolentis\/","title":{"rendered":"Suolentis"},"content":{"rendered":"<div>Vuodesta 2003 l\u00e4htien on Mikkelin Haukivuoren Rajasuolla pelattu lentopalloa &#8211; suolentopalloa! Vuonna 2006 kilpailtiin ensimm\u00e4isen kerran maailmanmestaruudesta ja enn\u00e4tysvuonna 2007 kilpailuun osallistui 82 joukkuetta. Suolentiksess\u00e4 on omat s\u00e4\u00e4nn\u00f6t, ja olennaisena osana tapahtumaan kuuluu joukkueiden naamiaishenkinen pukeutuminen. Pelaajat ja vaatteet ovat pelip\u00e4iv\u00e4n lopussa turpeen peitossa ja roudarinteipill\u00e4 jalkaan kiinnitetyt keng\u00e4t t\u00e4p\u00f6t\u00e4ynn\u00e4 turvetta. Vaikka kyseess\u00e4 on kilpailu hyvin t\u00e4rke\u00e4 osa tapahtumaa on joukkueiden leppoisa yhdess\u00e4olo ja hauskanpito.<\/div>\n<div><\/div>\n<div><span style=\"color: #1155cc\"><u><a href=\"https:\/\/swampvolley.com\/\" target=\"_blank\" rel=\"noopener noreferrer\">https:\/\/swampvolley.com\/<\/a><\/u><\/span><\/div>\n<div><a href=\"https:\/\/fi.wikipedia.org\/wiki\/Suolentopallo\" target=\"_blank\" rel=\"noopener noreferrer\">https:\/\/fi.wikipedia.org\/wiki\/Suolentopallo<\/a><\/div>\n","protected":false},"excerpt":{"rendered":"<p>Postikortti.<\/p>\n","protected":false},"featured_media":39956,"template":"","meta":[],"product_brand":[],"product_cat":[19],"product_tag":[124,149,332,122],"class_list":{"0":"post-6838","1":"product","2":"type-product","3":"status-publish","4":"has-post-thumbnail","6":"product_cat-kortit","7":"product_tag-ihmiset","8":"product_tag-kesa","9":"product_tag-suomalaiset-paikat-ja-alueet","10":"product_tag-tekstit","11":"product_shipping_class-cards","13":"first","14":"outofstock","15":"taxable","16":"shipping-taxable","17":"purchasable","18":"product-type-simple"},"_links":{"self":[{"href":"https:\/\/minorpostcards.fi\/fi\/wp-json\/wp\/v2\/product\/6838","targetHints":{"allow":["GET"]}}],"collection":[{"href":"https:\/\/minorpostcards.fi\/fi\/wp-json\/wp\/v2\/product"}],"about":[{"href":"https:\/\/minorpostcards.fi\/fi\/wp-json\/wp\/v2\/types\/product"}],"wp:featuredmedia":[{"embeddable":true,"href":"https:\/\/minorpostcards.fi\/fi\/wp-json\/wp\/v2\/media\/39956"}],"wp:attachment":[{"href":"https:\/\/minorpostcards.fi\/fi\/wp-json\/wp\/v2\/media?parent=6838"}],"wp:term":[{"taxonomy":"product_brand","embeddable":true,"href":"https:\/\/minorpostcards.fi\/fi\/wp-json\/wp\/v2\/product_brand?post=6838"},{"taxonomy":"product_cat","embeddable":true,"href":"https:\/\/minorpostcards.fi\/fi\/wp-json\/wp\/v2\/product_cat?post=6838"},{"taxonomy":"product_tag","embeddable":true,"href":"https:\/\/minorpostcards.fi\/fi\/wp-json\/wp\/v2\/product_tag?post=6838"}],"curies":[{"name":"wp","href":"https:\/\/api.w.org\/{rel}","templated":true}]}}