{"id":68400,"date":"2024-04-09T16:36:40","date_gmt":"2024-04-09T13:36:40","guid":{"rendered":"https:\/\/minorpostcards.fi\/?post_type=product&#038;p=68400"},"modified":"2026-04-17T08:43:20","modified_gmt":"2026-04-17T05:43:20","slug":"zombi-lady-tarra-arkki","status":"publish","type":"product","link":"https:\/\/minorpostcards.fi\/fi\/tuote\/tarrat\/zombi-lady-tarra-arkki\/","title":{"rendered":"Zombi lady &#8211; tarra-arkki"},"content":{"rendered":"<p>Pyh\u00e4inp\u00e4iv\u00e4n (tai halloweenin) aikaan liitet\u00e4\u00e4n monenlaisia vainajiin liittyvi\u00e4 uskomuksia ja tarinoita. Tarrojen kuvituksena on kolme kaunista el\u00e4v\u00e4\u00e4 kuollutta naista viktoriaanisen ajan asuissa. N\u00e4m\u00e4 tarrat sopivat hienosti aavemaisiin, pelottaviin ja karmeisiin kortteihin tai niill\u00e4 voit tehd\u00e4 tavallisesta kortista teemaan sopivan!<\/p>\n<p>Tarramateriaali on kiilt\u00e4v\u00e4pintainen ja muotoonleikattujen tarrojen koko sopii t\u00e4ydellisesti korttien ja kirjekuorien koristeluun! N\u00e4m\u00e4 tarrakuvat on tehty MidJourney AI -ohjelmalla, ja ne on tehnyt Minna Minor Postcardsilta.<\/p>\n<p>Arkin koko on 9,5 cm x 12,5 cm ja siin\u00e4 on 11 tarraa.<\/p>\n","protected":false},"excerpt":{"rendered":"<p>Tarra-arkki.<\/p>\n","protected":false},"featured_media":68414,"template":"","meta":[],"product_brand":[],"product_cat":[173],"product_tag":[337,124,305,245],"class_list":{"0":"post-68400","1":"product","2":"type-product","3":"status-publish","4":"has-post-thumbnail","6":"product_cat-tarrat","7":"product_tag-halloween-fi","8":"product_tag-ihmiset","9":"product_tag-sekalaiset","10":"product_tag-tarrat","11":"product_shipping_class-cards","13":"first","14":"instock","15":"taxable","16":"shipping-taxable","17":"purchasable","18":"product-type-simple"},"_links":{"self":[{"href":"https:\/\/minorpostcards.fi\/fi\/wp-json\/wp\/v2\/product\/68400","targetHints":{"allow":["GET"]}}],"collection":[{"href":"https:\/\/minorpostcards.fi\/fi\/wp-json\/wp\/v2\/product"}],"about":[{"href":"https:\/\/minorpostcards.fi\/fi\/wp-json\/wp\/v2\/types\/product"}],"wp:featuredmedia":[{"embeddable":true,"href":"https:\/\/minorpostcards.fi\/fi\/wp-json\/wp\/v2\/media\/68414"}],"wp:attachment":[{"href":"https:\/\/minorpostcards.fi\/fi\/wp-json\/wp\/v2\/media?parent=68400"}],"wp:term":[{"taxonomy":"product_brand","embeddable":true,"href":"https:\/\/minorpostcards.fi\/fi\/wp-json\/wp\/v2\/product_brand?post=68400"},{"taxonomy":"product_cat","embeddable":true,"href":"https:\/\/minorpostcards.fi\/fi\/wp-json\/wp\/v2\/product_cat?post=68400"},{"taxonomy":"product_tag","embeddable":true,"href":"https:\/\/minorpostcards.fi\/fi\/wp-json\/wp\/v2\/product_tag?post=68400"}],"curies":[{"name":"wp","href":"https:\/\/api.w.org\/{rel}","templated":true}]}}