{"id":69053,"date":"2022-11-09T08:25:27","date_gmt":"2022-11-09T06:25:28","guid":{"rendered":"https:\/\/minorpostcards.fi\/?post_type=product&#038;p=69053"},"modified":"2025-09-15T18:24:41","modified_gmt":"2025-09-15T15:24:41","slug":"loitsu","status":"publish","type":"product","link":"https:\/\/minorpostcards.fi\/fi\/tuote\/kortit\/loitsu\/","title":{"rendered":"Loitsu"},"content":{"rendered":"<p>Kristallipallosta on katsottu tulevaisuutta ja muita salattuja asioita. N\u00e4kyisik\u00f6 siell\u00e4, jos sinut on loitsuttu?<\/p>\n","protected":false},"excerpt":{"rendered":"<p>Postikortti.<\/p>\n","protected":false},"featured_media":69055,"template":"","meta":[],"product_brand":[],"product_cat":[19],"product_tag":[331,124,120],"class_list":{"0":"post-69053","1":"product","2":"type-product","3":"status-publish","4":"has-post-thumbnail","6":"product_cat-kortit","7":"product_tag-fantasia-aiheet","8":"product_tag-ihmiset","9":"product_tag-talvi","10":"product_shipping_class-cards","12":"first","13":"instock","14":"taxable","15":"shipping-taxable","16":"purchasable","17":"product-type-simple"},"_links":{"self":[{"href":"https:\/\/minorpostcards.fi\/fi\/wp-json\/wp\/v2\/product\/69053","targetHints":{"allow":["GET"]}}],"collection":[{"href":"https:\/\/minorpostcards.fi\/fi\/wp-json\/wp\/v2\/product"}],"about":[{"href":"https:\/\/minorpostcards.fi\/fi\/wp-json\/wp\/v2\/types\/product"}],"wp:featuredmedia":[{"embeddable":true,"href":"https:\/\/minorpostcards.fi\/fi\/wp-json\/wp\/v2\/media\/69055"}],"wp:attachment":[{"href":"https:\/\/minorpostcards.fi\/fi\/wp-json\/wp\/v2\/media?parent=69053"}],"wp:term":[{"taxonomy":"product_brand","embeddable":true,"href":"https:\/\/minorpostcards.fi\/fi\/wp-json\/wp\/v2\/product_brand?post=69053"},{"taxonomy":"product_cat","embeddable":true,"href":"https:\/\/minorpostcards.fi\/fi\/wp-json\/wp\/v2\/product_cat?post=69053"},{"taxonomy":"product_tag","embeddable":true,"href":"https:\/\/minorpostcards.fi\/fi\/wp-json\/wp\/v2\/product_tag?post=69053"}],"curies":[{"name":"wp","href":"https:\/\/api.w.org\/{rel}","templated":true}]}}