{"id":69057,"date":"2022-11-09T08:27:36","date_gmt":"2022-11-09T06:27:37","guid":{"rendered":"https:\/\/minorpostcards.fi\/?post_type=product&#038;p=69057"},"modified":"2025-08-22T00:44:53","modified_gmt":"2025-08-21T21:44:53","slug":"luomisen-pilarit","status":"publish","type":"product","link":"https:\/\/minorpostcards.fi\/fi\/tuote\/kortit\/luomisen-pilarit\/","title":{"rendered":"Luomisen pilarit"},"content":{"rendered":"<p>Kortissa on K\u00e4\u00e4rmeen t\u00e4hdist\u00f6n suunnalla olevassa Kotkasumussa oleva muodostelma, joka koostuu vetykaasusta ja p\u00f6lyst\u00e4. Muodostelma on mielenkiintoisen n\u00e4k\u00f6inen pilarijoukko ja se on maasta 6 500 &#8211; 7 000 valovuoden p\u00e4\u00e4ss\u00e4. Pisin pilari on noin nelj\u00e4n valovuoden mittainen. Muodostelmaa on kuvattu jo\u00a0 aikaisemmin Hubble- ja\u00a0 Herschel- avaruusteleskoopeilla ja uusimpana James Webb &#8211; avaruusteleskoopilla v. 2022.<\/p>\n<p>Muodostelman nimi tulee siit\u00e4, ett\u00e4 se sijaitsee avaruuden t\u00e4htien muodostumisen alueella, jossa on kaasutiivistymi\u00e4, joista voisi my\u00f6hemmin kehitty\u00e4 uusia t\u00e4hti\u00e4.<\/p>\n<p>Kuvaa on rajattu. Oikeudet:\u00a0NASA, ESA, CSA, STScI<br \/>\nKuvan k\u00e4sittely: Joseph DePasquale (STScI), Anton M. Koekemoer (STScI), Alyssa Pagan (STScI)<\/p>\n","protected":false},"excerpt":{"rendered":"<p>Postikortti.<\/p>\n","protected":false},"featured_media":69059,"template":"","meta":[],"product_brand":[],"product_cat":[19],"product_tag":[335,277],"class_list":{"0":"post-69057","1":"product","2":"type-product","3":"status-publish","4":"has-post-thumbnail","6":"product_cat-kortit","7":"product_tag-tahdet-ja-astronomia","8":"product_tag-tiede","9":"product_shipping_class-cards","11":"first","12":"outofstock","13":"taxable","14":"shipping-taxable","15":"purchasable","16":"product-type-simple"},"_links":{"self":[{"href":"https:\/\/minorpostcards.fi\/fi\/wp-json\/wp\/v2\/product\/69057","targetHints":{"allow":["GET"]}}],"collection":[{"href":"https:\/\/minorpostcards.fi\/fi\/wp-json\/wp\/v2\/product"}],"about":[{"href":"https:\/\/minorpostcards.fi\/fi\/wp-json\/wp\/v2\/types\/product"}],"wp:featuredmedia":[{"embeddable":true,"href":"https:\/\/minorpostcards.fi\/fi\/wp-json\/wp\/v2\/media\/69059"}],"wp:attachment":[{"href":"https:\/\/minorpostcards.fi\/fi\/wp-json\/wp\/v2\/media?parent=69057"}],"wp:term":[{"taxonomy":"product_brand","embeddable":true,"href":"https:\/\/minorpostcards.fi\/fi\/wp-json\/wp\/v2\/product_brand?post=69057"},{"taxonomy":"product_cat","embeddable":true,"href":"https:\/\/minorpostcards.fi\/fi\/wp-json\/wp\/v2\/product_cat?post=69057"},{"taxonomy":"product_tag","embeddable":true,"href":"https:\/\/minorpostcards.fi\/fi\/wp-json\/wp\/v2\/product_tag?post=69057"}],"curies":[{"name":"wp","href":"https:\/\/api.w.org\/{rel}","templated":true}]}}