{"id":69093,"date":"2022-11-11T11:00:12","date_gmt":"2022-11-11T08:37:13","guid":{"rendered":"https:\/\/minorpostcards.fi\/?post_type=product&#038;p=69093"},"modified":"2026-03-29T16:04:25","modified_gmt":"2026-03-29T13:04:25","slug":"kollaasi-setti","status":"publish","type":"product","link":"https:\/\/minorpostcards.fi\/fi\/tuote\/kortit\/kollaasi-setti\/","title":{"rendered":"Kollaasi &#8211; setti"},"content":{"rendered":"<p>N\u00e4m\u00e4 korttikuvat on tehty MidJourney AI &#8211; ty\u00f6kalulla, jossa kuva tuotetaan annetusta tekstist\u00e4. On valtava tietotekniikan askel, kun kone osaa kuvitella, milt\u00e4 teksti n\u00e4ytt\u00e4\u00e4!<\/p>\n<p>Kuvat ovat yll\u00e4tt\u00e4vi\u00e4; joskus ne ovat &#8221;oikeita&#8221; ja hyvin l\u00e4hell\u00e4 samanlaista mielikuvaa kuin tekstist\u00e4 saa &#8211; joskus luotu kuva on &#8221;v\u00e4\u00e4r\u00e4&#8221;, hyvin outo ja t\u00e4ynn\u00e4 virheit\u00e4. Sama teksti tuottaa joka kerta eri kuvan ja aiemmasta kuvasta voidaan luoda uusia versioita. Joitakin kuvia on muokattu edelleen ennen painamista.<\/p>\n<p>T\u00e4m\u00e4n setin kuvissa on k\u00e4ytetty mm. sanoja nainen, kukat, ruusut, unikot, auringonkukat (woman, flowers, roses, poppies, sunflowers) ja ne on tehnyt Ronja Minor Postcardsilta.<\/p>\n<p>N\u00e4it\u00e4 kortteja myyd\u00e4\u00e4n vain viiden kappaleen settin\u00e4.<\/p>\n","protected":false},"excerpt":{"rendered":"<p>Viiden postikortin setti.<\/p>\n","protected":false},"featured_media":69234,"template":"","meta":[],"product_brand":[],"product_cat":[19],"product_tag":[136,331,124,310],"class_list":{"0":"post-69093","1":"product","2":"type-product","3":"status-publish","4":"has-post-thumbnail","6":"product_cat-kortit","7":"product_tag-digitaaliset-kuvat","8":"product_tag-fantasia-aiheet","9":"product_tag-ihmiset","10":"product_tag-tuotepaketit","11":"product_shipping_class-cards","13":"first","14":"instock","15":"taxable","16":"shipping-taxable","17":"purchasable","18":"product-type-simple"},"_links":{"self":[{"href":"https:\/\/minorpostcards.fi\/fi\/wp-json\/wp\/v2\/product\/69093","targetHints":{"allow":["GET"]}}],"collection":[{"href":"https:\/\/minorpostcards.fi\/fi\/wp-json\/wp\/v2\/product"}],"about":[{"href":"https:\/\/minorpostcards.fi\/fi\/wp-json\/wp\/v2\/types\/product"}],"wp:featuredmedia":[{"embeddable":true,"href":"https:\/\/minorpostcards.fi\/fi\/wp-json\/wp\/v2\/media\/69234"}],"wp:attachment":[{"href":"https:\/\/minorpostcards.fi\/fi\/wp-json\/wp\/v2\/media?parent=69093"}],"wp:term":[{"taxonomy":"product_brand","embeddable":true,"href":"https:\/\/minorpostcards.fi\/fi\/wp-json\/wp\/v2\/product_brand?post=69093"},{"taxonomy":"product_cat","embeddable":true,"href":"https:\/\/minorpostcards.fi\/fi\/wp-json\/wp\/v2\/product_cat?post=69093"},{"taxonomy":"product_tag","embeddable":true,"href":"https:\/\/minorpostcards.fi\/fi\/wp-json\/wp\/v2\/product_tag?post=69093"}],"curies":[{"name":"wp","href":"https:\/\/api.w.org\/{rel}","templated":true}]}}