{"id":69156,"date":"2015-09-21T17:19:05","date_gmt":"2015-09-21T14:19:05","guid":{"rendered":"https:\/\/minorpostcards.fi\/?post_type=product&#038;p=69156"},"modified":"2026-01-04T11:52:02","modified_gmt":"2026-01-04T09:52:02","slug":"joulun-hevonen-lehma-ja-alpakka-tarra-arkki","status":"publish","type":"product","link":"https:\/\/minorpostcards.fi\/fi\/tuote\/tarrat\/joulun-hevonen-lehma-ja-alpakka-tarra-arkki\/","title":{"rendered":"Joulun hevonen, lehm\u00e4 ja alpakka tarra-arkki"},"content":{"rendered":"<p>El\u00e4imetkin voivat juhlia joulua, eik\u00f6? T\u00e4ss\u00e4 arkissa kotiel\u00e4imet lehm\u00e4t ja hevoset pit\u00e4v\u00e4t punaisia tonttuhattuja. Niin ja alpakat ovat my\u00f6s mukana, koska ne ovat tosi suloisia el\u00e4imi\u00e4!<\/p>\n<p>Tarramateriaali on kiilt\u00e4v\u00e4pintainen ja muotoonleikattujen tarrojen koko sopii t\u00e4ydellisesti korttien ja kirjekuorien koristeluun! N\u00e4m\u00e4 tarrakuvat on tehty MidJourney AI -ohjelmalla, ja ne on tehnyt Minna Minor Postcardsilta.<\/p>\n<p>Arkin koko on 9,5 cm x 12,5 cm ja siin\u00e4 on 12 tarraa.<\/p>\n","protected":false},"excerpt":{"rendered":"<p>Tarra-arkki.<\/p>\n","protected":false},"featured_media":69158,"template":"","meta":[],"product_brand":[],"product_cat":[173],"product_tag":[132,285,305,245],"class_list":{"0":"post-69156","1":"product","2":"type-product","3":"status-publish","4":"has-post-thumbnail","6":"product_cat-tarrat","7":"product_tag-elaimet","8":"product_tag-joulu","9":"product_tag-sekalaiset","10":"product_tag-tarrat","11":"product_shipping_class-cards","13":"first","14":"instock","15":"taxable","16":"shipping-taxable","17":"purchasable","18":"product-type-simple"},"_links":{"self":[{"href":"https:\/\/minorpostcards.fi\/fi\/wp-json\/wp\/v2\/product\/69156","targetHints":{"allow":["GET"]}}],"collection":[{"href":"https:\/\/minorpostcards.fi\/fi\/wp-json\/wp\/v2\/product"}],"about":[{"href":"https:\/\/minorpostcards.fi\/fi\/wp-json\/wp\/v2\/types\/product"}],"wp:featuredmedia":[{"embeddable":true,"href":"https:\/\/minorpostcards.fi\/fi\/wp-json\/wp\/v2\/media\/69158"}],"wp:attachment":[{"href":"https:\/\/minorpostcards.fi\/fi\/wp-json\/wp\/v2\/media?parent=69156"}],"wp:term":[{"taxonomy":"product_brand","embeddable":true,"href":"https:\/\/minorpostcards.fi\/fi\/wp-json\/wp\/v2\/product_brand?post=69156"},{"taxonomy":"product_cat","embeddable":true,"href":"https:\/\/minorpostcards.fi\/fi\/wp-json\/wp\/v2\/product_cat?post=69156"},{"taxonomy":"product_tag","embeddable":true,"href":"https:\/\/minorpostcards.fi\/fi\/wp-json\/wp\/v2\/product_tag?post=69156"}],"curies":[{"name":"wp","href":"https:\/\/api.w.org\/{rel}","templated":true}]}}