{"id":69533,"date":"2015-09-20T20:22:04","date_gmt":"2015-09-20T17:22:04","guid":{"rendered":"https:\/\/minorpostcards.fi\/?post_type=product&#038;p=69533"},"modified":"2026-01-02T16:12:32","modified_gmt":"2026-01-02T14:12:32","slug":"joulun-valoa-tarra-arkki","status":"publish","type":"product","link":"https:\/\/minorpostcards.fi\/fi\/tuote\/tarrat\/joulun-valoa-tarra-arkki\/","title":{"rendered":"Joulun valoa  tarra-arkki"},"content":{"rendered":"<p>Joulu keskitalvella on hyvin pime\u00e4\u00e4 aikaa ja siksi tarvitaan erilaisia valoja valaisemaan kotia ja mielt\u00e4. T\u00e4ll\u00e4 arkilla kynttil\u00f6it\u00e4 on lyhdyiss\u00e4 ja kuusen oksilla (ja my\u00f6s joulupalloja riippuu joulukuusesta). T\u00e4hdet valaisevat taivaalla ja pienet lumihiutaleetkin n\u00e4ytt\u00e4v\u00e4t aivan t\u00e4hdilt\u00e4.<\/p>\n<p>Tarramateriaali on kiilt\u00e4v\u00e4pintainen ja muotoonleikattujen tarrojen koko sopii t\u00e4ydellisesti korttien ja kirjekuorien koristeluun! N\u00e4m\u00e4 tarrakuvat on tehty MidJourney AI -ohjelmalla, ja ne on tehnyt Minna Minor Postcardsilta.<\/p>\n<p>Arkin koko on 9,5 cm x 12,5 cm ja siin\u00e4 on 22 tarraa.<\/p>\n","protected":false},"excerpt":{"rendered":"<p>Tarra-arkki.<\/p>\n","protected":false},"featured_media":69535,"template":"","meta":[],"product_brand":[],"product_cat":[173],"product_tag":[285,305,245],"class_list":{"0":"post-69533","1":"product","2":"type-product","3":"status-publish","4":"has-post-thumbnail","6":"product_cat-tarrat","7":"product_tag-joulu","8":"product_tag-sekalaiset","9":"product_tag-tarrat","10":"product_shipping_class-cards","12":"first","13":"instock","14":"taxable","15":"shipping-taxable","16":"purchasable","17":"product-type-simple"},"_links":{"self":[{"href":"https:\/\/minorpostcards.fi\/fi\/wp-json\/wp\/v2\/product\/69533","targetHints":{"allow":["GET"]}}],"collection":[{"href":"https:\/\/minorpostcards.fi\/fi\/wp-json\/wp\/v2\/product"}],"about":[{"href":"https:\/\/minorpostcards.fi\/fi\/wp-json\/wp\/v2\/types\/product"}],"wp:featuredmedia":[{"embeddable":true,"href":"https:\/\/minorpostcards.fi\/fi\/wp-json\/wp\/v2\/media\/69535"}],"wp:attachment":[{"href":"https:\/\/minorpostcards.fi\/fi\/wp-json\/wp\/v2\/media?parent=69533"}],"wp:term":[{"taxonomy":"product_brand","embeddable":true,"href":"https:\/\/minorpostcards.fi\/fi\/wp-json\/wp\/v2\/product_brand?post=69533"},{"taxonomy":"product_cat","embeddable":true,"href":"https:\/\/minorpostcards.fi\/fi\/wp-json\/wp\/v2\/product_cat?post=69533"},{"taxonomy":"product_tag","embeddable":true,"href":"https:\/\/minorpostcards.fi\/fi\/wp-json\/wp\/v2\/product_tag?post=69533"}],"curies":[{"name":"wp","href":"https:\/\/api.w.org\/{rel}","templated":true}]}}