{"id":69552,"date":"2015-09-20T09:08:36","date_gmt":"2015-09-20T06:08:36","guid":{"rendered":"https:\/\/minorpostcards.fi\/?post_type=product&#038;p=69552"},"modified":"2026-02-15T19:10:32","modified_gmt":"2026-02-15T17:10:32","slug":"joulun-henki-tarra-arkki","status":"publish","type":"product","link":"https:\/\/minorpostcards.fi\/fi\/tuote\/tarrat\/joulun-henki-tarra-arkki\/","title":{"rendered":"Joulun henki  tarra-arkki"},"content":{"rendered":"<p>Joulu on erityist\u00e4 aikaa vuodesta, ilmassa on silloin taikaa ja ihmeit\u00e4 voi tapahtua. Monilla mieli on hyv\u00e4, l\u00e4mmin, hell\u00e4 ja se tunnelma v\u00e4littyy n\u00e4ill\u00e4 kauniilla tarroilla. Jouluenkeli, syd\u00e4nt\u00e4 kantava tai lumisadetta ihmettelev\u00e4 tytt\u00f6 ja jouluy\u00f6n t\u00e4htitaivas viimeistelev\u00e4t joulupostin. Ne vahvistavat joulukortin hyv\u00e4n joulun toivotuksen ja ovat kauniita kirjekuoren sulkijatarroina.<\/p>\n<p>Tarramateriaali on kiilt\u00e4v\u00e4pintainen ja muotoonleikattujen tarrojen koko sopii t\u00e4ydellisesti korttien ja kirjekuorien koristeluun! N\u00e4m\u00e4 tarrakuvat on tehty MidJourney AI -ohjelmalla, ja ne on tehnyt Minna Minor Postcardsilta.<\/p>\n<p>Arkin koko on 9,5 cm x 12,5 cm ja siin\u00e4 on 12 tarraa.<\/p>\n","protected":false},"excerpt":{"rendered":"<p>Tarra-arkki.<\/p>\n","protected":false},"featured_media":69554,"template":"","meta":[],"product_brand":[],"product_cat":[173],"product_tag":[285,305,245],"class_list":{"0":"post-69552","1":"product","2":"type-product","3":"status-publish","4":"has-post-thumbnail","6":"product_cat-tarrat","7":"product_tag-joulu","8":"product_tag-sekalaiset","9":"product_tag-tarrat","10":"product_shipping_class-cards","12":"first","13":"instock","14":"taxable","15":"shipping-taxable","16":"purchasable","17":"product-type-simple"},"_links":{"self":[{"href":"https:\/\/minorpostcards.fi\/fi\/wp-json\/wp\/v2\/product\/69552","targetHints":{"allow":["GET"]}}],"collection":[{"href":"https:\/\/minorpostcards.fi\/fi\/wp-json\/wp\/v2\/product"}],"about":[{"href":"https:\/\/minorpostcards.fi\/fi\/wp-json\/wp\/v2\/types\/product"}],"wp:featuredmedia":[{"embeddable":true,"href":"https:\/\/minorpostcards.fi\/fi\/wp-json\/wp\/v2\/media\/69554"}],"wp:attachment":[{"href":"https:\/\/minorpostcards.fi\/fi\/wp-json\/wp\/v2\/media?parent=69552"}],"wp:term":[{"taxonomy":"product_brand","embeddable":true,"href":"https:\/\/minorpostcards.fi\/fi\/wp-json\/wp\/v2\/product_brand?post=69552"},{"taxonomy":"product_cat","embeddable":true,"href":"https:\/\/minorpostcards.fi\/fi\/wp-json\/wp\/v2\/product_cat?post=69552"},{"taxonomy":"product_tag","embeddable":true,"href":"https:\/\/minorpostcards.fi\/fi\/wp-json\/wp\/v2\/product_tag?post=69552"}],"curies":[{"name":"wp","href":"https:\/\/api.w.org\/{rel}","templated":true}]}}