{"id":69812,"date":"2021-01-11T11:14:33","date_gmt":"2023-01-11T09:14:35","guid":{"rendered":"https:\/\/minorpostcards.fi\/?post_type=product&#038;p=69812"},"modified":"2026-01-02T11:30:43","modified_gmt":"2026-01-02T09:30:43","slug":"syksyinen-sammallahdenmaki-unesco","status":"publish","type":"product","link":"https:\/\/minorpostcards.fi\/fi\/tuote\/kortit\/syksyinen-sammallahdenmaki-unesco\/","title":{"rendered":"Syksyinen Sammallahdenm\u00e4ki &#8211; UNESCO"},"content":{"rendered":"<p><span style=\"font-family: Arial, sans-serif;\"><span style=\"color: #000000;\"><span style=\"font-size: medium;\">Sammallahdenm\u00e4ki on pronssikauden kivir\u00f6ykki\u00f6hautapaikka Satakunnassa Rauman l\u00e4hist\u00f6ll\u00e4. Se on Suomen ensimm\u00e4inen arkeologinen Unesco maailmanperint\u00f6kohde ja yksi Pohjoismaiden t\u00e4rkeimpi\u00e4 pronssikauden kohteita. Paikka on kallioista entist\u00e4 merenrantaa, joka on maanpinnan kohoamisen takia nyt 15 km nykyisest\u00e4 rannasta. Alueella on 36 kivist\u00e4 koottua hautapaikkaa, joista osaa on tutkittu ja niist\u00e4 on l\u00f6ytynyt paasiarkkurakennelmia ja j\u00e4lki\u00e4 polttohautauksista.<\/span><\/span> <\/span><\/p>\n","protected":false},"excerpt":{"rendered":"<p>Postikortti.<\/p>\n","protected":false},"featured_media":69814,"template":"","meta":[],"product_brand":[],"product_cat":[19],"product_tag":[286,126,115,191,161],"class_list":{"0":"post-69812","1":"product","2":"type-product","3":"status-publish","4":"has-post-thumbnail","6":"product_cat-kortit","7":"product_tag-luonto","8":"product_tag-maisemat","9":"product_tag-suomi","10":"product_tag-syksy","11":"product_tag-unesco-2","12":"product_shipping_class-cards","14":"first","15":"instock","16":"taxable","17":"shipping-taxable","18":"purchasable","19":"product-type-simple"},"_links":{"self":[{"href":"https:\/\/minorpostcards.fi\/fi\/wp-json\/wp\/v2\/product\/69812","targetHints":{"allow":["GET"]}}],"collection":[{"href":"https:\/\/minorpostcards.fi\/fi\/wp-json\/wp\/v2\/product"}],"about":[{"href":"https:\/\/minorpostcards.fi\/fi\/wp-json\/wp\/v2\/types\/product"}],"wp:featuredmedia":[{"embeddable":true,"href":"https:\/\/minorpostcards.fi\/fi\/wp-json\/wp\/v2\/media\/69814"}],"wp:attachment":[{"href":"https:\/\/minorpostcards.fi\/fi\/wp-json\/wp\/v2\/media?parent=69812"}],"wp:term":[{"taxonomy":"product_brand","embeddable":true,"href":"https:\/\/minorpostcards.fi\/fi\/wp-json\/wp\/v2\/product_brand?post=69812"},{"taxonomy":"product_cat","embeddable":true,"href":"https:\/\/minorpostcards.fi\/fi\/wp-json\/wp\/v2\/product_cat?post=69812"},{"taxonomy":"product_tag","embeddable":true,"href":"https:\/\/minorpostcards.fi\/fi\/wp-json\/wp\/v2\/product_tag?post=69812"}],"curies":[{"name":"wp","href":"https:\/\/api.w.org\/{rel}","templated":true}]}}