{"id":70189,"date":"2023-04-03T12:18:32","date_gmt":"2023-04-03T09:18:32","guid":{"rendered":"https:\/\/minorpostcards.fi\/?post_type=product&#038;p=70189"},"modified":"2026-04-07T19:01:37","modified_gmt":"2026-04-07T16:01:37","slug":"kesa-setti","status":"publish","type":"product","link":"https:\/\/minorpostcards.fi\/fi\/tuote\/kortit\/kesa-setti\/","title":{"rendered":"Kes\u00e4 &#8211; setti"},"content":{"rendered":"<p>N\u00e4m\u00e4 korttikuvat on tehty MidJourney AI &#8211; ty\u00f6kalulla, jossa kuva tuotetaan annetusta tekstist\u00e4. On valtava tietotekniikan askel, kun kone osaa kuvitella, milt\u00e4 teksti n\u00e4ytt\u00e4\u00e4!<\/p>\n<p>Kuvat ovat yll\u00e4tt\u00e4vi\u00e4; joskus ne ovat &#8221;oikeita&#8221; ja hyvin l\u00e4hell\u00e4 samanlaista mielikuvaa kuin tekstist\u00e4 saa &#8211; joskus luotu kuva on &#8221;v\u00e4\u00e4r\u00e4&#8221;, hyvin outo ja t\u00e4ynn\u00e4 virheit\u00e4. Sama teksti tuottaa joka kerta eri kuvan ja aiemmasta kuvasta voidaan luoda uusia versioita. Joitakin kuvia on muokattu edelleen ennen painamista.<\/p>\n<p>T\u00e4m\u00e4n setin kuvissa on k\u00e4ytetty mm. sanoja kes\u00e4, maisema, auringonlasku, ukkonen,sumu ja m\u00f6kki (summer, landscape, sunset, thunder storm, fog and cottage) ja ne on tehnyt\u00a0 Minna Minor Postcardsilta.<\/p>\n<p>N\u00e4it\u00e4 kortteja myyd\u00e4\u00e4n vain viiden kappaleen settin\u00e4.<\/p>\n","protected":false},"excerpt":{"rendered":"<p>Viiden postikortin setti.<\/p>\n","protected":false},"featured_media":70223,"template":"","meta":[],"product_brand":[],"product_cat":[19],"product_tag":[136,149,126,310],"class_list":{"0":"post-70189","1":"product","2":"type-product","3":"status-publish","4":"has-post-thumbnail","6":"product_cat-kortit","7":"product_tag-digitaaliset-kuvat","8":"product_tag-kesa","9":"product_tag-maisemat","10":"product_tag-tuotepaketit","11":"product_shipping_class-cards","13":"first","14":"instock","15":"taxable","16":"shipping-taxable","17":"purchasable","18":"product-type-simple"},"_links":{"self":[{"href":"https:\/\/minorpostcards.fi\/fi\/wp-json\/wp\/v2\/product\/70189","targetHints":{"allow":["GET"]}}],"collection":[{"href":"https:\/\/minorpostcards.fi\/fi\/wp-json\/wp\/v2\/product"}],"about":[{"href":"https:\/\/minorpostcards.fi\/fi\/wp-json\/wp\/v2\/types\/product"}],"wp:featuredmedia":[{"embeddable":true,"href":"https:\/\/minorpostcards.fi\/fi\/wp-json\/wp\/v2\/media\/70223"}],"wp:attachment":[{"href":"https:\/\/minorpostcards.fi\/fi\/wp-json\/wp\/v2\/media?parent=70189"}],"wp:term":[{"taxonomy":"product_brand","embeddable":true,"href":"https:\/\/minorpostcards.fi\/fi\/wp-json\/wp\/v2\/product_brand?post=70189"},{"taxonomy":"product_cat","embeddable":true,"href":"https:\/\/minorpostcards.fi\/fi\/wp-json\/wp\/v2\/product_cat?post=70189"},{"taxonomy":"product_tag","embeddable":true,"href":"https:\/\/minorpostcards.fi\/fi\/wp-json\/wp\/v2\/product_tag?post=70189"}],"curies":[{"name":"wp","href":"https:\/\/api.w.org\/{rel}","templated":true}]}}