{"id":70192,"date":"2023-04-03T12:46:03","date_gmt":"2023-04-03T09:46:03","guid":{"rendered":"https:\/\/minorpostcards.fi\/?post_type=product&#038;p=70192"},"modified":"2026-05-02T10:51:54","modified_gmt":"2026-05-02T07:51:54","slug":"luonnon-antimet-1-setti","status":"publish","type":"product","link":"https:\/\/minorpostcards.fi\/fi\/tuote\/kortit\/luonnon-antimet-1-setti\/","title":{"rendered":"Luonnon antimet 1 &#8211; setti"},"content":{"rendered":"<p>N\u00e4iss\u00e4 marjakorteissa on syd\u00e4met t\u00e4ynn\u00e4 Suomen luonnon antimia. Jokaisessa kortissa on luonnonmarja, joita saa kuka tahansa k\u00e4yd\u00e4 poimimassa perinteisell\u00e4 jokaisenoikeudella (jokamiehenoikeudella). Valitse oma suosikkimarjasi tai l\u00e4het\u00e4 koko sarja yst\u00e4v\u00e4llesi \u2013 t\u00e4ydellinen tapa jakaa palanen Suomen luontoa maailmalle.<\/p>\n<p>Setiss\u00e4 on seuraavat marjat:<br \/>\n<strong>Pihlajanmarja<\/strong> &#8211; Pihlajanmarja tunnetaan happamasta mausta ja siksi sit\u00e4 k\u00e4ytet\u00e4\u00e4n usein muiden marjojen tai hedelmien joukossa. Siin\u00e4 on paljon c-vitamiinia ja marjoja on helppo ker\u00e4t\u00e4 hyv\u00e4n\u00e4 satovuotena. Pihlaja on kansanperinteess\u00e4 pyh\u00e4 puu.<br \/>\n<strong>Puolukka<\/strong> &#8211; Suomen metsien klassikko, puolukka, tarjoaa hapokkaan makuel\u00e4myksen. Puolukka on monik\u00e4ytt\u00f6inen, se k\u00e4y makeisiin puuroihin, hilloihin ja leivonnaisiin tai suolaisten ruokien, kuten kaalilaatikko tai poronk\u00e4ristys, lis\u00e4kkeeksi. Puolukka kasvaa koko maassa ja se on Suomen eniten poimittu luonnonmarja.<br \/>\n<strong>Mustikka<\/strong> &#8211; Mustikan marjat ovat miedon makuisia, niiss\u00e4 on mm. paljon vitamiineja ja kuitua ja niill\u00e4 on tutkitusti hyv\u00e4\u00e4 vaikutusta terveyteen. Mustikkapiirakka on parhaita kes\u00e4leivonnaisia!<br \/>\n<strong>Lakka eli suomuurain eli hilla<\/strong> &#8211; Suoalueilla kasvava lakka on herkk\u00e4 s\u00e4\u00e4n vaikutukselle ja sato vaihtelee vuosittain. Kun marjojen ker\u00e4\u00e4minen on hidasta ja raskasta niiden hinta on korkea ja se onkin arvokkaimpia luonnonmarjoja. C-vitamiinipitoista lakkaa k\u00e4ytet\u00e4\u00e4n herkutteluun mm. hillona j\u00e4\u00e4tel\u00f6n tai leip\u00e4juuston kanssa.<br \/>\n<strong>Aho- eli mets\u00e4mansikka<\/strong> &#8211; Pieni ja makea ahomansikka edustaa kes\u00e4ist\u00e4 Suomen luontoa parhaimmillaan. Luonnonlaidunten v\u00e4hetess\u00e4 marjaa ei tahdo en\u00e4\u00e4 l\u00f6yty\u00e4, mutta kun niit\u00e4 l\u00f6yt\u00e4\u00e4 ne ovatkin sitten erityisherkkua. Marjat kannattaa sy\u00f6d\u00e4 sellaisenaan, koska niiden maku kitker\u00f6ityy kuumennuksessa.<br \/>\n<strong>Variksenmarja eli kaarnikka<\/strong> &#8211; Miedon makuisessa variksenmarjassa on paljon vitamiineja ja se kasvaa koko maassa Lapin tuntureita my\u00f6ten. Sit\u00e4 k\u00e4ytet\u00e4\u00e4n muiden marjojen ohessa esim. mehujen raaka-aineena. Variksenmarja on\u00a0 t\u00e4rke\u00e4 ravinnonl\u00e4hde pohjoisen el\u00e4imille ja linnuille ja perinteisesti marja oli talvisin t\u00e4rke\u00e4 c-vitamiinin l\u00e4hde pohjoisen asukkaille.<br \/>\n<strong>Isokarpalo eli karpalo<\/strong> &#8211; Terveysmarjana tunnettu karpalo kasvaa suoalueilla l\u00e4hes koko Suomessa. Kasvi kasvaa suikertaen pitkin maata ja sen marjat kypsyv\u00e4t my\u00f6h\u00e4\u00e4n, vasta ensimm\u00e4isten pakkasten aikaan. Hangen alla makeutuneet marjat ovat kev\u00e4\u00e4ll\u00e4kin sy\u00f6t\u00e4vi\u00e4 jos satut niit\u00e4 l\u00f6yt\u00e4m\u00e4\u00e4n!<\/p>\n<p>N\u00e4it\u00e4 kortteja myyd\u00e4\u00e4n vain seitsem\u00e4n kappaleen settin\u00e4. Setti on saatavilla my\u00f6s <a href=\"https:\/\/minorpostcards.fi\/fi\/tuote\/postikortti-setit\/luonnon-antimet-1-ja-2-setti\/\" target=\"_blank\" rel=\"noopener\">yhdistelm\u00e4pakkauksessa<\/a>, jossa on my\u00f6s <a href=\"https:\/\/minorpostcards.fi\/fi\/tuote\/postikortti-setit\/luonnon-antimet-2-setti\/\" target=\"_blank\" rel=\"noopener\">Luonnon antimet\u00a0 2<\/a> &#8211; setin kortit.<\/p>\n","protected":false},"excerpt":{"rendered":"<p>Seitsem\u00e4n postikortin setti.<\/p>\n","protected":false},"featured_media":70232,"template":"","meta":[],"product_brand":[],"product_cat":[19,327],"product_tag":[139,149,137,310],"class_list":{"0":"post-70192","1":"product","2":"type-product","3":"status-publish","4":"has-post-thumbnail","6":"product_cat-kortit","7":"product_cat-postikortti-setit","8":"product_tag-kasvit","9":"product_tag-kesa","10":"product_tag-ruoka","11":"product_tag-tuotepaketit","12":"product_shipping_class-cards","14":"first","15":"instock","16":"taxable","17":"shipping-taxable","18":"purchasable","19":"product-type-simple"},"_links":{"self":[{"href":"https:\/\/minorpostcards.fi\/fi\/wp-json\/wp\/v2\/product\/70192","targetHints":{"allow":["GET"]}}],"collection":[{"href":"https:\/\/minorpostcards.fi\/fi\/wp-json\/wp\/v2\/product"}],"about":[{"href":"https:\/\/minorpostcards.fi\/fi\/wp-json\/wp\/v2\/types\/product"}],"wp:featuredmedia":[{"embeddable":true,"href":"https:\/\/minorpostcards.fi\/fi\/wp-json\/wp\/v2\/media\/70232"}],"wp:attachment":[{"href":"https:\/\/minorpostcards.fi\/fi\/wp-json\/wp\/v2\/media?parent=70192"}],"wp:term":[{"taxonomy":"product_brand","embeddable":true,"href":"https:\/\/minorpostcards.fi\/fi\/wp-json\/wp\/v2\/product_brand?post=70192"},{"taxonomy":"product_cat","embeddable":true,"href":"https:\/\/minorpostcards.fi\/fi\/wp-json\/wp\/v2\/product_cat?post=70192"},{"taxonomy":"product_tag","embeddable":true,"href":"https:\/\/minorpostcards.fi\/fi\/wp-json\/wp\/v2\/product_tag?post=70192"}],"curies":[{"name":"wp","href":"https:\/\/api.w.org\/{rel}","templated":true}]}}