{"id":70210,"date":"2023-04-03T13:59:06","date_gmt":"2023-04-03T10:59:10","guid":{"rendered":"https:\/\/minorpostcards.fi\/?post_type=product&#038;p=70210"},"modified":"2025-08-28T21:49:10","modified_gmt":"2025-08-28T18:49:10","slug":"kylmapihlajan-majakka-kartalla","status":"publish","type":"product","link":"https:\/\/minorpostcards.fi\/fi\/tuote\/kortit\/kylmapihlajan-majakka-kartalla\/","title":{"rendered":"Kylm\u00e4pihlajan majakka kartalla"},"content":{"rendered":"<p>Kylm\u00e4pihlajan majakka ja luotsiasema valmistui vuonna 1953. Se on Selk\u00e4meren kansallispuiston alueella Kylm\u00e4pihlajan saarella Rauman edustalla n. 10 km mantereelta ja sen on suunnitellut arkkitehdit Kaarina Tamminen ja Antero Pernaja. Betonista ja tiilest\u00e4 rakennetun majakan korkeus perustuksista on 31 metri\u00e4, valon korkeus on 36 metri\u00e4 merenpinnasta.\u00a0 Tornissa on 12 kerrosta ja 104 askelmaa. Majakka kunnostettiin v. 1988 ja peruskorjattiin v. 2010.<\/p>\n<p>Majakka on matkailuk\u00e4yt\u00f6ss\u00e4 kes\u00e4kautena ja sinne on laivayhteys vesibussilla Raumalta.\u00a0 Saarelta l\u00f6ytyy majakan huoneiden ja pienen ravintolan lis\u00e4ksi mm. m\u00f6kkej\u00e4, saunoja ja rantakahvila.<\/p>\n<p>Minna on otettanut korttikuvan hein\u00e4kuussa 2022 majakkareissulla.<\/p>\n","protected":false},"excerpt":{"rendered":"<p>Postikortti.<\/p>\n","protected":false},"featured_media":70198,"template":"","meta":[],"product_brand":[],"product_cat":[19],"product_tag":[126,303,115],"class_list":{"0":"post-70210","1":"product","2":"type-product","3":"status-publish","4":"has-post-thumbnail","6":"product_cat-kortit","7":"product_tag-maisemat","8":"product_tag-majakat-fi","9":"product_tag-suomi","10":"product_shipping_class-cards","12":"first","13":"outofstock","14":"taxable","15":"shipping-taxable","16":"purchasable","17":"product-type-simple"},"_links":{"self":[{"href":"https:\/\/minorpostcards.fi\/fi\/wp-json\/wp\/v2\/product\/70210","targetHints":{"allow":["GET"]}}],"collection":[{"href":"https:\/\/minorpostcards.fi\/fi\/wp-json\/wp\/v2\/product"}],"about":[{"href":"https:\/\/minorpostcards.fi\/fi\/wp-json\/wp\/v2\/types\/product"}],"wp:featuredmedia":[{"embeddable":true,"href":"https:\/\/minorpostcards.fi\/fi\/wp-json\/wp\/v2\/media\/70198"}],"wp:attachment":[{"href":"https:\/\/minorpostcards.fi\/fi\/wp-json\/wp\/v2\/media?parent=70210"}],"wp:term":[{"taxonomy":"product_brand","embeddable":true,"href":"https:\/\/minorpostcards.fi\/fi\/wp-json\/wp\/v2\/product_brand?post=70210"},{"taxonomy":"product_cat","embeddable":true,"href":"https:\/\/minorpostcards.fi\/fi\/wp-json\/wp\/v2\/product_cat?post=70210"},{"taxonomy":"product_tag","embeddable":true,"href":"https:\/\/minorpostcards.fi\/fi\/wp-json\/wp\/v2\/product_tag?post=70210"}],"curies":[{"name":"wp","href":"https:\/\/api.w.org\/{rel}","templated":true}]}}