{"id":70212,"date":"2023-04-03T14:03:04","date_gmt":"2023-04-03T11:03:07","guid":{"rendered":"https:\/\/minorpostcards.fi\/?post_type=product&#038;p=70212"},"modified":"2026-04-20T14:29:02","modified_gmt":"2026-04-20T11:29:02","slug":"maakuntakukka-tuomi","status":"publish","type":"product","link":"https:\/\/minorpostcards.fi\/fi\/tuote\/kortit\/maakuntakukka-tuomi\/","title":{"rendered":"Maakuntakukka tuomi"},"content":{"rendered":"<p>Kaikille maakunnille on valittu kukka (tai kasvi), joka edustaa alueen tyypillist\u00e4 kasvikuntaa.<\/p>\n<p>Tuomi eli mets\u00e4tuomi tai\u00a0lehtotuomi (Prunus padus) on \u00a03\u201312 metrin korkuinen pensas tai monirunkoinen puu, jolla on riippuvat oksat. Tuomi on Pirkanmaan maakuntakasvi ja se kasvaa koko Suomessa rannoilla, joenvarsilla, lehdoissa ja pellonreunoilla. Tuomesta on jalostettu puutarhapuuksi punas\u00e4vyinen purppuratuomi ja Tunturi-Lapissa kasvaa pensasmainen tuomen alalaji pohjantuomi.<\/p>\n<p>Tuomi kukkii touko-kes\u00e4kuun vaihteessa lehtien puhjettua, jolloin upeasti valkeita kukkia t\u00e4ynn\u00e4 olevat tuomet erottuvat helposti mets\u00e4nreunasta. Tertuissa olevien pienten kukkien tuoksu on voimakas ja se houkuttelee paikalle hy\u00f6nteisi\u00e4 kuten k\u00e4rp\u00e4si\u00e4 ja mehil\u00e4isi\u00e4. Linnut sy\u00f6v\u00e4t tuomen pieni\u00e4 sinimustia karvasmakuisia luumarjoja ja niit\u00e4 k\u00e4ytet\u00e4\u00e4n v\u00e4h\u00e4isiss\u00e4 m\u00e4\u00e4rin lik\u00f6\u00f6reihin ja mehuihin. Tuomen puuainesta k\u00e4ytet\u00e4\u00e4n jokin verran huonekaluteollisuudessa ja siit\u00e4 tehd\u00e4\u00e4n koruja, koriste- ja taide-esineit\u00e4.<\/p>\n<p>Tuomen vahvatuoksuinen kuori, puu ja siemenet sis\u00e4lt\u00e4v\u00e4t myrkyllisi\u00e4 aineita, jotka suojaavat sit\u00e4 el\u00e4imilt\u00e4 aika hyvin. \u00a0Tuomen n\u00e4kyvin tuholainen on tuomenkehr\u00e4\u00e4j\u00e4koi, jonka toukat saattavat jonain kes\u00e4n\u00e4 peitt\u00e4\u00e4 puun kokonaan valkeaan seittiin. Toukat sy\u00f6v\u00e4t my\u00f6s kaikki lehdet,\u00a0 jotka kasvi sitten kasvattaa uudelleen. Kotipihan kukkia vaivaavan kirvaongelman syy voi l\u00f6yty\u00e4 l\u00e4hist\u00f6ll\u00e4 kasvavasta kirvojen suosimasta tuomesta.<\/p>\n","protected":false},"excerpt":{"rendered":"<p>Postikortti.<\/p>\n","protected":false},"featured_media":70196,"template":"","meta":[],"product_brand":[],"product_cat":[19],"product_tag":[139,330,115],"class_list":{"0":"post-70212","1":"product","2":"type-product","3":"status-publish","4":"has-post-thumbnail","6":"product_cat-kortit","7":"product_tag-kasvit","8":"product_tag-maakuntakasvit","9":"product_tag-suomi","10":"product_shipping_class-cards","12":"first","13":"instock","14":"taxable","15":"shipping-taxable","16":"purchasable","17":"product-type-simple"},"_links":{"self":[{"href":"https:\/\/minorpostcards.fi\/fi\/wp-json\/wp\/v2\/product\/70212","targetHints":{"allow":["GET"]}}],"collection":[{"href":"https:\/\/minorpostcards.fi\/fi\/wp-json\/wp\/v2\/product"}],"about":[{"href":"https:\/\/minorpostcards.fi\/fi\/wp-json\/wp\/v2\/types\/product"}],"wp:featuredmedia":[{"embeddable":true,"href":"https:\/\/minorpostcards.fi\/fi\/wp-json\/wp\/v2\/media\/70196"}],"wp:attachment":[{"href":"https:\/\/minorpostcards.fi\/fi\/wp-json\/wp\/v2\/media?parent=70212"}],"wp:term":[{"taxonomy":"product_brand","embeddable":true,"href":"https:\/\/minorpostcards.fi\/fi\/wp-json\/wp\/v2\/product_brand?post=70212"},{"taxonomy":"product_cat","embeddable":true,"href":"https:\/\/minorpostcards.fi\/fi\/wp-json\/wp\/v2\/product_cat?post=70212"},{"taxonomy":"product_tag","embeddable":true,"href":"https:\/\/minorpostcards.fi\/fi\/wp-json\/wp\/v2\/product_tag?post=70212"}],"curies":[{"name":"wp","href":"https:\/\/api.w.org\/{rel}","templated":true}]}}