{"id":7034,"date":"2018-08-10T09:24:15","date_gmt":"2018-08-10T09:24:15","guid":{"rendered":"https:\/\/minorpostcards.fi\/?post_type=product&#038;p=7034"},"modified":"2026-02-28T07:42:35","modified_gmt":"2026-02-28T05:42:35","slug":"sf-teksti-tarra-arkki","status":"publish","type":"product","link":"https:\/\/minorpostcards.fi\/fi\/tuote\/tarrat\/sf-teksti-tarra-arkki\/","title":{"rendered":"SF Teksti tarra-arkki"},"content":{"rendered":"<p><span style=\"color: #6d6d6d\"><span style=\"font-family: 'source sans pro', HelveticaNeue-Light, 'helvetica neue light', 'helvetica neue', Helvetica, Arial, 'lucida grande', sans-serif\"><span style=\"font-size: large\">Arkki t\u00e4ynn\u00e4 tekstitarroja: SUOMI<span style=\"color: #0000ff\">\u2661<\/span> FINLAND! T\u00e4m\u00e4 malli sopii t\u00e4ydellisesti ulkomaille l\u00e4htev\u00e4\u00e4n postiin.<\/span><\/span><\/span><\/p>\n<p><span style=\"color: #6d6d6d\"><span style=\"font-family: 'source sans pro', HelveticaNeue-Light, 'helvetica neue light', 'helvetica neue', Helvetica, Arial, 'lucida grande', sans-serif\"><span style=\"font-size: large\">Tarramateriaali on kiilt\u00e4v\u00e4pintainen ja pienet tarrat sopivat hyvin\u00a0korttien ja kirjekuorien koristeluun. N\u00e4ille l\u00f6ytyy aina helposti tilaa!<\/span><\/span><\/span><\/p>\n<p><span style=\"color: #6d6d6d\"><span style=\"font-family: 'source sans pro', HelveticaNeue-Light, 'helvetica neue light', 'helvetica neue', Helvetica, Arial, 'lucida grande', sans-serif\"><span style=\"font-size: large\">Arkin koko on 9,5 cm x 12,5 cm ja siin\u00e4 on 26 tarraa.<\/span><\/span><\/span><\/p>\n","protected":false},"excerpt":{"rendered":"<p>Tarra-arkki.<\/p>\n","protected":false},"featured_media":7036,"template":"","meta":[],"product_brand":[],"product_cat":[173],"product_tag":[305,245],"class_list":{"0":"post-7034","1":"product","2":"type-product","3":"status-publish","4":"has-post-thumbnail","6":"product_cat-tarrat","7":"product_tag-sekalaiset","8":"product_tag-tarrat","9":"product_shipping_class-cards","11":"first","12":"instock","13":"taxable","14":"shipping-taxable","15":"purchasable","16":"product-type-simple"},"_links":{"self":[{"href":"https:\/\/minorpostcards.fi\/fi\/wp-json\/wp\/v2\/product\/7034","targetHints":{"allow":["GET"]}}],"collection":[{"href":"https:\/\/minorpostcards.fi\/fi\/wp-json\/wp\/v2\/product"}],"about":[{"href":"https:\/\/minorpostcards.fi\/fi\/wp-json\/wp\/v2\/types\/product"}],"wp:featuredmedia":[{"embeddable":true,"href":"https:\/\/minorpostcards.fi\/fi\/wp-json\/wp\/v2\/media\/7036"}],"wp:attachment":[{"href":"https:\/\/minorpostcards.fi\/fi\/wp-json\/wp\/v2\/media?parent=7034"}],"wp:term":[{"taxonomy":"product_brand","embeddable":true,"href":"https:\/\/minorpostcards.fi\/fi\/wp-json\/wp\/v2\/product_brand?post=7034"},{"taxonomy":"product_cat","embeddable":true,"href":"https:\/\/minorpostcards.fi\/fi\/wp-json\/wp\/v2\/product_cat?post=7034"},{"taxonomy":"product_tag","embeddable":true,"href":"https:\/\/minorpostcards.fi\/fi\/wp-json\/wp\/v2\/product_tag?post=7034"}],"curies":[{"name":"wp","href":"https:\/\/api.w.org\/{rel}","templated":true}]}}