{"id":70709,"date":"2023-06-26T12:33:06","date_gmt":"2023-06-26T09:33:06","guid":{"rendered":"https:\/\/minorpostcards.fi\/?post_type=product&#038;p=70709"},"modified":"2026-04-24T11:06:30","modified_gmt":"2026-04-24T08:06:30","slug":"priority-postcrossing-tarra-arkki","status":"publish","type":"product","link":"https:\/\/minorpostcards.fi\/fi\/tuote\/tarrat\/priority-postcrossing-tarra-arkki\/","title":{"rendered":"Priority postcrossing &#8211; tarra-arkki"},"content":{"rendered":"<p>Arkki Priority-tarroja postcrossaajille!<\/p>\n<p><a href=\"https:\/\/www.posti.fi\/lahettaminen\/kirjeet-ja-postikortit\/kirje-tai-postikortti-ulkomaille\" target=\"_blank\" rel=\"noopener\">Postin ohjeen mukaan<\/a> ulkomaille menev\u00e4\u00e4n Priority-luokan kirjeen tai kortin yl\u00e4osaan pit\u00e4\u00e4 aina muistaa merkit\u00e4 \u201cPriority\u201d joko tarralla tai kirjoittamalla. T\u00e4t\u00e4 Postcrossing-lis\u00e4ll\u00e4 olevaa tarraa on kovasti toivottu tarravalikoimaan, ja niinp\u00e4 niit\u00e4 nyt on! Tarra kiilt\u00e4\u00e4 kivasti ja on sopivan pieni, jolloin postimerkille j\u00e4\u00e4 hyvin tilaa erityisesti kortissa.<\/p>\n<p>Arkin koko on 9,5 cm x 12,5 cm ja siin\u00e4 on 27 tarraa.<\/p>\n","protected":false},"excerpt":{"rendered":"<p>Tarra-arkki.<\/p>\n","protected":false},"featured_media":70712,"template":"","meta":[],"product_brand":[],"product_cat":[173],"product_tag":[275,305,245],"class_list":{"0":"post-70709","1":"product","2":"type-product","3":"status-publish","4":"has-post-thumbnail","6":"product_cat-tarrat","7":"product_tag-postcrossing-fi","8":"product_tag-sekalaiset","9":"product_tag-tarrat","10":"product_shipping_class-cards","12":"first","13":"instock","14":"taxable","15":"shipping-taxable","16":"purchasable","17":"product-type-simple"},"_links":{"self":[{"href":"https:\/\/minorpostcards.fi\/fi\/wp-json\/wp\/v2\/product\/70709","targetHints":{"allow":["GET"]}}],"collection":[{"href":"https:\/\/minorpostcards.fi\/fi\/wp-json\/wp\/v2\/product"}],"about":[{"href":"https:\/\/minorpostcards.fi\/fi\/wp-json\/wp\/v2\/types\/product"}],"wp:featuredmedia":[{"embeddable":true,"href":"https:\/\/minorpostcards.fi\/fi\/wp-json\/wp\/v2\/media\/70712"}],"wp:attachment":[{"href":"https:\/\/minorpostcards.fi\/fi\/wp-json\/wp\/v2\/media?parent=70709"}],"wp:term":[{"taxonomy":"product_brand","embeddable":true,"href":"https:\/\/minorpostcards.fi\/fi\/wp-json\/wp\/v2\/product_brand?post=70709"},{"taxonomy":"product_cat","embeddable":true,"href":"https:\/\/minorpostcards.fi\/fi\/wp-json\/wp\/v2\/product_cat?post=70709"},{"taxonomy":"product_tag","embeddable":true,"href":"https:\/\/minorpostcards.fi\/fi\/wp-json\/wp\/v2\/product_tag?post=70709"}],"curies":[{"name":"wp","href":"https:\/\/api.w.org\/{rel}","templated":true}]}}