{"id":70866,"date":"2023-07-09T19:08:29","date_gmt":"2023-07-09T16:08:29","guid":{"rendered":"https:\/\/minorpostcards.fi\/?post_type=product&#038;p=70866"},"modified":"2026-05-01T20:02:51","modified_gmt":"2026-05-01T17:02:51","slug":"kukkaelaimet-tarra-arkki","status":"publish","type":"product","link":"https:\/\/minorpostcards.fi\/fi\/tuote\/tarrat\/kukkaelaimet-tarra-arkki\/","title":{"rendered":"Kukkael\u00e4imet &#8211; tarra-arkki"},"content":{"rendered":"<p>El\u00e4imet varmasti pit\u00e4v\u00e4t kes\u00e4st\u00e4, auringonpaisteesta ja l\u00e4mpim\u00e4st\u00e4 kelist\u00e4&#8230; ja kukista. N\u00e4iss\u00e4 s\u00f6p\u00f6iss\u00e4 tarroissa ketulla, siilill\u00e4, j\u00e4niksell\u00e4 ja oravalla on p\u00e4\u00e4ss\u00e4 kukkaseppele.<\/p>\n<p>Tarramateriaali on kiilt\u00e4v\u00e4pintainen ja muotoonleikattujen tarrojen koko sopii t\u00e4ydellisesti korttien ja kirjekuorien koristeluun! N\u00e4m\u00e4 tarrat on tehty MidJourney AI -ohjelmalla, ja ne on tehnyt Minna Minor Postcardsilta.<\/p>\n<p>Arkin koko on 9,5 cm x 12,5 cm ja siin\u00e4 on 12 tarraa.<\/p>\n","protected":false},"excerpt":{"rendered":"<p>Tarra-arkki.<\/p>\n","protected":false},"featured_media":70868,"template":"","meta":[],"product_brand":[],"product_cat":[173],"product_tag":[305,245],"class_list":{"0":"post-70866","1":"product","2":"type-product","3":"status-publish","4":"has-post-thumbnail","6":"product_cat-tarrat","7":"product_tag-sekalaiset","8":"product_tag-tarrat","9":"product_shipping_class-cards","11":"first","12":"instock","13":"taxable","14":"shipping-taxable","15":"purchasable","16":"product-type-simple"},"_links":{"self":[{"href":"https:\/\/minorpostcards.fi\/fi\/wp-json\/wp\/v2\/product\/70866","targetHints":{"allow":["GET"]}}],"collection":[{"href":"https:\/\/minorpostcards.fi\/fi\/wp-json\/wp\/v2\/product"}],"about":[{"href":"https:\/\/minorpostcards.fi\/fi\/wp-json\/wp\/v2\/types\/product"}],"wp:featuredmedia":[{"embeddable":true,"href":"https:\/\/minorpostcards.fi\/fi\/wp-json\/wp\/v2\/media\/70868"}],"wp:attachment":[{"href":"https:\/\/minorpostcards.fi\/fi\/wp-json\/wp\/v2\/media?parent=70866"}],"wp:term":[{"taxonomy":"product_brand","embeddable":true,"href":"https:\/\/minorpostcards.fi\/fi\/wp-json\/wp\/v2\/product_brand?post=70866"},{"taxonomy":"product_cat","embeddable":true,"href":"https:\/\/minorpostcards.fi\/fi\/wp-json\/wp\/v2\/product_cat?post=70866"},{"taxonomy":"product_tag","embeddable":true,"href":"https:\/\/minorpostcards.fi\/fi\/wp-json\/wp\/v2\/product_tag?post=70866"}],"curies":[{"name":"wp","href":"https:\/\/api.w.org\/{rel}","templated":true}]}}