{"id":7095,"date":"2018-08-23T16:11:35","date_gmt":"2018-08-23T16:11:36","guid":{"rendered":"https:\/\/minorpostcards.fi\/?post_type=product&#038;p=7095"},"modified":"2025-12-12T07:10:35","modified_gmt":"2025-12-12T05:10:35","slug":"kukkakartta-pulloposti","status":"publish","type":"product","link":"https:\/\/minorpostcards.fi\/fi\/tuote\/pullopostit\/kukkakartta-pulloposti\/","title":{"rendered":"Kukkakartta &#8211; pulloposti"},"content":{"rendered":"<p>Postitettava pulloposti!! T\u00e4m\u00e4 kovasti toivottu ja pidetty erikoistuote on nyt saatavilla Minorin kaupasta. Pullo on kest\u00e4v\u00e4\u00e4 kirkasta muovia ja sen sis\u00e4ll\u00e4 on A5 paperiarkki, mille voit kirjoittaa viestin postin saajalle. T\u00e4m\u00e4n pullon etikettin\u00e4 on Ronjan kukista kokoama Suomen kartta ja toiselle puolelle mahtuu osoitetiedot ja postimaksu.<\/p>\n<p><strong>Muista sinet\u00f6id\u00e4 korkki pullon suussa olevalla sinisell\u00e4 teipill\u00e4!<\/strong><\/p>\n<div>\n<p>Pullon voi postittaa kirjepostina. Sen paino on 30 g, korkeus ilman korkkia 17 cm, leveys 7 cm ja paksuus 1,5 cm.<\/p>\n<div>Huom: Kahden pullon tilaus postitetaan kirjepostina, kolmesta eteenp\u00e4in tilaus postitetaan pakettina.\u00a0<strong>Lis\u00e4\u00e4\u00a0tarvittaessa puhelinnumero paketin toimittamista varten.<\/strong><\/div>\n<\/div>\n","protected":false},"excerpt":{"rendered":"<p>Pullopostipullo.<\/p>\n","protected":false},"featured_media":7105,"template":"","meta":[],"product_brand":[],"product_cat":[256],"product_tag":[257,305],"class_list":{"0":"post-7095","1":"product","2":"type-product","3":"status-publish","4":"has-post-thumbnail","6":"product_cat-pullopostit","7":"product_tag-pulloposti","8":"product_tag-sekalaiset","9":"product_shipping_class-bottles","11":"first","12":"instock","13":"taxable","14":"shipping-taxable","15":"purchasable","16":"product-type-simple"},"_links":{"self":[{"href":"https:\/\/minorpostcards.fi\/fi\/wp-json\/wp\/v2\/product\/7095","targetHints":{"allow":["GET"]}}],"collection":[{"href":"https:\/\/minorpostcards.fi\/fi\/wp-json\/wp\/v2\/product"}],"about":[{"href":"https:\/\/minorpostcards.fi\/fi\/wp-json\/wp\/v2\/types\/product"}],"wp:featuredmedia":[{"embeddable":true,"href":"https:\/\/minorpostcards.fi\/fi\/wp-json\/wp\/v2\/media\/7105"}],"wp:attachment":[{"href":"https:\/\/minorpostcards.fi\/fi\/wp-json\/wp\/v2\/media?parent=7095"}],"wp:term":[{"taxonomy":"product_brand","embeddable":true,"href":"https:\/\/minorpostcards.fi\/fi\/wp-json\/wp\/v2\/product_brand?post=7095"},{"taxonomy":"product_cat","embeddable":true,"href":"https:\/\/minorpostcards.fi\/fi\/wp-json\/wp\/v2\/product_cat?post=7095"},{"taxonomy":"product_tag","embeddable":true,"href":"https:\/\/minorpostcards.fi\/fi\/wp-json\/wp\/v2\/product_tag?post=7095"}],"curies":[{"name":"wp","href":"https:\/\/api.w.org\/{rel}","templated":true}]}}