{"id":70994,"date":"2023-07-18T12:41:36","date_gmt":"2023-07-18T09:41:36","guid":{"rendered":"https:\/\/minorpostcards.fi\/?post_type=product&#038;p=70994"},"modified":"2026-04-27T14:53:11","modified_gmt":"2026-04-27T11:53:11","slug":"korppi-tarra-arkki","status":"publish","type":"product","link":"https:\/\/minorpostcards.fi\/fi\/tuote\/tarrat\/korppi-tarra-arkki\/","title":{"rendered":"Korppi &#8211; tarra-arkki"},"content":{"rendered":"<p>Jotkut pit\u00e4v\u00e4t mustista sulista ja mustista linnuista. Min\u00e4 kuulun siihen sakkiin! Siisp\u00e4 tein n\u00e4m\u00e4 tarrat ihan vaan huvin vuoksi itselleni &#8211; toki saa n\u00e4it\u00e4 muutkin tilata jos haluaa.<\/p>\n<p>Tarramateriaali on kiilt\u00e4v\u00e4pintainen ja muotoonleikattujen tarrojen koko sopii t\u00e4ydellisesti korttien ja kirjekuorien koristeluun! N\u00e4m\u00e4 tarrat on tehty MidJourney AI -ohjelmalla, ja ne on tehnyt Minna Minor Postcardsilta.<\/p>\n<p>Arkin koko on 9,5 cm x 12,5 cm ja siin\u00e4 on 14 tarraa.<\/p>\n","protected":false},"excerpt":{"rendered":"<p>Tarra-arkki.<\/p>\n","protected":false},"featured_media":70992,"template":"","meta":[],"product_brand":[],"product_cat":[173],"product_tag":[337,305,245],"class_list":{"0":"post-70994","1":"product","2":"type-product","3":"status-publish","4":"has-post-thumbnail","6":"product_cat-tarrat","7":"product_tag-halloween-fi","8":"product_tag-sekalaiset","9":"product_tag-tarrat","10":"product_shipping_class-cards","12":"first","13":"instock","14":"taxable","15":"shipping-taxable","16":"purchasable","17":"product-type-simple"},"_links":{"self":[{"href":"https:\/\/minorpostcards.fi\/fi\/wp-json\/wp\/v2\/product\/70994","targetHints":{"allow":["GET"]}}],"collection":[{"href":"https:\/\/minorpostcards.fi\/fi\/wp-json\/wp\/v2\/product"}],"about":[{"href":"https:\/\/minorpostcards.fi\/fi\/wp-json\/wp\/v2\/types\/product"}],"wp:featuredmedia":[{"embeddable":true,"href":"https:\/\/minorpostcards.fi\/fi\/wp-json\/wp\/v2\/media\/70992"}],"wp:attachment":[{"href":"https:\/\/minorpostcards.fi\/fi\/wp-json\/wp\/v2\/media?parent=70994"}],"wp:term":[{"taxonomy":"product_brand","embeddable":true,"href":"https:\/\/minorpostcards.fi\/fi\/wp-json\/wp\/v2\/product_brand?post=70994"},{"taxonomy":"product_cat","embeddable":true,"href":"https:\/\/minorpostcards.fi\/fi\/wp-json\/wp\/v2\/product_cat?post=70994"},{"taxonomy":"product_tag","embeddable":true,"href":"https:\/\/minorpostcards.fi\/fi\/wp-json\/wp\/v2\/product_tag?post=70994"}],"curies":[{"name":"wp","href":"https:\/\/api.w.org\/{rel}","templated":true}]}}