{"id":71235,"date":"2025-07-01T10:20:25","date_gmt":"2025-07-01T07:20:25","guid":{"rendered":"https:\/\/minorpostcards.fi\/?post_type=product&#038;p=71235"},"modified":"2026-02-14T11:34:33","modified_gmt":"2026-02-14T09:34:33","slug":"world-postcard-day-kadet-tarra-arkki","status":"publish","type":"product","link":"https:\/\/minorpostcards.fi\/fi\/tuote\/tarrat\/world-postcard-day-kadet-tarra-arkki\/","title":{"rendered":"World Postcard Day k\u00e4det &#8211; tarra-arkki"},"content":{"rendered":"<p>Onko lokakuun ensimm\u00e4isen\u00e4 p\u00e4iv\u00e4n\u00e4 vietett\u00e4v\u00e4 <a href=\"https:\/\/worldpostcardday.com\/\" target=\"_blank\" rel=\"noopener\">World Postcard Day<\/a> jo sinulle tuttu? Sen juhliminen on aloitettu vuonna 2019, jolloin postikortti t\u00e4ytti 150 vuotta. Liity hauskuuteen ja l\u00e4het\u00e4 kortteja, ja tietysti juhlap\u00e4iv\u00e4\u00e4n sopivilla tarroilla koristeltuna.<\/p>\n<p>Tarramateriaali on kiilt\u00e4v\u00e4pintainen ja muotoonleikattujen tarrojen koko sopii t\u00e4ydellisesti korttien ja kirjekuorien koristeluun!<\/p>\n<p>Arkin koko on 9,5 cm x 12,5 cm ja siin\u00e4 on 17 tarraa.<\/p>\n","protected":false},"excerpt":{"rendered":"<p>Tarra-arkki.<\/p>\n","protected":false},"featured_media":71230,"template":"","meta":[],"product_brand":[],"product_cat":[173],"product_tag":[275,147,305,245],"class_list":{"0":"post-71235","1":"product","2":"type-product","3":"status-publish","4":"has-post-thumbnail","6":"product_cat-tarrat","7":"product_tag-postcrossing-fi","8":"product_tag-posti","9":"product_tag-sekalaiset","10":"product_tag-tarrat","11":"product_shipping_class-cards","13":"first","14":"instock","15":"taxable","16":"shipping-taxable","17":"purchasable","18":"product-type-simple"},"_links":{"self":[{"href":"https:\/\/minorpostcards.fi\/fi\/wp-json\/wp\/v2\/product\/71235","targetHints":{"allow":["GET"]}}],"collection":[{"href":"https:\/\/minorpostcards.fi\/fi\/wp-json\/wp\/v2\/product"}],"about":[{"href":"https:\/\/minorpostcards.fi\/fi\/wp-json\/wp\/v2\/types\/product"}],"wp:featuredmedia":[{"embeddable":true,"href":"https:\/\/minorpostcards.fi\/fi\/wp-json\/wp\/v2\/media\/71230"}],"wp:attachment":[{"href":"https:\/\/minorpostcards.fi\/fi\/wp-json\/wp\/v2\/media?parent=71235"}],"wp:term":[{"taxonomy":"product_brand","embeddable":true,"href":"https:\/\/minorpostcards.fi\/fi\/wp-json\/wp\/v2\/product_brand?post=71235"},{"taxonomy":"product_cat","embeddable":true,"href":"https:\/\/minorpostcards.fi\/fi\/wp-json\/wp\/v2\/product_cat?post=71235"},{"taxonomy":"product_tag","embeddable":true,"href":"https:\/\/minorpostcards.fi\/fi\/wp-json\/wp\/v2\/product_tag?post=71235"}],"curies":[{"name":"wp","href":"https:\/\/api.w.org\/{rel}","templated":true}]}}