{"id":7354,"date":"2021-05-11T08:27:49","date_gmt":"2021-05-11T08:27:49","guid":{"rendered":"https:\/\/minorpostcards.fi\/?post_type=product&#038;p=7354"},"modified":"2026-04-03T22:18:20","modified_gmt":"2026-04-03T19:18:20","slug":"kuppi-kuumaa-kahvia","status":"publish","type":"product","link":"https:\/\/minorpostcards.fi\/fi\/tuote\/kortit\/kuppi-kuumaa-kahvia\/","title":{"rendered":"Kuppi kuumaa kahvia"},"content":{"rendered":"<p>Kahvi on ollut suomalaisten suosikkijuoma jo kauan. Sota-aikana kahvin kulutusta s\u00e4\u00e4nn\u00f6steltiin, ja kahvi oli ostokortilla. Kaupoissa oli kahvin korviketta, jossa suurin osa oli ruista, ohraa tai voikukan juurta ja vain n. 25 % oli kahvia. Kahvin loputtua kokonaan maasta k\u00e4ytettiin vastiketta, jossa oli viljaa, sokerijuurikasta ja sikuria. S\u00e4\u00e4nn\u00f6stelyn takia kahvi oli yksi mustan p\u00f6rssin suosikkituotteista. Ensimm\u00e4ist\u00e4 sodan j\u00e4lkeist\u00e4 Suomeen tuotua kahvilastia oli satamassa vastassa kolme ministeri\u00e4 ja Suomen Pankin johtaja! Lopullisesti kahvin s\u00e4\u00e4nn\u00f6stely lopetettiin vasta vuonna 1954. Sit\u00e4 juhlittiin varmasti keitt\u00e4m\u00e4ll\u00e4 pannullinen oikeaa kahvia!<\/p>\n<p>T\u00e4ss\u00e4 kortissa on uusi tavallisuudesta poikkeava mattapinnoite. Sen ansiosta kortin pinta tuntuu pehme\u00e4lle, melkein kankaiselle, ja sit\u00e4 voi hypistell\u00e4 vapaasti koska pintaan ei j\u00e4\u00e4 sormenj\u00e4lki\u00e4!<\/p>\n<p>Viimeistele kortti siihen sopivilla s\u00f6p\u00f6ill\u00e4 Minorin Ronjan piirt\u00e4mill\u00e4 <a href=\"https:\/\/minorpostcards.fi\/fi\/tuote\/tarrat\/kahvikupit-tarra-arkki\/\" target=\"_blank\" rel=\"noopener\">kahvikuppi-tarroilla<\/a>!<\/p>\n","protected":false},"excerpt":{"rendered":"<p>Postikortti.<\/p>\n","protected":false},"featured_media":42213,"template":"","meta":[],"product_brand":[],"product_cat":[19],"product_tag":[318,304,137],"class_list":{"0":"post-7354","1":"product","2":"type-product","3":"status-publish","4":"has-post-thumbnail","6":"product_cat-kortit","7":"product_tag-kahvi","8":"product_tag-mattapinta","9":"product_tag-ruoka","10":"product_shipping_class-cards","12":"first","13":"instock","14":"taxable","15":"shipping-taxable","16":"purchasable","17":"product-type-simple"},"_links":{"self":[{"href":"https:\/\/minorpostcards.fi\/fi\/wp-json\/wp\/v2\/product\/7354","targetHints":{"allow":["GET"]}}],"collection":[{"href":"https:\/\/minorpostcards.fi\/fi\/wp-json\/wp\/v2\/product"}],"about":[{"href":"https:\/\/minorpostcards.fi\/fi\/wp-json\/wp\/v2\/types\/product"}],"wp:featuredmedia":[{"embeddable":true,"href":"https:\/\/minorpostcards.fi\/fi\/wp-json\/wp\/v2\/media\/42213"}],"wp:attachment":[{"href":"https:\/\/minorpostcards.fi\/fi\/wp-json\/wp\/v2\/media?parent=7354"}],"wp:term":[{"taxonomy":"product_brand","embeddable":true,"href":"https:\/\/minorpostcards.fi\/fi\/wp-json\/wp\/v2\/product_brand?post=7354"},{"taxonomy":"product_cat","embeddable":true,"href":"https:\/\/minorpostcards.fi\/fi\/wp-json\/wp\/v2\/product_cat?post=7354"},{"taxonomy":"product_tag","embeddable":true,"href":"https:\/\/minorpostcards.fi\/fi\/wp-json\/wp\/v2\/product_tag?post=7354"}],"curies":[{"name":"wp","href":"https:\/\/api.w.org\/{rel}","templated":true}]}}