{"id":7357,"date":"2018-09-04T08:37:25","date_gmt":"2018-09-04T08:37:25","guid":{"rendered":"https:\/\/minorpostcards.fi\/?post_type=product&#038;p=7357"},"modified":"2025-08-25T15:26:03","modified_gmt":"2025-08-25T12:26:03","slug":"mustaa-kahvia","status":"publish","type":"product","link":"https:\/\/minorpostcards.fi\/fi\/tuote\/kortit\/mustaa-kahvia\/","title":{"rendered":"Mustaa kahvia"},"content":{"rendered":"<p>Mustaa kahvia kirjatoukalle! Kuvassa oleva kirja on viimeisin Stieg Larssonin Millenium-trilogiasta, koska luin sit\u00e4 ja se oli sopivasti l\u00e4hell\u00e4, kun halusin ottaa t\u00e4llaisen kuvan.<\/p>\n<p>Viimeistele kortti siihen sopivilla s\u00f6p\u00f6ill\u00e4 Minorin Ronjan piirt\u00e4mill\u00e4 <a href=\"https:\/\/minorpostcards.fi\/fi\/tuote\/tarrat\/kahvikupit-tarra-arkki\/\" target=\"_blank\" rel=\"noopener\">kahvikuppi-tarroilla<\/a>!<\/p>\n","protected":false},"excerpt":{"rendered":"<p>Postikortti.<\/p>\n","protected":false},"featured_media":7390,"template":"","meta":[],"product_brand":[],"product_cat":[19],"product_tag":[318,299,137],"class_list":{"0":"post-7357","1":"product","2":"type-product","3":"status-publish","4":"has-post-thumbnail","6":"product_cat-kortit","7":"product_tag-kahvi","8":"product_tag-kirjat","9":"product_tag-ruoka","10":"product_shipping_class-cards","12":"first","13":"instock","14":"taxable","15":"shipping-taxable","16":"purchasable","17":"product-type-simple"},"_links":{"self":[{"href":"https:\/\/minorpostcards.fi\/fi\/wp-json\/wp\/v2\/product\/7357","targetHints":{"allow":["GET"]}}],"collection":[{"href":"https:\/\/minorpostcards.fi\/fi\/wp-json\/wp\/v2\/product"}],"about":[{"href":"https:\/\/minorpostcards.fi\/fi\/wp-json\/wp\/v2\/types\/product"}],"wp:featuredmedia":[{"embeddable":true,"href":"https:\/\/minorpostcards.fi\/fi\/wp-json\/wp\/v2\/media\/7390"}],"wp:attachment":[{"href":"https:\/\/minorpostcards.fi\/fi\/wp-json\/wp\/v2\/media?parent=7357"}],"wp:term":[{"taxonomy":"product_brand","embeddable":true,"href":"https:\/\/minorpostcards.fi\/fi\/wp-json\/wp\/v2\/product_brand?post=7357"},{"taxonomy":"product_cat","embeddable":true,"href":"https:\/\/minorpostcards.fi\/fi\/wp-json\/wp\/v2\/product_cat?post=7357"},{"taxonomy":"product_tag","embeddable":true,"href":"https:\/\/minorpostcards.fi\/fi\/wp-json\/wp\/v2\/product_tag?post=7357"}],"curies":[{"name":"wp","href":"https:\/\/api.w.org\/{rel}","templated":true}]}}