{"id":7369,"date":"2018-09-04T10:07:09","date_gmt":"2018-09-04T10:07:10","guid":{"rendered":"https:\/\/minorpostcards.fi\/?post_type=product&#038;p=7369"},"modified":"2026-03-24T12:13:53","modified_gmt":"2026-03-24T10:13:53","slug":"kesan-kasviskeitto","status":"publish","type":"product","link":"https:\/\/minorpostcards.fi\/fi\/tuote\/kortit\/kesan-kasviskeitto\/","title":{"rendered":"Kes\u00e4n kasviskeitto"},"content":{"rendered":"<p>Kes\u00e4n ehdoton herkku on tuoreista kasviksista tehty kes\u00e4keitto. Kortissa on perusohje, mutta voit k\u00e4ytt\u00e4\u00e4 siihen valintasi mukaan muitakin kasviksia mist\u00e4 pid\u00e4t, esim. maissi, sipuli tai pavut sopivat hyvin keittoon. Keiton voi my\u00f6s suurustaa maitotilkkaan lis\u00e4tyill\u00e4 vehn\u00e4jauhoilla, jolloin liemi on sakeampi. Kasvissesongin menty\u00e4 ohi tuoreet vihannekset korvataan tietenkin pakasteilla, ja kes\u00e4n makuja voi nauttia lautasella ymp\u00e4ri vuoden.<\/p>\n","protected":false},"excerpt":{"rendered":"<p>Postikortti.<\/p>\n","protected":false},"featured_media":7410,"template":"","meta":[],"product_brand":[],"product_cat":[19],"product_tag":[194,137,115,122],"class_list":{"0":"post-7369","1":"product","2":"type-product","3":"status-publish","4":"has-post-thumbnail","6":"product_cat-kortit","7":"product_tag-reseptit","8":"product_tag-ruoka","9":"product_tag-suomi","10":"product_tag-tekstit","11":"product_shipping_class-cards","13":"first","14":"instock","15":"taxable","16":"shipping-taxable","17":"purchasable","18":"product-type-simple"},"_links":{"self":[{"href":"https:\/\/minorpostcards.fi\/fi\/wp-json\/wp\/v2\/product\/7369","targetHints":{"allow":["GET"]}}],"collection":[{"href":"https:\/\/minorpostcards.fi\/fi\/wp-json\/wp\/v2\/product"}],"about":[{"href":"https:\/\/minorpostcards.fi\/fi\/wp-json\/wp\/v2\/types\/product"}],"wp:featuredmedia":[{"embeddable":true,"href":"https:\/\/minorpostcards.fi\/fi\/wp-json\/wp\/v2\/media\/7410"}],"wp:attachment":[{"href":"https:\/\/minorpostcards.fi\/fi\/wp-json\/wp\/v2\/media?parent=7369"}],"wp:term":[{"taxonomy":"product_brand","embeddable":true,"href":"https:\/\/minorpostcards.fi\/fi\/wp-json\/wp\/v2\/product_brand?post=7369"},{"taxonomy":"product_cat","embeddable":true,"href":"https:\/\/minorpostcards.fi\/fi\/wp-json\/wp\/v2\/product_cat?post=7369"},{"taxonomy":"product_tag","embeddable":true,"href":"https:\/\/minorpostcards.fi\/fi\/wp-json\/wp\/v2\/product_tag?post=7369"}],"curies":[{"name":"wp","href":"https:\/\/api.w.org\/{rel}","templated":true}]}}