{"id":739,"date":"2012-07-21T19:57:28","date_gmt":"2012-08-14T14:54:00","guid":{"rendered":"http:\/\/minorpostcards.fi\/product\/hetkia\/in-dark-water-veden-alla\/"},"modified":"2017-10-01T14:41:56","modified_gmt":"2017-10-01T14:41:56","slug":"in-dark-water-veden-alla","status":"publish","type":"product","link":"https:\/\/minorpostcards.fi\/fi\/tuote\/korttikirjat\/hetkia\/in-dark-water-veden-alla\/","title":{"rendered":"In dark water &#8211; Veden alla"},"content":{"rendered":"<p>J\u00e4rvivesi on Suomessa yleens\u00e4 ruskeaa koska vesi on humuspitoista, turkoosinsinisist\u00e4 uintiretkist\u00e4 voi vain haaveilla.<\/p>\n<p>T\u00e4m\u00e4 kortti l\u00f6ytyy\u00a0<a href=\"https:\/\/minorpostcards.fi\/fi\/product\/hetkia\/moments-with-people-hetkia-elamasta\/\">Hetki\u00e4 el\u00e4m\u00e4st\u00e4<\/a>-korttikirjasta, jossa on 21 korttia. Kirjan hinta on 16 euroa.<\/p>\n<p class=\"product woocommerce add_to_cart_inline \" style=\"border:4px solid #ccc; padding: 12px;\"><del aria-hidden=\"true\"><span class=\"woocommerce-Price-amount amount\"><bdi>16.00&nbsp;<span class=\"woocommerce-Price-currencySymbol\">&euro;<\/span><\/bdi><\/span><\/del> <span class=\"screen-reader-text\">Alkuper\u00e4inen hinta oli: 16.00&nbsp;&euro;.<\/span><ins aria-hidden=\"true\"><span class=\"woocommerce-Price-amount amount\"><bdi>8.00&nbsp;<span class=\"woocommerce-Price-currencySymbol\">&euro;<\/span><\/bdi><\/span><\/ins><span class=\"screen-reader-text\">Nykyinen hinta on: 8.00&nbsp;&euro;.<\/span> <small class=\"woocommerce-price-suffix\">(ei alv. rek)<\/small><a href=\"https:\/\/minorpostcards.fi\/fi\/?post_type=product&#038;p=713\" aria-describedby=\"woocommerce_loop_add_to_cart_link_describedby_713\" data-quantity=\"1\" class=\"button product_type_simple\" data-product_id=\"713\" data-product_sku=\"K02A\" aria-label=\"Lue lis\u00e4\u00e4 &ldquo;Moments with people - Hetki\u00e4 el\u00e4m\u00e4st\u00e4&rdquo; asiasta\" rel=\"nofollow\" data-success_message=\"\">Lue lis\u00e4\u00e4<\/a>\t<span id=\"woocommerce_loop_add_to_cart_link_describedby_713\" class=\"screen-reader-text\">\n\t\t\t<\/span>\n<\/p>\n<p>Klikkaamalla alla olevaa kuvaa p\u00e4\u00e4set katsomaan kaikkia korttikirjassa olevia kortteja.<\/p>\n<p><a href=\"https:\/\/minorpostcards.fi\/fi\/products\/kaikki\/korttikirjat\/hetkia\/\"><img loading=\"lazy\" decoding=\"async\" class=\"alignnone size-medium wp-image-703\" title=\"Moments with people - Hetki\u00e4 el\u00e4m\u00e4st\u00e4\" src=\"https:\/\/minorpostcards.fi\/wp-content\/uploads\/2012\/07\/Moments-with-people-Hetki\u00e4-el\u00e4m\u00e4st\u00e4.jpg\" alt=\"\" width=\"300\" height=\"216\" srcset=\"https:\/\/minorpostcards.fi\/wp-content\/uploads\/2012\/07\/Moments-with-people-Hetki\u00e4-el\u00e4m\u00e4st\u00e4.jpg 800w, https:\/\/minorpostcards.fi\/wp-content\/uploads\/2012\/07\/Moments-with-people-Hetki\u00e4-el\u00e4m\u00e4st\u00e4-324x234.jpg 324w, https:\/\/minorpostcards.fi\/wp-content\/uploads\/2012\/07\/Moments-with-people-Hetki\u00e4-el\u00e4m\u00e4st\u00e4-416x300.jpg 416w, https:\/\/minorpostcards.fi\/wp-content\/uploads\/2012\/07\/Moments-with-people-Hetki\u00e4-el\u00e4m\u00e4st\u00e4-648x467.jpg 648w\" sizes=\"auto, (max-width: 300px) 100vw, 300px\" \/><\/a><\/p>\n","protected":false},"excerpt":{"rendered":"<p>Postikorttikirjasta &#8221;Hetki\u00e4 el\u00e4m\u00e4st\u00e4&#8221;.<\/p>\n","protected":false},"featured_media":6127,"template":"","meta":[],"product_brand":[],"product_cat":[63],"product_tag":[],"class_list":{"0":"post-739","1":"product","2":"type-product","3":"status-publish","4":"has-post-thumbnail","6":"product_cat-hetkia","7":"product_shipping_class-cards","9":"first","10":"instock","11":"taxable","12":"shipping-taxable","13":"product-type-simple"},"_links":{"self":[{"href":"https:\/\/minorpostcards.fi\/fi\/wp-json\/wp\/v2\/product\/739","targetHints":{"allow":["GET"]}}],"collection":[{"href":"https:\/\/minorpostcards.fi\/fi\/wp-json\/wp\/v2\/product"}],"about":[{"href":"https:\/\/minorpostcards.fi\/fi\/wp-json\/wp\/v2\/types\/product"}],"wp:featuredmedia":[{"embeddable":true,"href":"https:\/\/minorpostcards.fi\/fi\/wp-json\/wp\/v2\/media\/6127"}],"wp:attachment":[{"href":"https:\/\/minorpostcards.fi\/fi\/wp-json\/wp\/v2\/media?parent=739"}],"wp:term":[{"taxonomy":"product_brand","embeddable":true,"href":"https:\/\/minorpostcards.fi\/fi\/wp-json\/wp\/v2\/product_brand?post=739"},{"taxonomy":"product_cat","embeddable":true,"href":"https:\/\/minorpostcards.fi\/fi\/wp-json\/wp\/v2\/product_cat?post=739"},{"taxonomy":"product_tag","embeddable":true,"href":"https:\/\/minorpostcards.fi\/fi\/wp-json\/wp\/v2\/product_tag?post=739"}],"curies":[{"name":"wp","href":"https:\/\/api.w.org\/{rel}","templated":true}]}}