{"id":74051,"date":"2024-03-04T18:46:41","date_gmt":"2024-03-04T16:46:41","guid":{"rendered":"https:\/\/minorpostcards.fi\/?post_type=product&#038;p=74051"},"modified":"2026-03-10T20:21:43","modified_gmt":"2026-03-10T18:21:43","slug":"taatsin-seita","status":"publish","type":"product","link":"https:\/\/minorpostcards.fi\/fi\/tuote\/kortit\/taatsin-seita\/","title":{"rendered":"Taatsin seita"},"content":{"rendered":"<p>Saamelaiset, jotka ovat alkuper\u00e4iskansa Suomen Lapin, keskisen Ruotsin, keski-Norjan ja Ven\u00e4j\u00e4n Kuolan niemimaan alueella, pit\u00e4v\u00e4t useita paikkoja pyhin\u00e4 ja merkityksellisin\u00e4. N\u00e4it\u00e4 paikkoja kutsutaan &#8221;seidoiksi&#8221; ja ne ovat olleet osa saamelaisten perinteist\u00e4 uskontoa ja kulttuuria vuosisatojen ajan. Suhdetta seitaan voidaan pit\u00e4\u00e4 suhteellisen tasa-arvoisena ja vastavuoroisena. Ihminen kunnioitti seitaa ja uhrasi sille &#8211; seidan tuli vuorostaan antaa menestyst\u00e4 elinkeinossa. Toimimaton huono seita saatettiin hyl\u00e4t\u00e4 ja huonosti seitaa kohtaan k\u00e4ytt\u00e4ytyv\u00e4 ihminen saattoi sairastua tai kohdata ep\u00e4onnea.<\/p>\n<p>Kiviseidat ovat olleet yleens\u00e4 muusta ymp\u00e4rist\u00f6st\u00e4 selke\u00e4sti erottuvia erikoisia kalliomuodostelmia tai isoja luonnonkivi\u00e4. Puuseitoja tehtiin erikoisia puita karsimalla, laittamalla puup\u00f6lkky tai kanto sopivaan asentoon, joskus jopa kaivertamalla puuhun ihmishahmoja. Puuseita oli usein pyhien saivoj\u00e4rvien l\u00e4hist\u00f6ll\u00e4. Seitoina on ollut my\u00f6s tuntureita, vaaroja, kalliopahtoja ja erikoisia rotkoja.<\/p>\n<p>Jokaisella saamenkyl\u00e4ll\u00e4 oli aikoinaan oma seita ja uhripaikat seidan vieress\u00e4. Kristinuskoon k\u00e4\u00e4ntymisen j\u00e4lkeen 1600-1700 -luvuilla seidat alkoivat j\u00e4\u00e4d\u00e4 pois k\u00e4yt\u00f6st\u00e4. Kirkon mielest\u00e4 saamelaisten seidat ja jumalat olivat ep\u00e4jumalanpalvelusta ja siksi moni seita tuhottiin.<\/p>\n<p>Taatsi on yksi Saamenmaan tunnetuimmista seidoista. Se on luonnon muovaama kymmenisen metri\u00e4 korkea yl\u00f6sp\u00e4in kapeneva kivipaasi ja sijaitsee Kittil\u00e4ss\u00e4 Taatsinj\u00e4rven rannalla. L\u00e4hell\u00e4 seitakive\u00e4 on Taatsinkirkkona tunnettu pystysuora kallio, jota on uhrimenojen ohella k\u00e4ytetty peuranpyyntipaikkana. Alueelta on l\u00f6ydetty mm. kivikautisia asuinpaikkoja ja muinaisj\u00e4\u00e4nn\u00f6salue kuuluu valtakunnallisesti merkitt\u00e4viin kulttuuriymp\u00e4rist\u00f6ihin. Alue on Mets\u00e4hallituksen p\u00e4\u00e4t\u00f6ksell\u00e4 suojeltu suojelumets\u00e4.<\/p>\n<p>Saamelaisten kulttuurin ja paikkoihin, kuten seitoihin, liittyv\u00e4n kulttuuriperinn\u00f6n s\u00e4ilyminen liittyy kiinte\u00e4sti Yl\u00e4-Lapin ikimetsien s\u00e4ilyminen. Saamelaisten asuinalueiden mets\u00e4t ovat viimeisi\u00e4 koskaan hakkaamattomia luonnonmetsi\u00e4 Euroopassa. Osa on suojeltu, mutta paljon on viel\u00e4 suojelematta.<\/p>\n<p>Lahjoitamme <a href=\"https:\/\/luonnonperintosaatio.fi\/\" target=\"_blank\" rel=\"noopener\">Luonnonperint\u00f6s\u00e4\u00e4ti\u00f6lle<\/a> 0,5 euroa jokaista myyty\u00e4 postikorttia kohti ikimetsien suojeluun Yl\u00e4-Lapissa.<\/p>\n<blockquote class=\"wp-embedded-content\" data-secret=\"hRcYJobnO4\"><p><a href=\"https:\/\/luonnonperintosaatio.fi\/kampanjat\/pelastetaan-lapin-ikimetsat\/\">Pelastetaan Lapin ikimets\u00e4t<\/a><\/p><\/blockquote>\n<p><iframe loading=\"lazy\" class=\"wp-embedded-content\" sandbox=\"allow-scripts\" security=\"restricted\" style=\"position: absolute; visibility: hidden;\" title=\"&#8221;Pelastetaan Lapin ikimets\u00e4t&#8221; &#8212; Luonnonperint\u00f6s\u00e4\u00e4ti\u00f6\" src=\"https:\/\/luonnonperintosaatio.fi\/kampanjat\/pelastetaan-lapin-ikimetsat\/embed\/#?secret=wTgVjpneOU#?secret=hRcYJobnO4\" data-secret=\"hRcYJobnO4\" width=\"600\" height=\"338\" frameborder=\"0\" marginwidth=\"0\" marginheight=\"0\" scrolling=\"no\"><\/iframe><\/p>\n<p>Valokuvan on ottanut Markku Nyk\u00e4nen kes\u00e4ll\u00e4 2022.<\/p>\n<p>T\u00e4ss\u00e4 kortissa on kest\u00e4v\u00e4 mattapinnoite. Sen ansiosta kortin pinta tuntuu pehme\u00e4lle, melkein kankaiselle, ja sit\u00e4 voi hypistell\u00e4 vapaasti koska pintaan ei j\u00e4\u00e4 sormenj\u00e4lki\u00e4!<\/p>\n","protected":false},"excerpt":{"rendered":"<p>Postikortti.<\/p>\n","protected":false},"featured_media":74386,"template":"","meta":[],"product_brand":[],"product_cat":[19],"product_tag":[337,126],"class_list":{"0":"post-74051","1":"product","2":"type-product","3":"status-publish","4":"has-post-thumbnail","6":"product_cat-kortit","7":"product_tag-halloween-fi","8":"product_tag-maisemat","9":"product_shipping_class-cards","11":"first","12":"instock","13":"taxable","14":"shipping-taxable","15":"purchasable","16":"product-type-simple"},"_links":{"self":[{"href":"https:\/\/minorpostcards.fi\/fi\/wp-json\/wp\/v2\/product\/74051","targetHints":{"allow":["GET"]}}],"collection":[{"href":"https:\/\/minorpostcards.fi\/fi\/wp-json\/wp\/v2\/product"}],"about":[{"href":"https:\/\/minorpostcards.fi\/fi\/wp-json\/wp\/v2\/types\/product"}],"wp:featuredmedia":[{"embeddable":true,"href":"https:\/\/minorpostcards.fi\/fi\/wp-json\/wp\/v2\/media\/74386"}],"wp:attachment":[{"href":"https:\/\/minorpostcards.fi\/fi\/wp-json\/wp\/v2\/media?parent=74051"}],"wp:term":[{"taxonomy":"product_brand","embeddable":true,"href":"https:\/\/minorpostcards.fi\/fi\/wp-json\/wp\/v2\/product_brand?post=74051"},{"taxonomy":"product_cat","embeddable":true,"href":"https:\/\/minorpostcards.fi\/fi\/wp-json\/wp\/v2\/product_cat?post=74051"},{"taxonomy":"product_tag","embeddable":true,"href":"https:\/\/minorpostcards.fi\/fi\/wp-json\/wp\/v2\/product_tag?post=74051"}],"curies":[{"name":"wp","href":"https:\/\/api.w.org\/{rel}","templated":true}]}}