{"id":74190,"date":"2024-03-10T18:23:10","date_gmt":"2024-03-10T16:23:10","guid":{"rendered":"https:\/\/minorpostcards.fi\/?post_type=product&#038;p=74190"},"modified":"2026-02-16T18:44:59","modified_gmt":"2026-02-16T16:44:59","slug":"talviyon-valoa","status":"publish","type":"product","link":"https:\/\/minorpostcards.fi\/fi\/tuote\/kortit\/talviyon-valoa\/","title":{"rendered":"Talviy\u00f6n valoa"},"content":{"rendered":"<div>\n<p>Siit\u00e4 l\u00e4htien, kun olen harrastanut valokuvausta, revontulien kuvaaminen on ollut mieless\u00e4 isona haasteena. Kameran s\u00e4\u00e4t\u00f6j\u00e4 pit\u00e4\u00e4 arvailla ja kokeilla, ja yksin pime\u00e4ss\u00e4 oleminen j\u00e4nnitt\u00e4\u00e4&#8230; ja pime\u00e4ss\u00e4 tarkentaminen &#8211; se vasta vaikeaa onkin.\u00a0 Revontulia on harvakseltaan, sen mit\u00e4 yhdell\u00e4 kerralla oppii sen ehtii jo unohtaa ennen kuin seuraava kuvausmahdollisuus tulee.<\/p>\n<p>Talvella 2023 p\u00e4\u00e4sin kokeilemaan kuvaamista muutaman kerran ja t\u00e4ss\u00e4 kortissa onkin ensimm\u00e4inen julkaisukelpoinen itse ottamani revontulikuva! Kuva on otettu 26. helmikuuta keskiy\u00f6n maissa vain parin sadan metrin p\u00e4\u00e4ss\u00e4 kotipihalta ja sen otti Minna Minor Postcardsilta.<\/p>\n<p>T\u00e4ss\u00e4 kortissa on kest\u00e4v\u00e4 mattapinnoite. Sen ansiosta kortin pinta tuntuu pehme\u00e4lle, melkein kankaiselle, ja sit\u00e4 voi hypistell\u00e4 vapaasti koska pintaan ei j\u00e4\u00e4 sormenj\u00e4lki\u00e4!<\/p>\n<\/div>\n","protected":false},"excerpt":{"rendered":"<p>Postikortti.<\/p>\n","protected":false},"featured_media":74384,"template":"","meta":[],"product_brand":[],"product_cat":[19],"product_tag":[286,126,304,115,335,120],"class_list":{"0":"post-74190","1":"product","2":"type-product","3":"status-publish","4":"has-post-thumbnail","6":"product_cat-kortit","7":"product_tag-luonto","8":"product_tag-maisemat","9":"product_tag-mattapinta","10":"product_tag-suomi","11":"product_tag-tahdet-ja-astronomia","12":"product_tag-talvi","13":"product_shipping_class-cards","15":"first","16":"outofstock","17":"taxable","18":"shipping-taxable","19":"purchasable","20":"product-type-simple"},"_links":{"self":[{"href":"https:\/\/minorpostcards.fi\/fi\/wp-json\/wp\/v2\/product\/74190","targetHints":{"allow":["GET"]}}],"collection":[{"href":"https:\/\/minorpostcards.fi\/fi\/wp-json\/wp\/v2\/product"}],"about":[{"href":"https:\/\/minorpostcards.fi\/fi\/wp-json\/wp\/v2\/types\/product"}],"wp:featuredmedia":[{"embeddable":true,"href":"https:\/\/minorpostcards.fi\/fi\/wp-json\/wp\/v2\/media\/74384"}],"wp:attachment":[{"href":"https:\/\/minorpostcards.fi\/fi\/wp-json\/wp\/v2\/media?parent=74190"}],"wp:term":[{"taxonomy":"product_brand","embeddable":true,"href":"https:\/\/minorpostcards.fi\/fi\/wp-json\/wp\/v2\/product_brand?post=74190"},{"taxonomy":"product_cat","embeddable":true,"href":"https:\/\/minorpostcards.fi\/fi\/wp-json\/wp\/v2\/product_cat?post=74190"},{"taxonomy":"product_tag","embeddable":true,"href":"https:\/\/minorpostcards.fi\/fi\/wp-json\/wp\/v2\/product_tag?post=74190"}],"curies":[{"name":"wp","href":"https:\/\/api.w.org\/{rel}","templated":true}]}}