{"id":74192,"date":"2024-03-10T18:28:57","date_gmt":"2024-03-10T16:28:58","guid":{"rendered":"https:\/\/minorpostcards.fi\/?post_type=product&#038;p=74192"},"modified":"2025-09-21T14:00:13","modified_gmt":"2025-09-21T11:00:13","slug":"suomikartta-revontulet","status":"publish","type":"product","link":"https:\/\/minorpostcards.fi\/fi\/tuote\/kortit\/suomikartta-revontulet\/","title":{"rendered":"Suomikartta: revontulet"},"content":{"rendered":"<p>Revontulien yleisin v\u00e4ri on vihre\u00e4, jonka lis\u00e4n\u00e4 on my\u00f6s sinisi\u00e4, keltaisia tai punaisen eri s\u00e4vyj\u00e4.\u00a0 Revontulet muuttavat muotoa ja v\u00e4rej\u00e4 sin\u00e4 aikana kun ne ovat taivaalla.<br \/>\nYleens\u00e4 revontulet aloittavat alkuillasta pohjoisella taivaalla vihert\u00e4vin\u00e4\u00a0kaarina. Tunnin-parin kuluttua kaaret voimistuvat, ne\u00a0poimuilevat ja hajoavat pystysuuntaisiksi s\u00e4teiksi samalla kun ne siirtyv\u00e4t taivaalla kohti etel\u00e4\u00e4. Revontulien huippuvaiheessa nopeasti taivaan yli pohjoiseen ja etel\u00e4\u00e4n liikkuvat valonauhat poimuttuvat ja py\u00f6riv\u00e4t, samalla kun niiden v\u00e4ri vaihtelee. Joskus syntyy revontulikorona, jossa valokaaret n\u00e4ytt\u00e4v\u00e4t yhdistyv\u00e4n yhteen pisteeseen suoraan\u00a0katsoja yl\u00e4puolelle. Huippuvaiheen j\u00e4lkeen revontulet heikentyv\u00e4t ja sammuvat &#8211; jollei pohjoiselle taivaalle ilmesty\u00a0uusia revontulikaaria, jonka j\u00e4lkeen saattaa tulla uusi v\u00e4rik\u00e4s huippuvaihe.<\/p>\n<p>Korttikuvassa\u00a0n\u00e4kyy vihre\u00e4\u00e4 revontulikaarta, ja sen lis\u00e4ksi pystysuuntaisia eri v\u00e4risi\u00e4 valos\u00e4teit\u00e4. Kuva on otettu 26. helmikuuta keskiy\u00f6n maissa vain parin sadan metrin p\u00e4\u00e4ss\u00e4 kotipihalta ja sen on ottanut Minna Minor Postcardsilta.<\/p>\n<p>T\u00e4ss\u00e4 kortissa on kest\u00e4v\u00e4 mattapinnoite. Sen ansiosta kortin pinta tuntuu pehme\u00e4lle, melkein kankaiselle, ja sit\u00e4 voi hypistell\u00e4 vapaasti koska pintaan ei j\u00e4\u00e4 sormenj\u00e4lki\u00e4!<\/p>\n","protected":false},"excerpt":{"rendered":"<p>Postikortti.<\/p>\n","protected":false},"featured_media":74382,"template":"","meta":[],"product_brand":[],"product_cat":[19],"product_tag":[130,286,126,304,115,335,120],"class_list":{"0":"post-74192","1":"product","2":"type-product","3":"status-publish","4":"has-post-thumbnail","6":"product_cat-kortit","7":"product_tag-kartat","8":"product_tag-luonto","9":"product_tag-maisemat","10":"product_tag-mattapinta","11":"product_tag-suomi","12":"product_tag-tahdet-ja-astronomia","13":"product_tag-talvi","14":"product_shipping_class-cards","16":"first","17":"outofstock","18":"taxable","19":"shipping-taxable","20":"purchasable","21":"product-type-simple"},"_links":{"self":[{"href":"https:\/\/minorpostcards.fi\/fi\/wp-json\/wp\/v2\/product\/74192","targetHints":{"allow":["GET"]}}],"collection":[{"href":"https:\/\/minorpostcards.fi\/fi\/wp-json\/wp\/v2\/product"}],"about":[{"href":"https:\/\/minorpostcards.fi\/fi\/wp-json\/wp\/v2\/types\/product"}],"wp:featuredmedia":[{"embeddable":true,"href":"https:\/\/minorpostcards.fi\/fi\/wp-json\/wp\/v2\/media\/74382"}],"wp:attachment":[{"href":"https:\/\/minorpostcards.fi\/fi\/wp-json\/wp\/v2\/media?parent=74192"}],"wp:term":[{"taxonomy":"product_brand","embeddable":true,"href":"https:\/\/minorpostcards.fi\/fi\/wp-json\/wp\/v2\/product_brand?post=74192"},{"taxonomy":"product_cat","embeddable":true,"href":"https:\/\/minorpostcards.fi\/fi\/wp-json\/wp\/v2\/product_cat?post=74192"},{"taxonomy":"product_tag","embeddable":true,"href":"https:\/\/minorpostcards.fi\/fi\/wp-json\/wp\/v2\/product_tag?post=74192"}],"curies":[{"name":"wp","href":"https:\/\/api.w.org\/{rel}","templated":true}]}}