{"id":74198,"date":"2024-03-10T19:15:30","date_gmt":"2024-03-10T17:15:30","guid":{"rendered":"https:\/\/minorpostcards.fi\/?post_type=product&#038;p=74198"},"modified":"2026-03-10T20:21:43","modified_gmt":"2026-03-10T18:21:43","slug":"sukissa","status":"publish","type":"product","link":"https:\/\/minorpostcards.fi\/fi\/tuote\/kortit\/sukissa\/","title":{"rendered":"Sukissa"},"content":{"rendered":"<div>\n<p>Onko olemassa mit\u00e4\u00e4n pehme\u00e4mp\u00e4\u00e4 ja ihanampaa kuin villasukat ja T\u00f6p\u00f6-kissan tassut?<\/p>\n<\/div>\n<div>Kuvan kirjoneulesukat ovat \u00e4idin ja minun yhteisty\u00f6t\u00e4: min\u00e4 suunnittelin mallin ja \u00e4iti neuloi sen. Ennenkuin\u00a0kukaan ehtii kysy\u00e4: sukkaohjetta ei ole saatavilla, kun varren lis\u00e4ykset ja kavennukset on vain suunnilleen siell\u00e4 p\u00e4in miss\u00e4 pit\u00e4isi olla.<\/div>\n<div><\/div>\n<div>T\u00e4ss\u00e4 kortissa on kest\u00e4v\u00e4 mattapinnoite. Sen ansiosta kortin pinta tuntuu pehme\u00e4lle, melkein kankaiselle, ja sit\u00e4 voi hypistell\u00e4 vapaasti koska pintaan ei j\u00e4\u00e4 sormenj\u00e4lki\u00e4!<\/div>\n","protected":false},"excerpt":{"rendered":"<p>Postikortti.<\/p>\n","protected":false},"featured_media":74388,"template":"","meta":[],"product_brand":[],"product_cat":[19],"product_tag":[132,298,304],"class_list":{"0":"post-74198","1":"product","2":"type-product","3":"status-publish","4":"has-post-thumbnail","6":"product_cat-kortit","7":"product_tag-elaimet","8":"product_tag-kasityot-ja-harrastukset","9":"product_tag-mattapinta","10":"product_shipping_class-cards","12":"first","13":"instock","14":"taxable","15":"shipping-taxable","16":"purchasable","17":"product-type-simple"},"_links":{"self":[{"href":"https:\/\/minorpostcards.fi\/fi\/wp-json\/wp\/v2\/product\/74198","targetHints":{"allow":["GET"]}}],"collection":[{"href":"https:\/\/minorpostcards.fi\/fi\/wp-json\/wp\/v2\/product"}],"about":[{"href":"https:\/\/minorpostcards.fi\/fi\/wp-json\/wp\/v2\/types\/product"}],"wp:featuredmedia":[{"embeddable":true,"href":"https:\/\/minorpostcards.fi\/fi\/wp-json\/wp\/v2\/media\/74388"}],"wp:attachment":[{"href":"https:\/\/minorpostcards.fi\/fi\/wp-json\/wp\/v2\/media?parent=74198"}],"wp:term":[{"taxonomy":"product_brand","embeddable":true,"href":"https:\/\/minorpostcards.fi\/fi\/wp-json\/wp\/v2\/product_brand?post=74198"},{"taxonomy":"product_cat","embeddable":true,"href":"https:\/\/minorpostcards.fi\/fi\/wp-json\/wp\/v2\/product_cat?post=74198"},{"taxonomy":"product_tag","embeddable":true,"href":"https:\/\/minorpostcards.fi\/fi\/wp-json\/wp\/v2\/product_tag?post=74198"}],"curies":[{"name":"wp","href":"https:\/\/api.w.org\/{rel}","templated":true}]}}