{"id":74202,"date":"2024-03-10T19:20:31","date_gmt":"2024-03-10T17:20:31","guid":{"rendered":"https:\/\/minorpostcards.fi\/?post_type=product&#038;p=74202"},"modified":"2025-12-16T00:04:05","modified_gmt":"2025-12-15T22:04:05","slug":"myrkkya","status":"publish","type":"product","link":"https:\/\/minorpostcards.fi\/fi\/tuote\/kortit\/myrkkya\/","title":{"rendered":"Myrkky\u00e4"},"content":{"rendered":"<p>N\u00e4iden pullojen ja purkkien sis\u00e4ll\u00e4 n\u00e4ytt\u00e4\u00e4 olevan monenlaista myrkky\u00e4 ja vaarallista ainetta. Korpin kallo, musta sulka ja p\u00f6lykerros lis\u00e4\u00e4 kuvaan salaper\u00e4ist\u00e4 tunnelmaa&#8230;<\/p>\n<p>Haluanko tiet\u00e4\u00e4 kenen kellarissa kuva on otettu?<\/p>\n<p>T\u00e4ss\u00e4 kortissa on kest\u00e4v\u00e4 mattapinnoite. Sen ansiosta kortin pinta tuntuu pehme\u00e4lle, melkein kankaiselle, ja sit\u00e4 voi hypistell\u00e4 vapaasti koska pintaan ei j\u00e4\u00e4 sormenj\u00e4lki\u00e4!<\/p>\n","protected":false},"excerpt":{"rendered":"<p>Postikortti.<\/p>\n","protected":false},"featured_media":74416,"template":"","meta":[],"product_brand":[],"product_cat":[19],"product_tag":[331,337,304,118],"class_list":{"0":"post-74202","1":"product","2":"type-product","3":"status-publish","4":"has-post-thumbnail","6":"product_cat-kortit","7":"product_tag-fantasia-aiheet","8":"product_tag-halloween-fi","9":"product_tag-mattapinta","10":"product_tag-mustavalkea","11":"product_shipping_class-cards","13":"first","14":"instock","15":"taxable","16":"shipping-taxable","17":"purchasable","18":"product-type-simple"},"_links":{"self":[{"href":"https:\/\/minorpostcards.fi\/fi\/wp-json\/wp\/v2\/product\/74202","targetHints":{"allow":["GET"]}}],"collection":[{"href":"https:\/\/minorpostcards.fi\/fi\/wp-json\/wp\/v2\/product"}],"about":[{"href":"https:\/\/minorpostcards.fi\/fi\/wp-json\/wp\/v2\/types\/product"}],"wp:featuredmedia":[{"embeddable":true,"href":"https:\/\/minorpostcards.fi\/fi\/wp-json\/wp\/v2\/media\/74416"}],"wp:attachment":[{"href":"https:\/\/minorpostcards.fi\/fi\/wp-json\/wp\/v2\/media?parent=74202"}],"wp:term":[{"taxonomy":"product_brand","embeddable":true,"href":"https:\/\/minorpostcards.fi\/fi\/wp-json\/wp\/v2\/product_brand?post=74202"},{"taxonomy":"product_cat","embeddable":true,"href":"https:\/\/minorpostcards.fi\/fi\/wp-json\/wp\/v2\/product_cat?post=74202"},{"taxonomy":"product_tag","embeddable":true,"href":"https:\/\/minorpostcards.fi\/fi\/wp-json\/wp\/v2\/product_tag?post=74202"}],"curies":[{"name":"wp","href":"https:\/\/api.w.org\/{rel}","templated":true}]}}