{"id":74206,"date":"2024-03-10T19:26:04","date_gmt":"2024-03-10T17:26:04","guid":{"rendered":"https:\/\/minorpostcards.fi\/?post_type=product&#038;p=74206"},"modified":"2026-04-14T11:28:17","modified_gmt":"2026-04-14T08:28:17","slug":"uuden-valamon-luostari-kartalla","status":"publish","type":"product","link":"https:\/\/minorpostcards.fi\/fi\/tuote\/kortit\/uuden-valamon-luostari-kartalla\/","title":{"rendered":"Uuden Valamon luostari kartalla"},"content":{"rendered":"<p>Valamon Kristuksen kirkastumisen luostari (Uusi-Valamo) on Suomen ortodoksisen kirkon munkkiluostari Hein\u00e4vedell\u00e4. Alkuper\u00e4inen Valamon luostari sijaitsi Laatokan saaressa Karjalassa, mutta luostari evakuoitiin toisen maailmansodan aikana Neuvostoliiton miehitt\u00e4m\u00e4lt\u00e4\u00a0alueelta Suomeen.<\/p>\n<p>Kuvassa on vuonna 1977 valmistunut \u00a0Kristuksen kirkastumisen muistolle pyhitetty luostarin p\u00e4\u00e4kirkko. Sen temppelijuhlaa eli praasniekkaa vietet\u00e4\u00e4n vuosittain elokuun kuudentena p\u00e4iv\u00e4n\u00e4. Useimmat kirkon ikonit ovat per\u00e4isin 1700- ja 1800-luvuilta ja ne kunnostettiin p\u00e4\u00e4asiassa Laatokan Valamosta mukaan otetuista ikoneista. Suomen historiallisesti merkitt\u00e4vimp\u00e4n\u00e4 pidetty ikoni, Konevitsan Jumalan\u00e4iti, on kunniapaikalla kirkossa. Kuvan keskell\u00e4 kirkon talvikirkkona\u00a0toimivan osan sein\u00e4n\u00a0mosaiikissa ovat Laatokan Valamon perustajat Sergei ja Herman Valamolainen. Kuvan oikean reunan kellotorneissa\u00a0olevat 14 kelloa\u00a0ovat my\u00f6s per\u00e4isin Valamosta.<\/p>\n<p>Luostarin alueella on monia rakennuksia, kuten kahdesta aitasta aikoinaan yhdist\u00e4m\u00e4ll\u00e4 tehty ns. vanha kirkko, joka on nyky\u00e4\u00e4n nimelt\u00e4\u00e4n Kaikkien Valamon pyhien kirkko. Valamon kulttuurikeskuskessa on mm. laaja luostarin historiasta ja toiminnasta kertova pysyv\u00e4 n\u00e4yttely. Suomen ainoan ortodoksisen kansanopiston Valamon kansanopiston opetus- ja majoitustilat valmistuivat vuonna 1989. Laivalaiturin l\u00e4hell\u00e4 on Pyh\u00e4n Nikolaoksen tsasouna ja luostarin hautausmaalla Johannes Kastajalle pyhitetty tsasouna. Luostarin hautausmaa on kilometrin p\u00e4\u00e4ss\u00e4 luostarin p\u00e4\u00e4alueesta.<\/p>\n<p>Luostarin p\u00e4\u00e4elinkeino\u00a0on matkailu ja sit\u00e4 varten luostarissa on vanhojen majoitustilojen lis\u00e4ksi\u00a0hotelli, ravintola, matkamuistomyym\u00e4l\u00e4 ja luostarissa tehtyjen viinien kauppa.\u00a0\u00a0Luostarissa k\u00e4y vuosittain yli 100 000 vierailijaa.\u00a0Lyhyell\u00e4 vierailulla voi esim. osallistua kaikille avoimiin jumalanpalveluksiin, tutustua taiden\u00e4yttelyihin ja museoon ja luostarin alueeseen. Pidemm\u00e4t vierailut ovat suosittuja joulun ja p\u00e4\u00e4si\u00e4isen aikana, jolloin luostariin tullaan hiljentym\u00e4\u00e4n.<\/p>\n<p>Minna otti korttikuvan elokuussa 2023, jolloin Suomen postcrossingyhdistys\u00a0ry.\u00a0teki j\u00e4senretken Valamoon j\u00e4rjest\u00e4en postcrossing-miitin ja tutustuen Martta Wendelinin n\u00e4yttelyyn<\/p>\n","protected":false},"excerpt":{"rendered":"<p>Postikortti.<\/p>\n","protected":false},"featured_media":74266,"template":"","meta":[],"product_brand":[],"product_cat":[19],"product_tag":[130,149,332,115],"class_list":{"0":"post-74206","1":"product","2":"type-product","3":"status-publish","4":"has-post-thumbnail","6":"product_cat-kortit","7":"product_tag-kartat","8":"product_tag-kesa","9":"product_tag-suomalaiset-paikat-ja-alueet","10":"product_tag-suomi","11":"product_shipping_class-cards","13":"first","14":"outofstock","15":"taxable","16":"shipping-taxable","17":"purchasable","18":"product-type-simple"},"_links":{"self":[{"href":"https:\/\/minorpostcards.fi\/fi\/wp-json\/wp\/v2\/product\/74206","targetHints":{"allow":["GET"]}}],"collection":[{"href":"https:\/\/minorpostcards.fi\/fi\/wp-json\/wp\/v2\/product"}],"about":[{"href":"https:\/\/minorpostcards.fi\/fi\/wp-json\/wp\/v2\/types\/product"}],"wp:featuredmedia":[{"embeddable":true,"href":"https:\/\/minorpostcards.fi\/fi\/wp-json\/wp\/v2\/media\/74266"}],"wp:attachment":[{"href":"https:\/\/minorpostcards.fi\/fi\/wp-json\/wp\/v2\/media?parent=74206"}],"wp:term":[{"taxonomy":"product_brand","embeddable":true,"href":"https:\/\/minorpostcards.fi\/fi\/wp-json\/wp\/v2\/product_brand?post=74206"},{"taxonomy":"product_cat","embeddable":true,"href":"https:\/\/minorpostcards.fi\/fi\/wp-json\/wp\/v2\/product_cat?post=74206"},{"taxonomy":"product_tag","embeddable":true,"href":"https:\/\/minorpostcards.fi\/fi\/wp-json\/wp\/v2\/product_tag?post=74206"}],"curies":[{"name":"wp","href":"https:\/\/api.w.org\/{rel}","templated":true}]}}