{"id":74276,"date":"2024-03-11T13:51:27","date_gmt":"2024-03-11T11:51:28","guid":{"rendered":"https:\/\/minorpostcards.fi\/?post_type=product&#038;p=74276"},"modified":"2026-04-03T22:18:20","modified_gmt":"2026-04-03T19:18:20","slug":"oulangan-kansallispuisto-kiutakongas","status":"publish","type":"product","link":"https:\/\/minorpostcards.fi\/fi\/tuote\/kortit\/oulangan-kansallispuisto-kiutakongas\/","title":{"rendered":"Oulangan kansallispuisto Kiutak\u00f6ng\u00e4s"},"content":{"rendered":"<p>Kiutak\u00f6ng\u00e4s on ruskeavetisen Oulankajoen n\u00e4ytt\u00e4v\u00e4 koskipaikka. Se sijaitsee Karhunkierroksen varrella, mutta sinne p\u00e4\u00e4see Oulangan luontokeskukselta l\u00e4htev\u00e4\u00e4 sorastettua polkua pitkin. T\u00e4ll\u00f6in matkan pituus on n. kilometri ja reitti on kuljettavissa ymp\u00e4ri vuoden.<\/p>\n<p>Koski koostuu putousten sarjasta joiden pituus 325 m. ja korkeus yhteens\u00e4 14 m. Joki virtaa takareunan punaisen dolomiittikallion ja etuosan kvartsikallion v\u00e4liss\u00e4 kivilajien saumassa. Kiutak\u00f6ng\u00e4s on luokiteltu hengenvaaralliseksi, joten kannattaa olla varovainen kiipeilless\u00e4\u00e4n jokirannan kallioilla.<\/p>\n<p>Minna on ottanut korttikuvan syksyll\u00e4 2023 kameraseuran Kuusamon reissulla.<\/p>\n","protected":false},"excerpt":{"rendered":"<p>Postikortti.<\/p>\n","protected":false},"featured_media":74270,"template":"","meta":[],"product_brand":[],"product_cat":[19],"product_tag":[333,286,332,115,191],"class_list":{"0":"post-74276","1":"product","2":"type-product","3":"status-publish","4":"has-post-thumbnail","6":"product_cat-kortit","7":"product_tag-kansallispuistot","8":"product_tag-luonto","9":"product_tag-suomalaiset-paikat-ja-alueet","10":"product_tag-suomi","11":"product_tag-syksy","12":"product_shipping_class-cards","14":"first","15":"instock","16":"taxable","17":"shipping-taxable","18":"purchasable","19":"product-type-simple"},"_links":{"self":[{"href":"https:\/\/minorpostcards.fi\/fi\/wp-json\/wp\/v2\/product\/74276","targetHints":{"allow":["GET"]}}],"collection":[{"href":"https:\/\/minorpostcards.fi\/fi\/wp-json\/wp\/v2\/product"}],"about":[{"href":"https:\/\/minorpostcards.fi\/fi\/wp-json\/wp\/v2\/types\/product"}],"wp:featuredmedia":[{"embeddable":true,"href":"https:\/\/minorpostcards.fi\/fi\/wp-json\/wp\/v2\/media\/74270"}],"wp:attachment":[{"href":"https:\/\/minorpostcards.fi\/fi\/wp-json\/wp\/v2\/media?parent=74276"}],"wp:term":[{"taxonomy":"product_brand","embeddable":true,"href":"https:\/\/minorpostcards.fi\/fi\/wp-json\/wp\/v2\/product_brand?post=74276"},{"taxonomy":"product_cat","embeddable":true,"href":"https:\/\/minorpostcards.fi\/fi\/wp-json\/wp\/v2\/product_cat?post=74276"},{"taxonomy":"product_tag","embeddable":true,"href":"https:\/\/minorpostcards.fi\/fi\/wp-json\/wp\/v2\/product_tag?post=74276"}],"curies":[{"name":"wp","href":"https:\/\/api.w.org\/{rel}","templated":true}]}}