{"id":74278,"date":"2024-03-11T13:56:07","date_gmt":"2024-03-11T11:56:08","guid":{"rendered":"https:\/\/minorpostcards.fi\/?post_type=product&#038;p=74278"},"modified":"2026-04-03T22:18:20","modified_gmt":"2026-04-03T19:18:20","slug":"oulangan-kansallispuisto-pahkanakallio","status":"publish","type":"product","link":"https:\/\/minorpostcards.fi\/fi\/tuote\/kortit\/oulangan-kansallispuisto-pahkanakallio\/","title":{"rendered":"Oulangan kansallispuisto P\u00e4hk\u00e4n\u00e4kallio"},"content":{"rendered":"<p>P\u00e4hk\u00e4n\u00e4kallio, tunnettu my\u00f6s nimill\u00e4 P\u00e4\u00e4hk\u00e4n\u00e4kallio, P\u00e4\u00e4hk\u00e4n\u00e4nkallio ja P\u00e4hk\u00e4n\u00e4nkallio on kuuluisa kauniista kallion laelta aukeavasta jokimaisemasta, jossa kirkasvetinen Kitkajoki kiemurtelee kuusimets\u00e4n lomassa. Kalliolta n\u00e4kyv\u00e4 jokimaisema on \u00e4\u00e4nestetty Suomen kauneimmaksi ja tuloksen ansiosta paikka on hyvin suosittu retkikohde. Se on n. 90 km:n Karhunkierroksen vaellusreitin varrella, mutta kiireisemm\u00e4t retkeilij\u00e4t p\u00e4\u00e4sev\u00e4t sinne helpommin P\u00e4hk\u00e4n\u00e4kalliontielt\u00e4.<\/p>\n<p>P\u00e4hk\u00e4n\u00e4kallion alue on rauhoitettu 1.4. &#8211; 15.8. v\u00e4lisen\u00e4 aikana ja silloin siell\u00e4 liikkuminen on kielletty luonnonsuojelullisen syyn takia. Paikka onkin erityisen hieno syyskohde, koska aikasin kalliolle l\u00e4htenyt retkeilij\u00e4 voi onnistua n\u00e4kem\u00e4\u00e4n miten uskomattoman hienolle n\u00e4ytt\u00e4\u00e4, kun aurinko nousee sumuisen ruskamets\u00e4n ylle.<\/p>\n<p>Minna on ottanut korttikuvan syksyll\u00e4 2023 kameraseuran Kuusamon reissulla, jolloin oli kyll\u00e4 sumua mutta auringonpaiste puuttui.<\/p>\n","protected":false},"excerpt":{"rendered":"<p>Postikortti.<\/p>\n","protected":false},"featured_media":74272,"template":"","meta":[],"product_brand":[],"product_cat":[19],"product_tag":[333,286,332,115,191],"class_list":{"0":"post-74278","1":"product","2":"type-product","3":"status-publish","4":"has-post-thumbnail","6":"product_cat-kortit","7":"product_tag-kansallispuistot","8":"product_tag-luonto","9":"product_tag-suomalaiset-paikat-ja-alueet","10":"product_tag-suomi","11":"product_tag-syksy","12":"product_shipping_class-cards","14":"first","15":"instock","16":"taxable","17":"shipping-taxable","18":"purchasable","19":"product-type-simple"},"_links":{"self":[{"href":"https:\/\/minorpostcards.fi\/fi\/wp-json\/wp\/v2\/product\/74278","targetHints":{"allow":["GET"]}}],"collection":[{"href":"https:\/\/minorpostcards.fi\/fi\/wp-json\/wp\/v2\/product"}],"about":[{"href":"https:\/\/minorpostcards.fi\/fi\/wp-json\/wp\/v2\/types\/product"}],"wp:featuredmedia":[{"embeddable":true,"href":"https:\/\/minorpostcards.fi\/fi\/wp-json\/wp\/v2\/media\/74272"}],"wp:attachment":[{"href":"https:\/\/minorpostcards.fi\/fi\/wp-json\/wp\/v2\/media?parent=74278"}],"wp:term":[{"taxonomy":"product_brand","embeddable":true,"href":"https:\/\/minorpostcards.fi\/fi\/wp-json\/wp\/v2\/product_brand?post=74278"},{"taxonomy":"product_cat","embeddable":true,"href":"https:\/\/minorpostcards.fi\/fi\/wp-json\/wp\/v2\/product_cat?post=74278"},{"taxonomy":"product_tag","embeddable":true,"href":"https:\/\/minorpostcards.fi\/fi\/wp-json\/wp\/v2\/product_tag?post=74278"}],"curies":[{"name":"wp","href":"https:\/\/api.w.org\/{rel}","templated":true}]}}