{"id":7450,"date":"2018-09-10T16:29:17","date_gmt":"2018-09-10T16:29:17","guid":{"rendered":"https:\/\/minorpostcards.fi\/?post_type=product&#038;p=7450"},"modified":"2026-04-03T22:18:21","modified_gmt":"2026-04-03T19:18:21","slug":"kahvikupit-tarra-arkki","status":"publish","type":"product","link":"https:\/\/minorpostcards.fi\/fi\/tuote\/tarrat\/kahvikupit-tarra-arkki\/","title":{"rendered":"Kahvikupit &#8211; tarra-arkki"},"content":{"rendered":"<p><span style=\"color: #6d6d6d\"><span style=\"font-family: 'source sans pro', HelveticaNeue-Light, 'helvetica neue light', 'helvetica neue', Helvetica, Arial, 'lucida grande', sans-serif\"><span style=\"font-size: large\">Arkki t\u00e4ynn\u00e4 iloisia kahvikuppeja! Isommat kupit ovat yksitt\u00e4isi\u00e4 tarroja, pienemm\u00e4t nelj\u00e4n kupin rivej\u00e4. N\u00e4m\u00e4 tarrat k\u00e4yv\u00e4t t\u00e4ydellisesti kahviaiheisiin postikortteihin!<\/span><\/span><\/span><\/p>\n<p><span style=\"color: #6d6d6d\"><span style=\"font-family: 'source sans pro', HelveticaNeue-Light, 'helvetica neue light', 'helvetica neue', Helvetica, Arial, 'lucida grande', sans-serif\"><span style=\"font-size: large\">Tarramateriaali on kiilt\u00e4v\u00e4pintainen ja muotoonleikattujen tarrojen koko sopii hyvin\u00a0korttien ja kirjekuorien koristeluun.\u00a0<\/span><\/span><\/span><\/p>\n<p><span style=\"color: #6d6d6d\"><span style=\"font-family: 'source sans pro', HelveticaNeue-Light, 'helvetica neue light', 'helvetica neue', Helvetica, Arial, 'lucida grande', sans-serif\"><span style=\"font-size: large\">Arkin koko on 9,5 cm x 12,5 cm ja siin\u00e4 on 26 tarraa.<\/span><\/span><\/span><\/p>\n","protected":false},"excerpt":{"rendered":"<p>Tarra-arkki.<\/p>\n","protected":false},"featured_media":39731,"template":"","meta":[],"product_brand":[],"product_cat":[173],"product_tag":[318,305,245],"class_list":{"0":"post-7450","1":"product","2":"type-product","3":"status-publish","4":"has-post-thumbnail","6":"product_cat-tarrat","7":"product_tag-kahvi","8":"product_tag-sekalaiset","9":"product_tag-tarrat","10":"product_shipping_class-cards","12":"first","13":"instock","14":"taxable","15":"shipping-taxable","16":"purchasable","17":"product-type-simple"},"_links":{"self":[{"href":"https:\/\/minorpostcards.fi\/fi\/wp-json\/wp\/v2\/product\/7450","targetHints":{"allow":["GET"]}}],"collection":[{"href":"https:\/\/minorpostcards.fi\/fi\/wp-json\/wp\/v2\/product"}],"about":[{"href":"https:\/\/minorpostcards.fi\/fi\/wp-json\/wp\/v2\/types\/product"}],"wp:featuredmedia":[{"embeddable":true,"href":"https:\/\/minorpostcards.fi\/fi\/wp-json\/wp\/v2\/media\/39731"}],"wp:attachment":[{"href":"https:\/\/minorpostcards.fi\/fi\/wp-json\/wp\/v2\/media?parent=7450"}],"wp:term":[{"taxonomy":"product_brand","embeddable":true,"href":"https:\/\/minorpostcards.fi\/fi\/wp-json\/wp\/v2\/product_brand?post=7450"},{"taxonomy":"product_cat","embeddable":true,"href":"https:\/\/minorpostcards.fi\/fi\/wp-json\/wp\/v2\/product_cat?post=7450"},{"taxonomy":"product_tag","embeddable":true,"href":"https:\/\/minorpostcards.fi\/fi\/wp-json\/wp\/v2\/product_tag?post=7450"}],"curies":[{"name":"wp","href":"https:\/\/api.w.org\/{rel}","templated":true}]}}