{"id":753,"date":"2012-07-21T20:10:29","date_gmt":"2012-08-14T15:02:48","guid":{"rendered":"http:\/\/minorpostcards.fi\/product\/hetkia\/sightseeing\/"},"modified":"2017-10-01T14:41:52","modified_gmt":"2017-10-01T14:41:52","slug":"sightseeing","status":"publish","type":"product","link":"https:\/\/minorpostcards.fi\/fi\/tuote\/korttikirjat\/hetkia\/sightseeing\/","title":{"rendered":"Sightseeing"},"content":{"rendered":"<p>Hauska seurata kuinka samassa paikassa eri ihmisten mielenkiinto ja kuvaushalu kohdistuu eri aiheisiin. Kuva on otettu kev\u00e4\u00e4ll\u00e4 2011 Italiasssa Portofinon satamassa. Vuorenrinteell\u00e4 n\u00e4kyv\u00e4 Castello Brown on nykyisin museo jonka monissa huoneissa on mustavalkovalokuvia kuuluisista ihmisist\u00e4 heid\u00e4n vieraillessaan Portofinossa 1950 ja 1960 luvuilla.<\/p>\n<p>T\u00e4m\u00e4 kortti l\u00f6ytyy\u00a0<a href=\"https:\/\/minorpostcards.fi\/fi\/product\/hetkia\/moments-with-people-hetkia-elamasta\/\">Hetki\u00e4 el\u00e4m\u00e4st\u00e4<\/a>-korttikirjasta, jossa on 21 korttia. Kirjan hinta on 16 euroa.<\/p>\n<p class=\"product woocommerce add_to_cart_inline \" style=\"border:4px solid #ccc; padding: 12px;\"><del aria-hidden=\"true\"><span class=\"woocommerce-Price-amount amount\"><bdi>16.00&nbsp;<span class=\"woocommerce-Price-currencySymbol\">&euro;<\/span><\/bdi><\/span><\/del> <span class=\"screen-reader-text\">Alkuper\u00e4inen hinta oli: 16.00&nbsp;&euro;.<\/span><ins aria-hidden=\"true\"><span class=\"woocommerce-Price-amount amount\"><bdi>8.00&nbsp;<span class=\"woocommerce-Price-currencySymbol\">&euro;<\/span><\/bdi><\/span><\/ins><span class=\"screen-reader-text\">Nykyinen hinta on: 8.00&nbsp;&euro;.<\/span> <small class=\"woocommerce-price-suffix\">(ei alv. rek)<\/small><a href=\"https:\/\/minorpostcards.fi\/fi\/?post_type=product&#038;p=713\" aria-describedby=\"woocommerce_loop_add_to_cart_link_describedby_713\" data-quantity=\"1\" class=\"button product_type_simple\" data-product_id=\"713\" data-product_sku=\"K02A\" aria-label=\"Lue lis\u00e4\u00e4 &ldquo;Moments with people - Hetki\u00e4 el\u00e4m\u00e4st\u00e4&rdquo; asiasta\" rel=\"nofollow\" data-success_message=\"\">Lue lis\u00e4\u00e4<\/a>\t<span id=\"woocommerce_loop_add_to_cart_link_describedby_713\" class=\"screen-reader-text\">\n\t\t\t<\/span>\n<\/p>\n<p>Klikkaamalla alla olevaa kuvaa p\u00e4\u00e4set katsomaan kaikkia korttikirjassa olevia kortteja.<\/p>\n<p><a href=\"https:\/\/minorpostcards.fi\/fi\/products\/kaikki\/korttikirjat\/hetkia\/\"><img loading=\"lazy\" decoding=\"async\" class=\"alignnone size-medium wp-image-703\" title=\"Moments with people - Hetki\u00e4 el\u00e4m\u00e4st\u00e4\" src=\"https:\/\/minorpostcards.fi\/wp-content\/uploads\/2012\/07\/Moments-with-people-Hetki\u00e4-el\u00e4m\u00e4st\u00e4.jpg\" alt=\"\" width=\"300\" height=\"216\" srcset=\"https:\/\/minorpostcards.fi\/wp-content\/uploads\/2012\/07\/Moments-with-people-Hetki\u00e4-el\u00e4m\u00e4st\u00e4.jpg 800w, https:\/\/minorpostcards.fi\/wp-content\/uploads\/2012\/07\/Moments-with-people-Hetki\u00e4-el\u00e4m\u00e4st\u00e4-324x234.jpg 324w, https:\/\/minorpostcards.fi\/wp-content\/uploads\/2012\/07\/Moments-with-people-Hetki\u00e4-el\u00e4m\u00e4st\u00e4-416x300.jpg 416w, https:\/\/minorpostcards.fi\/wp-content\/uploads\/2012\/07\/Moments-with-people-Hetki\u00e4-el\u00e4m\u00e4st\u00e4-648x467.jpg 648w\" sizes=\"auto, (max-width: 300px) 100vw, 300px\" \/><\/a><\/p>\n","protected":false},"excerpt":{"rendered":"<p>Postikorttikirjasta &#8221;Hetki\u00e4 el\u00e4m\u00e4st\u00e4&#8221;.<\/p>\n","protected":false},"featured_media":2990,"template":"","meta":[],"product_brand":[],"product_cat":[63],"product_tag":[],"class_list":{"0":"post-753","1":"product","2":"type-product","3":"status-publish","4":"has-post-thumbnail","6":"product_cat-hetkia","7":"product_shipping_class-cards","9":"first","10":"instock","11":"taxable","12":"shipping-taxable","13":"product-type-simple"},"_links":{"self":[{"href":"https:\/\/minorpostcards.fi\/fi\/wp-json\/wp\/v2\/product\/753","targetHints":{"allow":["GET"]}}],"collection":[{"href":"https:\/\/minorpostcards.fi\/fi\/wp-json\/wp\/v2\/product"}],"about":[{"href":"https:\/\/minorpostcards.fi\/fi\/wp-json\/wp\/v2\/types\/product"}],"wp:featuredmedia":[{"embeddable":true,"href":"https:\/\/minorpostcards.fi\/fi\/wp-json\/wp\/v2\/media\/2990"}],"wp:attachment":[{"href":"https:\/\/minorpostcards.fi\/fi\/wp-json\/wp\/v2\/media?parent=753"}],"wp:term":[{"taxonomy":"product_brand","embeddable":true,"href":"https:\/\/minorpostcards.fi\/fi\/wp-json\/wp\/v2\/product_brand?post=753"},{"taxonomy":"product_cat","embeddable":true,"href":"https:\/\/minorpostcards.fi\/fi\/wp-json\/wp\/v2\/product_cat?post=753"},{"taxonomy":"product_tag","embeddable":true,"href":"https:\/\/minorpostcards.fi\/fi\/wp-json\/wp\/v2\/product_tag?post=753"}],"curies":[{"name":"wp","href":"https:\/\/api.w.org\/{rel}","templated":true}]}}