{"id":76955,"date":"2024-08-15T12:07:05","date_gmt":"2024-08-15T09:07:06","guid":{"rendered":"https:\/\/minorpostcards.fi\/?post_type=product&#038;p=76955"},"modified":"2026-04-03T22:18:19","modified_gmt":"2026-04-03T19:18:19","slug":"oulangan-kansallispuisto-myllykoski","status":"publish","type":"product","link":"https:\/\/minorpostcards.fi\/fi\/tuote\/kortit\/oulangan-kansallispuisto-myllykoski\/","title":{"rendered":"Oulangan kansallispuisto Myllykoski"},"content":{"rendered":"<p>Myllykoski on Oulangan kansallispuistossa Pienen karhunkierroksen varrella Kitkajoessa sijaitseva koski. Myllykosken alueen maisema ja sen myllyrakennus ovat yksi Suomen kuvatuimpia paikkoja. Myllykoskelle p\u00e4\u00e4see helposti Myllykoskentiell\u00e4 sijaitsevan Basecamp Oulangan kohdalta, jos tarkoituksena ei ole kiert\u00e4\u00e4 koko retkeilyreitti\u00e4. Pienen karhunkierroksen vajaan 12 km:n reitti on korkeuserojen takia vaativa ja reitill\u00e4 on kolme riippusiltaa, jotka voivat olla joillekin ylip\u00e4\u00e4sem\u00e4t\u00f6n este.<\/p>\n<p>Myllykosken myllyrakennus on rakennettu v. 1926 ja siin\u00e4 on jauhettu viljaa viel\u00e4 v. 1948. Nykyisin mylly toimii p\u00e4iv\u00e4tupana ja sen pihamaalta l\u00f6ytyy retkeilij\u00f6it\u00e4 varten tulentekopaikka ja kuivak\u00e4ym\u00e4l\u00e4.<\/p>\n<p>Minna on ottanut korttikuvan syksyll\u00e4 2023 kameraseuran Kuusamon reissulla.<\/p>\n","protected":false},"excerpt":{"rendered":"<p>Postikortti.<\/p>\n","protected":false},"featured_media":76957,"template":"","meta":[],"product_brand":[],"product_cat":[19],"product_tag":[333,286,332,115,191],"class_list":{"0":"post-76955","1":"product","2":"type-product","3":"status-publish","4":"has-post-thumbnail","6":"product_cat-kortit","7":"product_tag-kansallispuistot","8":"product_tag-luonto","9":"product_tag-suomalaiset-paikat-ja-alueet","10":"product_tag-suomi","11":"product_tag-syksy","12":"product_shipping_class-cards","14":"first","15":"instock","16":"taxable","17":"shipping-taxable","18":"purchasable","19":"product-type-simple"},"_links":{"self":[{"href":"https:\/\/minorpostcards.fi\/fi\/wp-json\/wp\/v2\/product\/76955","targetHints":{"allow":["GET"]}}],"collection":[{"href":"https:\/\/minorpostcards.fi\/fi\/wp-json\/wp\/v2\/product"}],"about":[{"href":"https:\/\/minorpostcards.fi\/fi\/wp-json\/wp\/v2\/types\/product"}],"wp:featuredmedia":[{"embeddable":true,"href":"https:\/\/minorpostcards.fi\/fi\/wp-json\/wp\/v2\/media\/76957"}],"wp:attachment":[{"href":"https:\/\/minorpostcards.fi\/fi\/wp-json\/wp\/v2\/media?parent=76955"}],"wp:term":[{"taxonomy":"product_brand","embeddable":true,"href":"https:\/\/minorpostcards.fi\/fi\/wp-json\/wp\/v2\/product_brand?post=76955"},{"taxonomy":"product_cat","embeddable":true,"href":"https:\/\/minorpostcards.fi\/fi\/wp-json\/wp\/v2\/product_cat?post=76955"},{"taxonomy":"product_tag","embeddable":true,"href":"https:\/\/minorpostcards.fi\/fi\/wp-json\/wp\/v2\/product_tag?post=76955"}],"curies":[{"name":"wp","href":"https:\/\/api.w.org\/{rel}","templated":true}]}}