{"id":76959,"date":"2024-08-15T12:32:25","date_gmt":"2024-08-15T09:32:26","guid":{"rendered":"https:\/\/minorpostcards.fi\/?post_type=product&#038;p=76959"},"modified":"2025-11-28T09:29:50","modified_gmt":"2025-11-28T07:29:50","slug":"itaisen-suomenlahden-kansallispuisto-mustaviiri","status":"publish","type":"product","link":"https:\/\/minorpostcards.fi\/fi\/tuote\/kortit\/itaisen-suomenlahden-kansallispuisto-mustaviiri\/","title":{"rendered":"It\u00e4isen Suomenlahden kansallispuisto Mustaviiri"},"content":{"rendered":"<p>It\u00e4isen Suomenlahden kansallispuisto sijaitsee merell\u00e4 Kotkan &#8211; Haminan edustalla. Vuoroveneell\u00e4 p\u00e4\u00e4see alueen asuttuihin saariin tai alueeseen voi tutustua risteilyll\u00e4 tai taksiveneell\u00e4. Vuonna 1982 perustetun kansallispuiston alue koostuu karusta ulkosaaristosta, toki mukana on mets\u00e4isi\u00e4kin saaria kuten Mustaviiri. Kansallispuisto on tunnettu merilinnuista, ollen erityisesti kev\u00e4tmuuton aikana arktisten lintulajien taukopaikka matkalla kohti pohjoista ja saaristolintujen t\u00e4rke\u00e4 pesim\u00e4alue. Ulkosaarien kivikkoisilla rannoilla pesiv\u00e4 riskil\u00e4 onkin It\u00e4isen Suomenlahden kansallispuiston tunnus.<\/p>\n<p>Pienell\u00e4 Mustaviirin saarella on reilun 1,5 km:n pituinen luontopolku. Saaren keskell\u00e4 on Unescon maailmanperint\u00f6kohde Struven kolmiomittausketjun piste, jonka l\u00e4hist\u00f6ll\u00e4 mets\u00e4n ymp\u00e4r\u00f6im\u00e4n\u00e4 on n\u00e4k\u00f6torni. Luontopolun varrelta l\u00f6ytyy kaksi kivist\u00e4 tehty\u00e4 spiraalin muotoista labyrinttipolkua, eli jatulintarhaa. Korttikuvan jatulintarha on valtakunnallisesti merkitt\u00e4v\u00e4 muinaisj\u00e4\u00e4nn\u00f6s, ja eik\u00e4 rakennelmaa saa vahingoittaa. N\u00e4it\u00e4 kivilatomuksia on rannikolla ja saaristossa, eik\u00e4 niiden alkuper\u00e4ist\u00e4 tarkoitusta tai rakentamisaikaa tiedet\u00e4. Perim\u00e4tiedon mukaan jatulintarhoissa kulkeminen tuo onnea ja suojaa.<\/p>\n","protected":false},"excerpt":{"rendered":"<p>Postikortti.<\/p>\n","protected":false},"featured_media":76961,"template":"","meta":[],"product_brand":[],"product_cat":[19],"product_tag":[333,286,332,115,191],"class_list":{"0":"post-76959","1":"product","2":"type-product","3":"status-publish","4":"has-post-thumbnail","6":"product_cat-kortit","7":"product_tag-kansallispuistot","8":"product_tag-luonto","9":"product_tag-suomalaiset-paikat-ja-alueet","10":"product_tag-suomi","11":"product_tag-syksy","12":"product_shipping_class-cards","14":"first","15":"instock","16":"taxable","17":"shipping-taxable","18":"purchasable","19":"product-type-simple"},"_links":{"self":[{"href":"https:\/\/minorpostcards.fi\/fi\/wp-json\/wp\/v2\/product\/76959","targetHints":{"allow":["GET"]}}],"collection":[{"href":"https:\/\/minorpostcards.fi\/fi\/wp-json\/wp\/v2\/product"}],"about":[{"href":"https:\/\/minorpostcards.fi\/fi\/wp-json\/wp\/v2\/types\/product"}],"wp:featuredmedia":[{"embeddable":true,"href":"https:\/\/minorpostcards.fi\/fi\/wp-json\/wp\/v2\/media\/76961"}],"wp:attachment":[{"href":"https:\/\/minorpostcards.fi\/fi\/wp-json\/wp\/v2\/media?parent=76959"}],"wp:term":[{"taxonomy":"product_brand","embeddable":true,"href":"https:\/\/minorpostcards.fi\/fi\/wp-json\/wp\/v2\/product_brand?post=76959"},{"taxonomy":"product_cat","embeddable":true,"href":"https:\/\/minorpostcards.fi\/fi\/wp-json\/wp\/v2\/product_cat?post=76959"},{"taxonomy":"product_tag","embeddable":true,"href":"https:\/\/minorpostcards.fi\/fi\/wp-json\/wp\/v2\/product_tag?post=76959"}],"curies":[{"name":"wp","href":"https:\/\/api.w.org\/{rel}","templated":true}]}}