{"id":76969,"date":"2024-08-15T12:52:26","date_gmt":"2024-08-15T09:52:27","guid":{"rendered":"https:\/\/minorpostcards.fi\/?post_type=product&#038;p=76969"},"modified":"2026-05-05T00:58:15","modified_gmt":"2026-05-04T21:58:15","slug":"ukrainan-lippu-rauhanmerkki","status":"publish","type":"product","link":"https:\/\/minorpostcards.fi\/fi\/tuote\/kortit\/ukrainan-lippu-rauhanmerkki\/","title":{"rendered":"Ukrainan lippu rauhanmerkki"},"content":{"rendered":"<p>&nbsp;<\/p>\n<p>T\u00e4m\u00e4 on hyv\u00e4ntekev\u00e4isyyskortti.\u00a0 Lahjoitamme 0,5 euroa jokaista myyty\u00e4 korttia kohti Suomen UNICEFille: <a href=\"https:\/\/www.unicef.fi\/tue-tyotamme\/ukraina\/\" target=\"_blank\" rel=\"noopener\">https:\/\/www.unicef.fi\/tue-tyotamme\/ukraina\/<\/a><\/p>\n<p>Kaikki tiet\u00e4v\u00e4t, ett\u00e4 Ukrainassa on edelleen menossa kamala sota. Kun sota alkoi vuonna 2022 meilt\u00e4 kyseltiin tilanteeseen sopivia ja ukrainalaisia tukevia postikortteja. Toivoimme silloin kovasti, ett\u00e4 rauha tulisi maahan hyvin pian. T\u00e4m\u00e4n takia osassa kortteja yhdistettiin Ukrainan lippu rauhan symboliin.\u00a0 Tuolloin myynniss\u00e4 olleen korttisetin ansiosta lahjoitimme UNICEFille 700 euroa!<\/p>\n<p>T\u00e4m\u00e4 kortti on yksi setiss\u00e4 olleista korteista. Siin\u00e4 on sininen yl\u00e4osa ja keltainen alaosa, ihan niin kuin Ukrainan lipussa.<\/p>\n<p>T\u00e4ss\u00e4 kortissa on kest\u00e4v\u00e4 mattapinnoite. Sen ansiosta kortin pinta tuntuu pehme\u00e4lle, melkein kankaiselle, ja sit\u00e4 voi hypistell\u00e4 vapaasti koska pintaan ei j\u00e4\u00e4 sormenj\u00e4lki\u00e4!<\/p>\n<p>Valikoimissa on my\u00f6s kaksi Ukraina-aiheista tarra-arkkia: <a href=\"https:\/\/minorpostcards.fi\/fi\/tuote\/tarrat\/ukraina-sydan-tarra-arkki\/\" target=\"_blank\" rel=\"noopener\">Ukraina syd\u00e4n<\/a> ja <a href=\"https:\/\/minorpostcards.fi\/fi\/tuote\/tarrat\/ukrainan-lippu-tarra-arkki\/\" target=\"_blank\" rel=\"noopener\">Ukrainan lippu<\/a>. Ne ovat hyv\u00e4ntekev\u00e4isyystuotteita, joista lahjoitetaan 0,5 euroa Suomen UNICEFille.<\/p>\n","protected":false},"excerpt":{"rendered":"<p>12 postikortin setti kirjekuoressa.<\/p>\n","protected":false},"featured_media":77186,"template":"","meta":[],"product_brand":[],"product_cat":[19],"product_tag":[301,304,305],"class_list":{"0":"post-76969","1":"product","2":"type-product","3":"status-publish","4":"has-post-thumbnail","6":"product_cat-kortit","7":"product_tag-liput","8":"product_tag-mattapinta","9":"product_tag-sekalaiset","10":"product_shipping_class-cards","12":"first","13":"instock","14":"taxable","15":"shipping-taxable","16":"purchasable","17":"product-type-simple"},"_links":{"self":[{"href":"https:\/\/minorpostcards.fi\/fi\/wp-json\/wp\/v2\/product\/76969","targetHints":{"allow":["GET"]}}],"collection":[{"href":"https:\/\/minorpostcards.fi\/fi\/wp-json\/wp\/v2\/product"}],"about":[{"href":"https:\/\/minorpostcards.fi\/fi\/wp-json\/wp\/v2\/types\/product"}],"wp:featuredmedia":[{"embeddable":true,"href":"https:\/\/minorpostcards.fi\/fi\/wp-json\/wp\/v2\/media\/77186"}],"wp:attachment":[{"href":"https:\/\/minorpostcards.fi\/fi\/wp-json\/wp\/v2\/media?parent=76969"}],"wp:term":[{"taxonomy":"product_brand","embeddable":true,"href":"https:\/\/minorpostcards.fi\/fi\/wp-json\/wp\/v2\/product_brand?post=76969"},{"taxonomy":"product_cat","embeddable":true,"href":"https:\/\/minorpostcards.fi\/fi\/wp-json\/wp\/v2\/product_cat?post=76969"},{"taxonomy":"product_tag","embeddable":true,"href":"https:\/\/minorpostcards.fi\/fi\/wp-json\/wp\/v2\/product_tag?post=76969"}],"curies":[{"name":"wp","href":"https:\/\/api.w.org\/{rel}","templated":true}]}}