{"id":77003,"date":"2024-08-16T15:08:13","date_gmt":"2024-08-16T12:08:13","guid":{"rendered":"https:\/\/minorpostcards.fi\/?post_type=product&#038;p=77003"},"modified":"2026-05-02T11:19:14","modified_gmt":"2026-05-02T08:19:14","slug":"maakuntakukka-hameenkylmankukka","status":"publish","type":"product","link":"https:\/\/minorpostcards.fi\/fi\/tuote\/kortit\/maakuntakukka-hameenkylmankukka\/","title":{"rendered":"Maakuntakukka H\u00e4meenkylm\u00e4nkukka"},"content":{"rendered":"<p>Kaikille maakunnille on valittu kukka (tai kasvi), joka edustaa alueen tyypillist\u00e4 kasvikuntaa.<\/p>\n<p>H\u00e4meenkylm\u00e4nkukka eli kylm\u00e4nkukka on Kanta-H\u00e4meen maakuntakasvi. Rauhoitettu kylm\u00e4nkukka on Kanta-H\u00e4meen alueella harvinainen ja muualla Suomessa viel\u00e4 harvinaisempi.<\/p>\n<p>Kylm\u00e4nkukan kasvutapa on m\u00e4t\u00e4st\u00e4v\u00e4 10 &#8211; 30 cm korkea monivuotinen ruohokasvi, tosin kukinnan j\u00e4lkeen p\u00e4hkyl\u00e4vaiheessa se voi olla jopa 50 korkea. Se kasvaa valoisissa kangasmetsiss\u00e4 harjujen rinteill\u00e4 ja kukkii toukokuussa. Hyvin suuret, jopa yli 7cm suuret, kellomaiset kukat ovat vaihtelevasti sinisi\u00e4 &#8211; sinivioletteja. Kukkavarsissa on valkea karvoitus ja pieni &#8221;lehtitupsu&#8221; n\u00e4ytt\u00e4v\u00e4n kukan lis\u00e4ksi. Varsinaiset kylm\u00e4nkukan lehdet kasvavat vasta kukinnan j\u00e4lkeen.<\/p>\n<p>Nykyisin eritt\u00e4in uhanalainen kasvi on harvinaistunut mets\u00e4laiduntamisen ja mets\u00e4palojen loputtua, my\u00f6s ajattelematon kukkien ker\u00e4\u00e4minen ja omaan puutarhaan siirt\u00e4minen on v\u00e4hent\u00e4nyt esiintymi\u00e4. Kylm\u00e4nkukkien s\u00e4ilymist\u00e4 yritet\u00e4\u00e4n auttaa istuttamalla kasveja uusille kasvupaikoille ja usein kasvupaikkatietoja ei jaeta, jotta kasvit saavat olla rauhassa.<\/p>\n","protected":false},"excerpt":{"rendered":"<p>Postikortti.<\/p>\n","protected":false},"featured_media":77005,"template":"","meta":[],"product_brand":[],"product_cat":[19],"product_tag":[139,330,115],"class_list":{"0":"post-77003","1":"product","2":"type-product","3":"status-publish","4":"has-post-thumbnail","6":"product_cat-kortit","7":"product_tag-kasvit","8":"product_tag-maakuntakasvit","9":"product_tag-suomi","10":"product_shipping_class-cards","12":"first","13":"instock","14":"taxable","15":"shipping-taxable","16":"purchasable","17":"product-type-simple"},"_links":{"self":[{"href":"https:\/\/minorpostcards.fi\/fi\/wp-json\/wp\/v2\/product\/77003","targetHints":{"allow":["GET"]}}],"collection":[{"href":"https:\/\/minorpostcards.fi\/fi\/wp-json\/wp\/v2\/product"}],"about":[{"href":"https:\/\/minorpostcards.fi\/fi\/wp-json\/wp\/v2\/types\/product"}],"wp:featuredmedia":[{"embeddable":true,"href":"https:\/\/minorpostcards.fi\/fi\/wp-json\/wp\/v2\/media\/77005"}],"wp:attachment":[{"href":"https:\/\/minorpostcards.fi\/fi\/wp-json\/wp\/v2\/media?parent=77003"}],"wp:term":[{"taxonomy":"product_brand","embeddable":true,"href":"https:\/\/minorpostcards.fi\/fi\/wp-json\/wp\/v2\/product_brand?post=77003"},{"taxonomy":"product_cat","embeddable":true,"href":"https:\/\/minorpostcards.fi\/fi\/wp-json\/wp\/v2\/product_cat?post=77003"},{"taxonomy":"product_tag","embeddable":true,"href":"https:\/\/minorpostcards.fi\/fi\/wp-json\/wp\/v2\/product_tag?post=77003"}],"curies":[{"name":"wp","href":"https:\/\/api.w.org\/{rel}","templated":true}]}}