{"id":77024,"date":"2025-07-01T18:31:05","date_gmt":"2025-07-01T15:31:05","guid":{"rendered":"https:\/\/minorpostcards.fi\/?post_type=product&#038;p=77024"},"modified":"2026-03-29T15:13:45","modified_gmt":"2026-03-29T12:13:45","slug":"world-postcard-day-setti","status":"publish","type":"product","link":"https:\/\/minorpostcards.fi\/fi\/tuote\/kortit\/world-postcard-day-setti\/","title":{"rendered":"World Postcard Day &#8211; setti"},"content":{"rendered":"<p>Tiesitk\u00f6, ett\u00e4 lokakuun 1. juhlitaan &#8221;Maailman postikortin p\u00e4iv\u00e4\u00e4&#8221;? <a href=\"https:\/\/minorpostcards.us8.list-manage.com\/track\/click?u=dada792f62d96b750931f4852&amp;id=0bdb7ff751&amp;e=ffd64e526f\" target=\"_blank\" rel=\"noopener\" data-saferedirecturl=\"https:\/\/www.google.com\/url?q=https:\/\/minorpostcards.us8.list-manage.com\/track\/click?u%3Ddada792f62d96b750931f4852%26id%3D0bdb7ff751%26e%3Dffd64e526f&amp;source=gmail&amp;ust=1726817717548000&amp;usg=AOvVaw1Auhqal_sC8PAfKfiQ9VAF\">World Postcard Day<\/a>\u00a0&#8211; kampanjap\u00e4iv\u00e4n\u00e4 eri puolilla maailmaa\u00a0l\u00e4hetet\u00e4\u00e4n postikortteja, ja j\u00e4rjestet\u00e4\u00e4n tapaamisia eli miittej\u00e4, joissa &#8211; yll\u00e4tys, yll\u00e4tys &#8211;\u00a0 kirjoitetaan postikortteja. Kampanja on aloitettu\u00a0<a href=\"https:\/\/minorpostcards.us8.list-manage.com\/track\/click?u=dada792f62d96b750931f4852&amp;id=94c44e572a&amp;e=ffd64e526f\" target=\"_blank\" rel=\"noopener\" data-saferedirecturl=\"https:\/\/www.google.com\/url?q=https:\/\/minorpostcards.us8.list-manage.com\/track\/click?u%3Ddada792f62d96b750931f4852%26id%3D94c44e572a%26e%3Dffd64e526f&amp;source=gmail&amp;ust=1726817717548000&amp;usg=AOvVaw3SOVi2cFyU4z6Tz5gulUlF\">Postcrossingin<\/a> toimesta, mutta se on tarkoitettu ihan jokaiselle postikorttien l\u00e4hett\u00e4misest\u00e4 kiinnostuneelle.<\/p>\n<p>Vuosi 2024 oli postin kannalta erityinen, koska Maailman postiliitto eli UPU (Universal Postal Union) t\u00e4ytti 150 vuotta.<\/p>\n<p>N\u00e4m\u00e4 kortit on suunniteltu erityisesti teemap\u00e4iv\u00e4\u00e4n sopiviksi, mutta niit\u00e4 voi l\u00e4hett\u00e4\u00e4 vuoden ymp\u00e4ri ja levitt\u00e4\u00e4 tietoa postikortin omasta p\u00e4iv\u00e4st\u00e4.<\/p>\n<p>N\u00e4m\u00e4 korttikuvat on tehty MidJourney AI -ohjelmalla, ja ne on tehnyt Minna Minor Postcardsilta. N\u00e4it\u00e4 kortteja myyd\u00e4\u00e4n vain viiden kappaleen settin\u00e4.<\/p>\n<p>Muista tilata kortteihin sopivat WPD-tarramallit <a href=\"https:\/\/minorpostcards.fi\/fi\/tuote\/tarrat\/world-postcard-day-varikas-tarra-arkki\/\" target=\"_blank\" rel=\"noopener\">V\u00e4rik\u00e4s<\/a>, <a href=\"https:\/\/minorpostcards.fi\/fi\/tuote\/tarrat\/world-postcard-day-sininen-tarra-arkki\/\" target=\"_blank\" rel=\"noopener\">Sininen<\/a> ja <a href=\"https:\/\/minorpostcards.fi\/fi\/tuote\/tarrat\/world-postcard-day-kadet-tarra-arkki\/\" target=\"_blank\" rel=\"noopener\">K\u00e4det<\/a>!<\/p>\n","protected":false},"excerpt":{"rendered":"<p>Viiden postikortin setti.<\/p>\n","protected":false},"featured_media":77031,"template":"","meta":[],"product_brand":[],"product_cat":[19],"product_tag":[136,124,299,128,275,310],"class_list":{"0":"post-77024","1":"product","2":"type-product","3":"status-publish","4":"has-post-thumbnail","6":"product_cat-kortit","7":"product_tag-digitaaliset-kuvat","8":"product_tag-ihmiset","9":"product_tag-kirjat","10":"product_tag-nostalgia","11":"product_tag-postcrossing-fi","12":"product_tag-tuotepaketit","13":"product_shipping_class-cards","15":"first","16":"instock","17":"taxable","18":"shipping-taxable","19":"purchasable","20":"product-type-simple"},"_links":{"self":[{"href":"https:\/\/minorpostcards.fi\/fi\/wp-json\/wp\/v2\/product\/77024","targetHints":{"allow":["GET"]}}],"collection":[{"href":"https:\/\/minorpostcards.fi\/fi\/wp-json\/wp\/v2\/product"}],"about":[{"href":"https:\/\/minorpostcards.fi\/fi\/wp-json\/wp\/v2\/types\/product"}],"wp:featuredmedia":[{"embeddable":true,"href":"https:\/\/minorpostcards.fi\/fi\/wp-json\/wp\/v2\/media\/77031"}],"wp:attachment":[{"href":"https:\/\/minorpostcards.fi\/fi\/wp-json\/wp\/v2\/media?parent=77024"}],"wp:term":[{"taxonomy":"product_brand","embeddable":true,"href":"https:\/\/minorpostcards.fi\/fi\/wp-json\/wp\/v2\/product_brand?post=77024"},{"taxonomy":"product_cat","embeddable":true,"href":"https:\/\/minorpostcards.fi\/fi\/wp-json\/wp\/v2\/product_cat?post=77024"},{"taxonomy":"product_tag","embeddable":true,"href":"https:\/\/minorpostcards.fi\/fi\/wp-json\/wp\/v2\/product_tag?post=77024"}],"curies":[{"name":"wp","href":"https:\/\/api.w.org\/{rel}","templated":true}]}}