{"id":77054,"date":"2024-08-16T17:25:28","date_gmt":"2024-08-18T11:06:27","guid":{"rendered":"https:\/\/minorpostcards.fi\/?post_type=product&#038;p=77054"},"modified":"2026-05-05T14:02:41","modified_gmt":"2026-05-05T11:02:41","slug":"luonnon-antimet-1-ja-2-setti","status":"publish","type":"product","link":"https:\/\/minorpostcards.fi\/fi\/tuote\/kortit\/luonnon-antimet-1-ja-2-setti\/","title":{"rendered":"Luonnon antimet 1 ja 2 &#8211; setti"},"content":{"rendered":"<p>N\u00e4iss\u00e4 marjakorteissa on syd\u00e4met t\u00e4ynn\u00e4 Suomen luonnon antimia. Osa on viljeltyj\u00e4 lajeja, mutta suurin osa on luonnonmarjoja, joita saa kuka tahansa k\u00e4yd\u00e4 poimimassa perinteisell\u00e4 jokaisenoikeudella (jokamiehenoikeudella). Paketin t\u00e4ydent\u00e4\u00e4 syksyn mets\u00e4retken saalis, suppilovahvero.\u00a0 S\u00e4\u00e4st\u00e4 omat suosikkimarjasi kokoelmaasi ja l\u00e4het\u00e4 marjaterveiset yst\u00e4v\u00e4llesi \u2013 t\u00e4ydellinen tapa jakaa palanen Suomen luontoa maailmalle.<\/p>\n<p><strong><a href=\"https:\/\/minorpostcards.fi\/fi\/tuote\/postikortti-setit\/luonnon-antimet-1-setti\/\" target=\"_blank\" rel=\"noopener\">Setti 1<\/a> sis\u00e4lt\u00e4\u00e4 seuraavat kortit:<br \/>\n<\/strong><strong>Pihlajanmarja<\/strong>\u00a0\u2013 Pihlajanmarja tunnetaan happamasta mausta ja siksi sit\u00e4 k\u00e4ytet\u00e4\u00e4n usein muiden marjojen tai hedelmien joukossa. Siin\u00e4 on paljon c-vitamiinia ja marjoja on helppo ker\u00e4t\u00e4 hyv\u00e4n\u00e4 satovuotena. Pihlaja on kansanperinteess\u00e4 pyh\u00e4 puu.<br \/>\n<strong>Puolukka<\/strong>\u00a0\u2013 Suomen metsien klassikko, puolukka, tarjoaa hapokkaan makuel\u00e4myksen. Puolukka on monik\u00e4ytt\u00f6inen, se k\u00e4y makeisiin puuroihin, hilloihin ja leivonnaisiin tai suolaisten ruokien, kuten kaalilaatikko tai poronk\u00e4ristys, lis\u00e4kkeeksi. Puolukka kasvaa koko maassa ja se on Suomen eniten poimittu luonnonmarja.<br \/>\n<strong>Mustikka<\/strong>\u00a0\u2013 Mustikan marjat ovat miedon makuisia, niiss\u00e4 on mm. paljon vitamiineja ja kuitua ja niill\u00e4 on tutkitusti hyv\u00e4\u00e4 vaikutusta terveyteen. Mustikkapiirakka on parhaita kes\u00e4leivonnaisia!<br \/>\n<strong>Lakka eli suomuurain eli hilla<\/strong>\u00a0\u2013 Suoalueilla kasvava lakka on herkk\u00e4 s\u00e4\u00e4n vaikutukselle ja sato vaihtelee vuosittain. Kun marjojen ker\u00e4\u00e4minen on hidasta ja raskasta niiden hinta on korkea ja se onkin arvokkaimpia luonnonmarjoja. C-vitamiinipitoista lakkaa k\u00e4ytet\u00e4\u00e4n herkutteluun mm. hillona j\u00e4\u00e4tel\u00f6n tai leip\u00e4juuston kanssa.<br \/>\n<strong>Aho- eli mets\u00e4mansikka<\/strong>\u00a0\u2013 Pieni ja makea ahomansikka edustaa kes\u00e4ist\u00e4 Suomen luontoa parhaimmillaan. Luonnonlaidunten v\u00e4hetess\u00e4 marjaa ei tahdo en\u00e4\u00e4 l\u00f6yty\u00e4, mutta kun niit\u00e4 l\u00f6yt\u00e4\u00e4 ne ovatkin sitten erityisherkkua. Marjat kannattaa sy\u00f6d\u00e4 sellaisenaan, koska niiden maku kitker\u00f6ityy kuumennuksessa.<br \/>\n<strong>Variksenmarja eli kaarnikka<\/strong>\u00a0\u2013 Miedon makuisessa variksenmarjassa on paljon vitamiineja ja se kasvaa koko maassa Lapin tuntureita my\u00f6ten. Sit\u00e4 k\u00e4ytet\u00e4\u00e4n muiden marjojen ohessa esim. mehujen raaka-aineena. Variksenmarja on\u00a0 t\u00e4rke\u00e4 ravinnonl\u00e4hde pohjoisen el\u00e4imille ja linnuille ja perinteisesti marja oli talvisin t\u00e4rke\u00e4 c-vitamiinin l\u00e4hde pohjoisen asukkaille.<br \/>\n<strong>Isokarpalo eli karpalo<\/strong>\u00a0\u2013 Terveysmarjana tunnettu karpalo kasvaa suoalueilla l\u00e4hes koko Suomessa. Kasvi kasvaa suikertaen pitkin maata ja sen marjat kypsyv\u00e4t my\u00f6h\u00e4\u00e4n, vasta ensimm\u00e4isten pakkasten aikaan. Hangen alla makeutuneet marjat ovat kev\u00e4\u00e4ll\u00e4kin sy\u00f6t\u00e4vi\u00e4 jos satut niit\u00e4 l\u00f6yt\u00e4m\u00e4\u00e4n!<\/p>\n<p><strong><a href=\"https:\/\/minorpostcards.fi\/fi\/?post_type=product&amp;p=77026\" target=\"_blank\" rel=\"noopener\">Setti 2<\/a> sis\u00e4lt\u00e4\u00e4 seuraavat kortit:<br \/>\n<\/strong><b>Puutarhamansikka <\/b>\u2013 Puutarhamansikkaa viljell\u00e4\u00e4n Lappia my\u00f6ten koko Suomessa ja se on viljellyist\u00e4 marjoista kaupallisesti merkitt\u00e4vin. Monivuotinen mansikka levi\u00e4\u00e4 siementen lis\u00e4ksi r\u00f6nsyist\u00e4. Mansikoiden maku vaihtelee melko makeasta kirpe\u00e4\u00e4n lajikkeesta ja k\u00e4ytt\u00f6tarkoituksesta riippuen. Mansikoita ostetaan perinteisesti toreilta tai niit\u00e4 k\u00e4yd\u00e4\u00e4n itse ker\u00e4\u00e4m\u00e4ss\u00e4 marjatilalta kes\u00e4herkuksi tai s\u00e4il\u00f6tt\u00e4v\u00e4ksi talven varalle. Mansikka on terveellist\u00e4 ja kevytt\u00e4 sy\u00f6t\u00e4v\u00e4\u00e4, siin\u00e4 on paljon C-vitamiinia ja kuitua mutta v\u00e4h\u00e4n energiaa.<b><br \/>\nMustaherukka<\/b>\u00a0\u2013\u00a0 Mustaherukka on yleisin viljelty herukka, joka kasvaa my\u00f6s villin\u00e4 l\u00e4hes koko Suomessa. Mustat marjat sis\u00e4lt\u00e4v\u00e4t paljon C-, E- ja K-vitamiinia ja kuituja. Marjoja k\u00e4ytet\u00e4\u00e4n hyytel\u00f6\u00f6n ja hilloihin, jotka sopivat erityisesti liharuokien lisukkeiksi sek\u00e4 lik\u00f6\u00f6riin ja mehuun. Marjoja ja lehti\u00e4 on k\u00e4ytetty perinteisesti rohtona eri vaivoihin ja sen uskotaan sis\u00e4lt\u00e4v\u00e4n monia terveyteen positiivisesti vaikuttavia aineita \u2013 kukapa ei olisi juonut kuumaa mustaviinimarjamehua lievitt\u00e4\u00e4kseen flunssan oireita!<b><br \/>\nPunaherukka<\/b>\u00a0\u2013 Punaherukka kest\u00e4\u00e4 kylm\u00e4\u00e4 paremmin kuin mustaherukka ja sit\u00e4 kasvatetaan siksi pohjoisempana, my\u00f6s Lapissa. Villin\u00e4 koko maassa kasvava pohjanpunaherukka on pienempimarjainen ja karvaampi kuin viljelty l\u00e4nnenpunaherukka. My\u00f6s punaherukan marjoja ja lehti\u00e4 on k\u00e4ytettty perinteisen\u00e4 rohtona eri vaivoihin. Kirpe\u00e4 punaherukka on suosittu mehumarja ja se sis\u00e4lt\u00e4\u00e4 enemm\u00e4n C-vitamiinia kuin mustaherukka.\u00a0<b><br \/>\nKarviainen<\/b>\u00a0\u2013 Karviainen kuuluu herukoiden sukuun ja sen marja voivat olla keltaisia, vihreit\u00e4 tai punaisia. Marjoja sy\u00f6d\u00e4\u00e4n sellaisenaan, k\u00e4ytet\u00e4\u00e4n j\u00e4lkiruokiin tai mehuihin sek\u00e4 niit\u00e4 s\u00e4il\u00f6t\u00e4\u00e4n hilloina, marmeladina ja hyytel\u00f6n\u00e4.<b><br \/>\nVadelma<\/b>\u00a0\u2013 L\u00e4hes koko maassa yleinen villivadelma on aromikkaampi kuin korttikuvan jalostettu puutarhavadelma. Vadelma on pioneerilaji ja niit\u00e4 l\u00f6yt\u00e4\u00e4 esim. hakkuualueilta. Vadelman marjat tulevat toisen vuoden kasvustoon. Vadelmia k\u00e4ytet\u00e4\u00e4n hillojen, mehujen ja juomien valmistukseen. Vadelman kuivatut lehdet sopivat teehen ja kansanperinnerohtona niit\u00e4 on k\u00e4ytetty naistenvaivoihin.<b><br \/>\nJuolukka\u00a0<\/b>\u2013 Juolukka on koko maassa yleinen suoalueiden varpukasvi, kookkaampi kuin mustikka. Sen siniset marjat kuistuttavat mustikkaa mutta ovat miedomman makuisia, jonka takia niit\u00e4 ei paljoa k\u00e4ytet\u00e4. Ker\u00e4\u00e4minen vaikka mustikan lis\u00e4ksi mehuun tai hilloon kuitenkin kannattaisi, koska se on helpompaa kuin mustikan ker\u00e4\u00e4minen, marjoja on yleens\u00e4 paljon ja ne sis\u00e4lt\u00e4v\u00e4t paljon C-vitamiinia.\u00a0<b><br \/>\nMesimarja<\/b>\u00a0\u2013 Mesimarjan (eli maamuuraimen) marja on erityisen herkullinen, aromaattinen marja. Kuvan marjat on lainattu kuvausta varten, koska marjaa on luonnossa harvinainen. Marjoja k\u00e4ytet\u00e4\u00e4n esim. maustamaan lik\u00f6\u00f6ri\u00e4 tai teet\u00e4 ja sen maku muuttuu karvaaksi, kun se kuumennetaan.<b><br \/>\nSuppilovahvero<\/b>\u00a0\u2013 Pieni ja muodoltaan torvimainen suppilovahvero on my\u00f6h\u00e4inen erinomainen ruokasieni. Sen lakki on ruskean keltainen maksimissaan viitisen sentti\u00e4 leve\u00e4 ja sen keskell\u00e4 on suppilo, joka jatkuu onttoon keltaiseen jalkaan. Lakin alapinnassa on helttoja muistuttavia poimuja. Sienet ovat pieni\u00e4, mutta\u00a0 niit\u00e4 kasvaa ryhmiss\u00e4 \u2013 kun l\u00f6yt\u00e4\u00e4 yhden niin hetken p\u00e4\u00e4st\u00e4 huomaa paljon lis\u00e4\u00e4 sieni\u00e4 ensimm\u00e4isen l\u00e4hist\u00f6lt\u00e4.<br \/>\nSuppilovahveroita esiintyy runsaasti Etel\u00e4- ja Keski-Suomessa ja viel\u00e4 napapiirill\u00e4kin muttei ihan pohjoisessa. Sieni\u00e4 l\u00f6yt\u00e4\u00e4 eniten syys- ja lokakuussa ja k\u00e4ytt\u00f6kelpoisia sieni\u00e4 voi viel\u00e4 ker\u00e4t\u00e4 pakkasten ja lumen tultua. Sieni on herkullinen ruokasieni, jota voi k\u00e4ytt\u00e4\u00e4 ruoanvalmistuksessa tai s\u00e4il\u00f6\u00e4 pakastamalla tai kuivaamalla ilman esik\u00e4sittely\u00e4. Suppilovahveroa muistuttavan kosteikkovahveron k\u00e4ytt\u00f6 on samanlaista suppilovahveron kanssa.<\/p>\n<p>Setit ovat myynniss\u00e4 my\u00f6s erikseen, mutta paketissa saat ne nyt paljon edullisemmin. Yhden kortin hinnaksi j\u00e4\u00e4 vain 0,74\u20ac!<\/p>\n","protected":false},"excerpt":{"rendered":"<p>Viidentoista postikortin setti.<\/p>\n","protected":false},"featured_media":77056,"template":"","meta":[],"product_brand":[],"product_cat":[19,327],"product_tag":[139,149,137,310],"class_list":{"0":"post-77054","1":"product","2":"type-product","3":"status-publish","4":"has-post-thumbnail","6":"product_cat-kortit","7":"product_cat-postikortti-setit","8":"product_tag-kasvit","9":"product_tag-kesa","10":"product_tag-ruoka","11":"product_tag-tuotepaketit","13":"first","14":"instock","15":"taxable","16":"shipping-taxable","17":"purchasable","18":"product-type-simple"},"_links":{"self":[{"href":"https:\/\/minorpostcards.fi\/fi\/wp-json\/wp\/v2\/product\/77054","targetHints":{"allow":["GET"]}}],"collection":[{"href":"https:\/\/minorpostcards.fi\/fi\/wp-json\/wp\/v2\/product"}],"about":[{"href":"https:\/\/minorpostcards.fi\/fi\/wp-json\/wp\/v2\/types\/product"}],"wp:featuredmedia":[{"embeddable":true,"href":"https:\/\/minorpostcards.fi\/fi\/wp-json\/wp\/v2\/media\/77056"}],"wp:attachment":[{"href":"https:\/\/minorpostcards.fi\/fi\/wp-json\/wp\/v2\/media?parent=77054"}],"wp:term":[{"taxonomy":"product_brand","embeddable":true,"href":"https:\/\/minorpostcards.fi\/fi\/wp-json\/wp\/v2\/product_brand?post=77054"},{"taxonomy":"product_cat","embeddable":true,"href":"https:\/\/minorpostcards.fi\/fi\/wp-json\/wp\/v2\/product_cat?post=77054"},{"taxonomy":"product_tag","embeddable":true,"href":"https:\/\/minorpostcards.fi\/fi\/wp-json\/wp\/v2\/product_tag?post=77054"}],"curies":[{"name":"wp","href":"https:\/\/api.w.org\/{rel}","templated":true}]}}