{"id":78673,"date":"2024-11-28T18:04:54","date_gmt":"2024-11-28T16:04:54","guid":{"rendered":"https:\/\/minorpostcards.fi\/?post_type=product&#038;p=78673"},"modified":"2026-04-24T11:06:30","modified_gmt":"2026-04-24T08:06:30","slug":"jpienet-pipopaat-tarra-arkki","status":"publish","type":"product","link":"https:\/\/minorpostcards.fi\/fi\/tuote\/tarrat\/jpienet-pipopaat-tarra-arkki\/","title":{"rendered":"Pienet pipop\u00e4\u00e4t tarra-arkki"},"content":{"rendered":"<p>El\u00e4imet voivat palella kovalla pakkasella ja siksi niill\u00e4 on l\u00e4mpim\u00e4t villapipot n\u00e4iss\u00e4 tarroissa. Orava, j\u00e4nis ja pieni hiiri voivat nyt iloisena nauttia talvesta!<\/p>\n<p>Tarramateriaali on kiilt\u00e4v\u00e4pintainen ja muotoonleikattujen tarrojen koko sopii t\u00e4ydellisesti korttien ja kirjekuorien koristeluun! N\u00e4m\u00e4 tarrakuvat on tehty MidJourney AI -ohjelmalla, ja ne on tehnyt Minna Minor Postcardsilta.<\/p>\n<p>Arkin koko on 9,5 cm x 12,5 cm ja siin\u00e4 on 15 tarraa.<\/p>\n","protected":false},"excerpt":{"rendered":"<p>Tarra-arkki.<\/p>\n","protected":false},"featured_media":78675,"template":"","meta":[],"product_brand":[],"product_cat":[173],"product_tag":[132,305,245],"class_list":{"0":"post-78673","1":"product","2":"type-product","3":"status-publish","4":"has-post-thumbnail","6":"product_cat-tarrat","7":"product_tag-elaimet","8":"product_tag-sekalaiset","9":"product_tag-tarrat","10":"product_shipping_class-cards","12":"first","13":"instock","14":"taxable","15":"shipping-taxable","16":"purchasable","17":"product-type-simple"},"_links":{"self":[{"href":"https:\/\/minorpostcards.fi\/fi\/wp-json\/wp\/v2\/product\/78673","targetHints":{"allow":["GET"]}}],"collection":[{"href":"https:\/\/minorpostcards.fi\/fi\/wp-json\/wp\/v2\/product"}],"about":[{"href":"https:\/\/minorpostcards.fi\/fi\/wp-json\/wp\/v2\/types\/product"}],"wp:featuredmedia":[{"embeddable":true,"href":"https:\/\/minorpostcards.fi\/fi\/wp-json\/wp\/v2\/media\/78675"}],"wp:attachment":[{"href":"https:\/\/minorpostcards.fi\/fi\/wp-json\/wp\/v2\/media?parent=78673"}],"wp:term":[{"taxonomy":"product_brand","embeddable":true,"href":"https:\/\/minorpostcards.fi\/fi\/wp-json\/wp\/v2\/product_brand?post=78673"},{"taxonomy":"product_cat","embeddable":true,"href":"https:\/\/minorpostcards.fi\/fi\/wp-json\/wp\/v2\/product_cat?post=78673"},{"taxonomy":"product_tag","embeddable":true,"href":"https:\/\/minorpostcards.fi\/fi\/wp-json\/wp\/v2\/product_tag?post=78673"}],"curies":[{"name":"wp","href":"https:\/\/api.w.org\/{rel}","templated":true}]}}