{"id":78837,"date":"2024-12-10T09:30:05","date_gmt":"2024-12-10T07:30:05","guid":{"rendered":"https:\/\/minorpostcards.fi\/?post_type=product&#038;p=78837"},"modified":"2025-12-12T07:10:35","modified_gmt":"2025-12-12T05:10:35","slug":"jooga-kissat-ja-koirat-tarra-arkki","status":"publish","type":"product","link":"https:\/\/minorpostcards.fi\/fi\/tuote\/tarrat\/jooga-kissat-ja-koirat-tarra-arkki\/","title":{"rendered":"Jooga kissat ja koirat tarra-arkki"},"content":{"rendered":"<p>Jooga on monimuotoista mutta yleens\u00e4 siihen kuuluu erilaiset asennot (eli asanat) ja meditaatio. Kissat n\u00e4ytt\u00e4v\u00e4t meditoivan, kun taas koirat tekev\u00e4t fyysist\u00e4 harjoitusta. Ylemm\u00e4n koiran asana voisi kai olla kissa (Bitilasana \/ Marjaryasana) ja alemman tietysti alasp\u00e4in katsova koira (Adho mukha svanasana).<\/p>\n<p>Tarramateriaali on kiilt\u00e4v\u00e4pintainen ja muotoonleikattujen tarrojen koko sopii t\u00e4ydellisesti korttien ja kirjekuorien koristeluun! N\u00e4m\u00e4 tarrakuvat on tehty MidJourney AI -ohjelmalla, ja ne on tehnyt Minna Minor Postcardsilta.<\/p>\n<p>Arkin koko on 9,5 cm x 12,5 cm ja siin\u00e4 on 12 tarraa.<\/p>\n","protected":false},"excerpt":{"rendered":"<p>Tarra-arkki.<\/p>\n","protected":false},"featured_media":78842,"template":"","meta":[],"product_brand":[],"product_cat":[173],"product_tag":[132,305,245],"class_list":{"0":"post-78837","1":"product","2":"type-product","3":"status-publish","4":"has-post-thumbnail","6":"product_cat-tarrat","7":"product_tag-elaimet","8":"product_tag-sekalaiset","9":"product_tag-tarrat","10":"product_shipping_class-cards","12":"first","13":"instock","14":"taxable","15":"shipping-taxable","16":"purchasable","17":"product-type-simple"},"_links":{"self":[{"href":"https:\/\/minorpostcards.fi\/fi\/wp-json\/wp\/v2\/product\/78837","targetHints":{"allow":["GET"]}}],"collection":[{"href":"https:\/\/minorpostcards.fi\/fi\/wp-json\/wp\/v2\/product"}],"about":[{"href":"https:\/\/minorpostcards.fi\/fi\/wp-json\/wp\/v2\/types\/product"}],"wp:featuredmedia":[{"embeddable":true,"href":"https:\/\/minorpostcards.fi\/fi\/wp-json\/wp\/v2\/media\/78842"}],"wp:attachment":[{"href":"https:\/\/minorpostcards.fi\/fi\/wp-json\/wp\/v2\/media?parent=78837"}],"wp:term":[{"taxonomy":"product_brand","embeddable":true,"href":"https:\/\/minorpostcards.fi\/fi\/wp-json\/wp\/v2\/product_brand?post=78837"},{"taxonomy":"product_cat","embeddable":true,"href":"https:\/\/minorpostcards.fi\/fi\/wp-json\/wp\/v2\/product_cat?post=78837"},{"taxonomy":"product_tag","embeddable":true,"href":"https:\/\/minorpostcards.fi\/fi\/wp-json\/wp\/v2\/product_tag?post=78837"}],"curies":[{"name":"wp","href":"https:\/\/api.w.org\/{rel}","templated":true}]}}