{"id":78851,"date":"2024-12-10T12:03:19","date_gmt":"2024-12-10T10:03:20","guid":{"rendered":"https:\/\/minorpostcards.fi\/?post_type=product&#038;p=78851"},"modified":"2026-03-26T22:43:08","modified_gmt":"2026-03-26T20:43:08","slug":"jooga-puu-tarra-arkki","status":"publish","type":"product","link":"https:\/\/minorpostcards.fi\/fi\/tuote\/tarrat\/jooga-puu-tarra-arkki\/","title":{"rendered":"Jooga puu tarra-arkki"},"content":{"rendered":"<p>Jooga on monimuotoista mutta yleens\u00e4 siihen kuuluu erilaiset asennot (eli asanat) ja meditaatio. T\u00e4ll\u00e4 arkilla meditoidaan lootusasennossa k\u00e4det kohotettuna tervehdys-\/rukous asentoon (Padmasana Anjali Mudra) ja kukkaniityll\u00e4 tehd\u00e4\u00e4n puu-asana (Vrikshasana).<\/p>\n<p>Tarramateriaali on kiilt\u00e4v\u00e4pintainen ja muotoonleikattujen tarrojen koko sopii t\u00e4ydellisesti korttien ja kirjekuorien koristeluun! N\u00e4m\u00e4 tarrakuvat on tehty MidJourney AI -ohjelmalla, ja ne on tehnyt Minna Minor Postcardsilta.<\/p>\n<p>Arkin koko on 9,5 cm x 12,5 cm ja siin\u00e4 on 12 tarraa.<\/p>\n","protected":false},"excerpt":{"rendered":"<p>Tarra-arkki.<\/p>\n","protected":false},"featured_media":78848,"template":"","meta":[],"product_brand":[],"product_cat":[173],"product_tag":[305,245],"class_list":{"0":"post-78851","1":"product","2":"type-product","3":"status-publish","4":"has-post-thumbnail","6":"product_cat-tarrat","7":"product_tag-sekalaiset","8":"product_tag-tarrat","9":"product_shipping_class-cards","11":"first","12":"instock","13":"taxable","14":"shipping-taxable","15":"purchasable","16":"product-type-simple"},"_links":{"self":[{"href":"https:\/\/minorpostcards.fi\/fi\/wp-json\/wp\/v2\/product\/78851","targetHints":{"allow":["GET"]}}],"collection":[{"href":"https:\/\/minorpostcards.fi\/fi\/wp-json\/wp\/v2\/product"}],"about":[{"href":"https:\/\/minorpostcards.fi\/fi\/wp-json\/wp\/v2\/types\/product"}],"wp:featuredmedia":[{"embeddable":true,"href":"https:\/\/minorpostcards.fi\/fi\/wp-json\/wp\/v2\/media\/78848"}],"wp:attachment":[{"href":"https:\/\/minorpostcards.fi\/fi\/wp-json\/wp\/v2\/media?parent=78851"}],"wp:term":[{"taxonomy":"product_brand","embeddable":true,"href":"https:\/\/minorpostcards.fi\/fi\/wp-json\/wp\/v2\/product_brand?post=78851"},{"taxonomy":"product_cat","embeddable":true,"href":"https:\/\/minorpostcards.fi\/fi\/wp-json\/wp\/v2\/product_cat?post=78851"},{"taxonomy":"product_tag","embeddable":true,"href":"https:\/\/minorpostcards.fi\/fi\/wp-json\/wp\/v2\/product_tag?post=78851"}],"curies":[{"name":"wp","href":"https:\/\/api.w.org\/{rel}","templated":true}]}}