{"id":79039,"date":"2024-12-31T11:02:25","date_gmt":"2024-12-31T09:02:26","guid":{"rendered":"https:\/\/minorpostcards.fi\/?post_type=product&#038;p=79039"},"modified":"2025-10-16T22:37:04","modified_gmt":"2025-10-16T19:37:04","slug":"mikkelin-naisvuori-kartalla","status":"publish","type":"product","link":"https:\/\/minorpostcards.fi\/fi\/tuote\/kortit\/mikkelin-naisvuori-kartalla\/","title":{"rendered":"Mikkelin Naisvuori kartalla"},"content":{"rendered":"<p>Paikkakuntakorteista tulee usein toiveita, ja niit\u00e4 onkin tulossa pikkuhiljaa Minorin valikoimaan.<\/p>\n<p>T\u00e4ss\u00e4 on vuorossa kotikaupunkini Mikkeli, ja yksi sen kaupunkikuvan maamerkeist\u00e4 eli Naisvuoren vesitorni. Torni\u00a0 rakennettiin kaupungin korkeimmalle kohdalle Naisvuoren m\u00e4en huipulle vuonna 1912.\u00a0 Se on Suomen toiseksi vanhin varsinainen vesitorni ja vanhin olemassaoleva \u2013 joskin se on ollut pelk\u00e4st\u00e4\u00e4n n\u00e4k\u00f6tornina vuodesta 1953 l\u00e4htien. Tornissa toimii kes\u00e4aikaan kahvila, ja sen l\u00e4hist\u00f6ll\u00e4 on my\u00f6s kes\u00e4teatteri. Naisvuoren sis\u00e4ll\u00e4 olevissa luolastoissa on Viestikeskus Lokin museotilat (toistaiseksi suljettu), Maakunta-arkiston ja teleoperaattoreiden tiloja.\u00a0 V\u00e4est\u00f6nsuojia ja Naisvuoren uimahalli on my\u00f6s rakennettu kallion sis\u00e4lle.<\/p>\n<p>Vesitorni peruskorjattiin vuonna 2022. Silloin uusittiin pilareiden suojabetoni ja kupoliosan pintarappaus sek\u00e4 kunnostettiin ter\u00e4speltikatto.<\/p>\n","protected":false},"excerpt":{"rendered":"<p>Postikortti.<\/p>\n","protected":false},"featured_media":79079,"template":"","meta":[],"product_brand":[],"product_cat":[19],"product_tag":[149,332,115],"class_list":{"0":"post-79039","1":"product","2":"type-product","3":"status-publish","4":"has-post-thumbnail","6":"product_cat-kortit","7":"product_tag-kesa","8":"product_tag-suomalaiset-paikat-ja-alueet","9":"product_tag-suomi","10":"product_shipping_class-cards","12":"first","13":"instock","14":"taxable","15":"shipping-taxable","16":"purchasable","17":"product-type-simple"},"_links":{"self":[{"href":"https:\/\/minorpostcards.fi\/fi\/wp-json\/wp\/v2\/product\/79039","targetHints":{"allow":["GET"]}}],"collection":[{"href":"https:\/\/minorpostcards.fi\/fi\/wp-json\/wp\/v2\/product"}],"about":[{"href":"https:\/\/minorpostcards.fi\/fi\/wp-json\/wp\/v2\/types\/product"}],"wp:featuredmedia":[{"embeddable":true,"href":"https:\/\/minorpostcards.fi\/fi\/wp-json\/wp\/v2\/media\/79079"}],"wp:attachment":[{"href":"https:\/\/minorpostcards.fi\/fi\/wp-json\/wp\/v2\/media?parent=79039"}],"wp:term":[{"taxonomy":"product_brand","embeddable":true,"href":"https:\/\/minorpostcards.fi\/fi\/wp-json\/wp\/v2\/product_brand?post=79039"},{"taxonomy":"product_cat","embeddable":true,"href":"https:\/\/minorpostcards.fi\/fi\/wp-json\/wp\/v2\/product_cat?post=79039"},{"taxonomy":"product_tag","embeddable":true,"href":"https:\/\/minorpostcards.fi\/fi\/wp-json\/wp\/v2\/product_tag?post=79039"}],"curies":[{"name":"wp","href":"https:\/\/api.w.org\/{rel}","templated":true}]}}