{"id":79059,"date":"2024-12-31T11:21:26","date_gmt":"2024-12-31T09:21:27","guid":{"rendered":"https:\/\/minorpostcards.fi\/?post_type=product&#038;p=79059"},"modified":"2026-02-03T22:53:02","modified_gmt":"2026-02-03T20:53:02","slug":"nuuksion-kansallispuisto-mustalampi","status":"publish","type":"product","link":"https:\/\/minorpostcards.fi\/fi\/tuote\/kortit\/nuuksion-kansallispuisto-mustalampi\/","title":{"rendered":"Nuuksion kansallispuisto Mustalampi"},"content":{"rendered":"<p>Vuonna 1994 perustettu Nuuksion kansallispuisto on Espoon, Kirkkonummen ja Vihdin alueella oleva kansallispuisto. Alue on vaikeakulkuista ja aikoinaan viljelykseen sopimatonta maastoa ja siksi l\u00e4hes asumaton vaikka sijaitsee vain n. 30 km Helsingist\u00e4. Kansallispuiston suo-, kallio- ja j\u00e4rvialueilla esiintyy lukuisia uhanalaisia tai silm\u00e4ll\u00e4pidett\u00e4vi\u00e4 el\u00e4in-, kasvi- ja sienilajeja kuten esim. kansallispuiston tunnusel\u00e4in liito-orava. Alueella on useita vaellusreittej\u00e4, vapaasti k\u00e4ytett\u00e4vi\u00e4 maksuttomia nuotio- ja leirint\u00e4paikkoja sek\u00e4 n\u00e4iden lis\u00e4ksi maksullisia retkeilij\u00f6iden palveluja. Nuuksioon p\u00e4\u00e4see helposti Helsingist\u00e4 julkisilla liikenneyhteyksill\u00e4.<\/p>\n<p>Nuuksion Mustalampi on pienehk\u00f6 patoamalla alkunsa saanut mets\u00e4n ymp\u00e4r\u00f6im\u00e4 tekoj\u00e4rvi. T\u00e4ss\u00e4 korttikuvassa n\u00e4kyy hyvin j\u00e4rven erikoisuus: kelluvat turvelautat. Turvelautat irtosivat maanpinnasta veden noustessa j\u00e4rven syntyess\u00e4 ja ovat siit\u00e4 l\u00e4htien ajelehtineet j\u00e4rven pinnalla paikasta toiseen. Minor Postcardsin Minna on ottanut korttikuvan Mustalammen id\u00e4npuoleisen tulipaikan rannalla kes\u00e4ll\u00e4 2024.<\/p>\n","protected":false},"excerpt":{"rendered":"<p>Postikortti.<\/p>\n","protected":false},"featured_media":79094,"template":"","meta":[],"product_brand":[],"product_cat":[19],"product_tag":[333,149,332,115],"class_list":{"0":"post-79059","1":"product","2":"type-product","3":"status-publish","4":"has-post-thumbnail","6":"product_cat-kortit","7":"product_tag-kansallispuistot","8":"product_tag-kesa","9":"product_tag-suomalaiset-paikat-ja-alueet","10":"product_tag-suomi","11":"product_shipping_class-cards","13":"first","14":"instock","15":"taxable","16":"shipping-taxable","17":"purchasable","18":"product-type-simple"},"_links":{"self":[{"href":"https:\/\/minorpostcards.fi\/fi\/wp-json\/wp\/v2\/product\/79059","targetHints":{"allow":["GET"]}}],"collection":[{"href":"https:\/\/minorpostcards.fi\/fi\/wp-json\/wp\/v2\/product"}],"about":[{"href":"https:\/\/minorpostcards.fi\/fi\/wp-json\/wp\/v2\/types\/product"}],"wp:featuredmedia":[{"embeddable":true,"href":"https:\/\/minorpostcards.fi\/fi\/wp-json\/wp\/v2\/media\/79094"}],"wp:attachment":[{"href":"https:\/\/minorpostcards.fi\/fi\/wp-json\/wp\/v2\/media?parent=79059"}],"wp:term":[{"taxonomy":"product_brand","embeddable":true,"href":"https:\/\/minorpostcards.fi\/fi\/wp-json\/wp\/v2\/product_brand?post=79059"},{"taxonomy":"product_cat","embeddable":true,"href":"https:\/\/minorpostcards.fi\/fi\/wp-json\/wp\/v2\/product_cat?post=79059"},{"taxonomy":"product_tag","embeddable":true,"href":"https:\/\/minorpostcards.fi\/fi\/wp-json\/wp\/v2\/product_tag?post=79059"}],"curies":[{"name":"wp","href":"https:\/\/api.w.org\/{rel}","templated":true}]}}